{"id":724,"date":"2017-05-12T13:08:42","date_gmt":"2017-05-12T11:08:42","guid":{"rendered":"https:\/\/www.notio.es\/construccion-sostenible\/?lang=en"},"modified":"2024-02-22T15:19:52","modified_gmt":"2024-02-22T14:19:52","slug":"sustainable-construction","status":"publish","type":"page","link":"https:\/\/www.notio.es\/en\/sustainable-construction\/","title":{"rendered":"Sustainable construction"},"content":{"rendered":"<div class=\"fusion-fullwidth fullwidth-box fusion-builder-row-1 nonhundred-percent-fullwidth non-hundred-percent-height-scrolling\" style=\"--awb-border-radius-top-left:0px;--awb-border-radius-top-right:0px;--awb-border-radius-bottom-right:0px;--awb-border-radius-bottom-left:0px;--awb-flex-wrap:wrap;\" ><div class=\"fusion-builder-row fusion-row\"><div class=\"fusion-layout-column fusion_builder_column fusion-builder-column-0 fusion_builder_column_2_3 2_3 fusion-two-third fusion-column-first\" style=\"--awb-bg-size:cover;--awb-margin-bottom:0px;width:65.3333%; margin-right: 4%;\"><div class=\"fusion-column-wrapper fusion-flex-column-wrapper-legacy\"><div class=\"fusion-text fusion-text-1\"><p><strong>SUSTAINABLE CONSTRUCTION<\/strong><\/p>\n<p>This work line covers all actions aimed at reduce the environmental impact of activities related to the construction sector, also considering the economic and social aspects, and covering the complete life cycle of the building, from the optimization of production processes to the reduction of energy consumption and raw materials, to the valorization of construction and demolition waste to incorporate them back into the life cycle of the building.<\/p>\n<p>The work carried out in this line focuses on improving the energy efficiency of buildings, sustainable rehabilitation, improving the acoustic insulation of buildings and construction systems, developing innovative building solutions, and the environmental efficiency of building processes and the recovery of construction waste and other industries as raw material for the manufacture of optimized construction materials.<\/p>\n<\/div><div class=\"fusion-clearfix\"><\/div><\/div><\/div><div class=\"fusion-layout-column fusion_builder_column fusion-builder-column-1 fusion_builder_column_1_3 1_3 fusion-one-third fusion-column-last\" style=\"--awb-bg-size:cover;--awb-margin-bottom:0px;width:30.6666%;\"><div class=\"fusion-column-wrapper fusion-flex-column-wrapper-legacy\"><div class=\"fusion-image-carousel fusion-image-carousel-auto fusion-image-carousel-1 lightbox-enabled fusion-carousel-border\"><div class=\"awb-carousel awb-swiper awb-swiper-carousel awb-carousel--carousel awb-swiper-dots-position-bottom\" data-layout=\"carousel\" data-autoplay=\"yes\" data-autoplayspeed=\"2500\" data-autoplaypause=\"no\" data-columns=\"1\" data-columnsmedium=\"1\" data-columnssmall=\"1\" data-itemmargin=\"13\" data-itemwidth=\"180\" data-touchscroll=\"no\" data-freemode=\"no\" data-imagesize=\"auto\" data-scrollitems=\"0\" data-centeredslides=\"no\" data-rotationangle=\"50\" data-depth=\"100\" data-speed=\"500\" data-shadow=\"no\" data-pagination=\"bullets\" style=\"--awb-columns:1;--awb-border-width:1px;--awb-border-color:#e9eaee;\"><div class=\"swiper-wrapper awb-image-carousel-wrapper fusion-flex-align-items-center\"><div class=\"swiper-slide\"><div class=\"fusion-carousel-item-wrapper\"><div class=\"fusion-image-wrapper hover-type-zoomin\"><a data-rel=\"iLightbox[image_carousel_1]\" data-caption=\"Construcci\u00f3n sostenible CTAC\" data-title=\"Construcci\u00f3n sostenible CTAC\" aria-label=\"Construcci\u00f3n sostenible CTAC\" href=\"https:\/\/www.notio.es\/wp-content\/uploads\/2018\/10\/construccionsostenible-300x225.jpg\" target=\"_self\"><img decoding=\"async\" width=\"520\" height=\"390\" src=\"https:\/\/www.notio.es\/wp-content\/uploads\/2018\/10\/construccionsostenible.jpg\" class=\"attachment-full size-full\" alt=\"\" srcset=\"https:\/\/www.notio.es\/wp-content\/uploads\/2018\/10\/construccionsostenible-200x150.jpg 200w, https:\/\/www.notio.es\/wp-content\/uploads\/2018\/10\/construccionsostenible-300x225.jpg 300w, https:\/\/www.notio.es\/wp-content\/uploads\/2018\/10\/construccionsostenible-400x300.jpg 400w, https:\/\/www.notio.es\/wp-content\/uploads\/2018\/10\/construccionsostenible.jpg 520w\" sizes=\"(max-width: 520px) 100vw, 520px\" \/><\/a><\/div><\/div><\/div><div class=\"swiper-slide\"><div class=\"fusion-carousel-item-wrapper\"><div class=\"fusion-image-wrapper hover-type-zoomin\"><a data-rel=\"iLightbox[image_carousel_1]\" data-caption=\"servicios NOTIO CTAC\" data-title=\"servicios NOTIO CTAC\" aria-label=\"servicios NOTIO CTAC\" href=\"https:\/\/www.notio.es\/wp-content\/uploads\/2017\/02\/servicios-8-215x300.jpg\" target=\"_self\"><img decoding=\"async\" width=\"280\" height=\"390\" src=\"https:\/\/www.notio.es\/wp-content\/uploads\/2017\/02\/servicios-8.jpg\" class=\"attachment-full size-full\" alt=\"\" srcset=\"https:\/\/www.notio.es\/wp-content\/uploads\/2017\/02\/servicios-8-215x300.jpg 215w, https:\/\/www.notio.es\/wp-content\/uploads\/2017\/02\/servicios-8.jpg 280w\" sizes=\"(max-width: 280px) 100vw, 280px\" \/><\/a><\/div><\/div><\/div><div class=\"swiper-slide\"><div class=\"fusion-carousel-item-wrapper\"><div class=\"fusion-image-wrapper hover-type-zoomin\"><a data-rel=\"iLightbox[image_carousel_1]\" data-caption=\"Construcci\u00f3n sostenible NOTIO\" data-title=\"Construcci\u00f3n sostenible NOTIO\" aria-label=\"Construcci\u00f3n sostenible NOTIO\" href=\"https:\/\/www.notio.es\/wp-content\/uploads\/2018\/10\/construccionsostenible2-300x225.jpg\" target=\"_self\"><img decoding=\"async\" width=\"520\" height=\"390\" src=\"https:\/\/www.notio.es\/wp-content\/uploads\/2018\/10\/construccionsostenible2.jpg\" class=\"attachment-full size-full\" alt=\"\" srcset=\"https:\/\/www.notio.es\/wp-content\/uploads\/2018\/10\/construccionsostenible2-200x150.jpg 200w, https:\/\/www.notio.es\/wp-content\/uploads\/2018\/10\/construccionsostenible2-300x225.jpg 300w, https:\/\/www.notio.es\/wp-content\/uploads\/2018\/10\/construccionsostenible2-400x300.jpg 400w, https:\/\/www.notio.es\/wp-content\/uploads\/2018\/10\/construccionsostenible2.jpg 520w\" sizes=\"(max-width: 520px) 100vw, 520px\" \/><\/a><\/div><\/div><\/div><\/div><div class=\"awb-swiper-button awb-swiper-button-prev\"><i class=\"awb-icon-angle-left\" aria-hidden=\"true\"><\/i><\/div><div class=\"awb-swiper-button awb-swiper-button-next\"><i class=\"awb-icon-angle-right\" aria-hidden=\"true\"><\/i><\/div><\/div><\/div><div class=\"fusion-clearfix\"><\/div><\/div><\/div><\/div><\/div>\n","protected":false},"excerpt":{"rendered":"","protected":false},"author":1,"featured_media":0,"parent":0,"menu_order":0,"comment_status":"closed","ping_status":"closed","template":"","meta":{"_joinchat":[],"footnotes":""},"class_list":["post-724","page","type-page","status-publish","hentry"],"yoast_head":"<!-- This site is optimized with the Yoast SEO plugin v26.4 - https:\/\/yoast.com\/wordpress\/plugins\/seo\/ -->\n<title>Sustainable construction<\/title>\n<meta name=\"description\" content=\"SUSTAINABLE CONSTRUCTION This work line covers all actions aimed at reduce the environmental impact of activities related to the construction sector\" \/>\n<meta name=\"robots\" content=\"index, follow, max-snippet:-1, max-image-preview:large, max-video-preview:-1\" \/>\n<link rel=\"canonical\" href=\"https:\/\/www.notio.es\/en\/sustainable-construction\/\" \/>\n<meta property=\"og:locale\" content=\"en_US\" \/>\n<meta property=\"og:type\" content=\"article\" \/>\n<meta property=\"og:title\" content=\"Sustainable construction\" \/>\n<meta property=\"og:description\" content=\"SUSTAINABLE CONSTRUCTION This work line covers all actions aimed at reduce the environmental impact of activities related to the construction sector\" \/>\n<meta property=\"og:url\" content=\"https:\/\/www.notio.es\/en\/sustainable-construction\/\" \/>\n<meta property=\"og:site_name\" content=\"Laboratorio materiales de construcci\u00f3n, Servicios, I+D, CTAC, Asociaci\u00f3n Notio\" \/>\n<meta property=\"article:publisher\" content=\"https:\/\/www.facebook.com\/www.notio.es\" \/>\n<meta property=\"article:modified_time\" content=\"2024-02-22T14:19:52+00:00\" \/>\n<meta name=\"twitter:card\" content=\"summary_large_image\" \/>\n<meta name=\"twitter:site\" content=\"@NOTIO2016\" \/>\n<meta name=\"twitter:label1\" content=\"Est. reading time\" \/>\n\t<meta name=\"twitter:data1\" content=\"2 minutes\" \/>\n<script type=\"application\/ld+json\" class=\"yoast-schema-graph\">{\"@context\":\"https:\/\/schema.org\",\"@graph\":[{\"@type\":\"WebPage\",\"@id\":\"https:\/\/www.notio.es\/en\/sustainable-construction\/\",\"url\":\"https:\/\/www.notio.es\/en\/sustainable-construction\/\",\"name\":\"Sustainable construction\",\"isPartOf\":{\"@id\":\"https:\/\/www.notio.es\/#website\"},\"datePublished\":\"2017-05-12T11:08:42+00:00\",\"dateModified\":\"2024-02-22T14:19:52+00:00\",\"description\":\"SUSTAINABLE CONSTRUCTION This work line covers all actions aimed at reduce the environmental impact of activities related to the construction sector\",\"inLanguage\":\"en-US\",\"potentialAction\":[{\"@type\":\"ReadAction\",\"target\":[\"https:\/\/www.notio.es\/en\/sustainable-construction\/\"]}]},{\"@type\":\"WebSite\",\"@id\":\"https:\/\/www.notio.es\/#website\",\"url\":\"https:\/\/www.notio.es\/\",\"name\":\"Laboratorio materiales de construcci\u00f3n, Servicios, I+D, CTAC, Asociaci\u00f3n Notio\",\"description\":\"Asociaci\u00f3n NOTIO - Centro Tecnol\u00f3gico de Actividades de la Construcci\u00f3n (CTAC). Laboratorio materiales de construcci\u00f3n, Servicios, I+D\",\"publisher\":{\"@id\":\"https:\/\/www.notio.es\/#organization\"},\"potentialAction\":[{\"@type\":\"SearchAction\",\"target\":{\"@type\":\"EntryPoint\",\"urlTemplate\":\"https:\/\/www.notio.es\/?s={search_term_string}\"},\"query-input\":{\"@type\":\"PropertyValueSpecification\",\"valueRequired\":true,\"valueName\":\"search_term_string\"}}],\"inLanguage\":\"en-US\"},{\"@type\":\"Organization\",\"@id\":\"https:\/\/www.notio.es\/#organization\",\"name\":\"Laboratorio materiales de construcci\u00f3n, Servicios, I+D, CTAC, Asociaci\u00f3n Notio\",\"url\":\"https:\/\/www.notio.es\/\",\"logo\":{\"@type\":\"ImageObject\",\"inLanguage\":\"en-US\",\"@id\":\"https:\/\/www.notio.es\/#\/schema\/logo\/image\/\",\"url\":\"https:\/\/www.notio.es\/wp-content\/uploads\/2015\/02\/Logo-Notio2.jpg\",\"contentUrl\":\"https:\/\/www.notio.es\/wp-content\/uploads\/2015\/02\/Logo-Notio2.jpg\",\"width\":1920,\"height\":1357,\"caption\":\"Laboratorio materiales de construcci\u00f3n, Servicios, I+D, CTAC, Asociaci\u00f3n Notio\"},\"image\":{\"@id\":\"https:\/\/www.notio.es\/#\/schema\/logo\/image\/\"},\"sameAs\":[\"https:\/\/www.facebook.com\/www.notio.es\",\"https:\/\/x.com\/NOTIO2016\"]}]}<\/script>\n<!-- \/ Yoast SEO plugin. -->","yoast_head_json":{"title":"Sustainable construction","description":"SUSTAINABLE CONSTRUCTION This work line covers all actions aimed at reduce the environmental impact of activities related to the construction sector","robots":{"index":"index","follow":"follow","max-snippet":"max-snippet:-1","max-image-preview":"max-image-preview:large","max-video-preview":"max-video-preview:-1"},"canonical":"https:\/\/www.notio.es\/en\/sustainable-construction\/","og_locale":"en_US","og_type":"article","og_title":"Sustainable construction","og_description":"SUSTAINABLE CONSTRUCTION This work line covers all actions aimed at reduce the environmental impact of activities related to the construction sector","og_url":"https:\/\/www.notio.es\/en\/sustainable-construction\/","og_site_name":"Laboratorio materiales de construcci\u00f3n, Servicios, I+D, CTAC, Asociaci\u00f3n Notio","article_publisher":"https:\/\/www.facebook.com\/www.notio.es","article_modified_time":"2024-02-22T14:19:52+00:00","twitter_card":"summary_large_image","twitter_site":"@NOTIO2016","twitter_misc":{"Est. reading time":"2 minutes"},"schema":{"@context":"https:\/\/schema.org","@graph":[{"@type":"WebPage","@id":"https:\/\/www.notio.es\/en\/sustainable-construction\/","url":"https:\/\/www.notio.es\/en\/sustainable-construction\/","name":"Sustainable construction","isPartOf":{"@id":"https:\/\/www.notio.es\/#website"},"datePublished":"2017-05-12T11:08:42+00:00","dateModified":"2024-02-22T14:19:52+00:00","description":"SUSTAINABLE CONSTRUCTION This work line covers all actions aimed at reduce the environmental impact of activities related to the construction sector","inLanguage":"en-US","potentialAction":[{"@type":"ReadAction","target":["https:\/\/www.notio.es\/en\/sustainable-construction\/"]}]},{"@type":"WebSite","@id":"https:\/\/www.notio.es\/#website","url":"https:\/\/www.notio.es\/","name":"Laboratorio materiales de construcci\u00f3n, Servicios, I+D, CTAC, Asociaci\u00f3n Notio","description":"Asociaci\u00f3n NOTIO - Centro Tecnol\u00f3gico de Actividades de la Construcci\u00f3n (CTAC). Laboratorio materiales de construcci\u00f3n, Servicios, I+D","publisher":{"@id":"https:\/\/www.notio.es\/#organization"},"potentialAction":[{"@type":"SearchAction","target":{"@type":"EntryPoint","urlTemplate":"https:\/\/www.notio.es\/?s={search_term_string}"},"query-input":{"@type":"PropertyValueSpecification","valueRequired":true,"valueName":"search_term_string"}}],"inLanguage":"en-US"},{"@type":"Organization","@id":"https:\/\/www.notio.es\/#organization","name":"Laboratorio materiales de construcci\u00f3n, Servicios, I+D, CTAC, Asociaci\u00f3n Notio","url":"https:\/\/www.notio.es\/","logo":{"@type":"ImageObject","inLanguage":"en-US","@id":"https:\/\/www.notio.es\/#\/schema\/logo\/image\/","url":"https:\/\/www.notio.es\/wp-content\/uploads\/2015\/02\/Logo-Notio2.jpg","contentUrl":"https:\/\/www.notio.es\/wp-content\/uploads\/2015\/02\/Logo-Notio2.jpg","width":1920,"height":1357,"caption":"Laboratorio materiales de construcci\u00f3n, Servicios, I+D, CTAC, Asociaci\u00f3n Notio"},"image":{"@id":"https:\/\/www.notio.es\/#\/schema\/logo\/image\/"},"sameAs":["https:\/\/www.facebook.com\/www.notio.es","https:\/\/x.com\/NOTIO2016"]}]}},"_links":{"self":[{"href":"https:\/\/www.notio.es\/en\/wp-json\/wp\/v2\/pages\/724","targetHints":{"allow":["GET"]}}],"collection":[{"href":"https:\/\/www.notio.es\/en\/wp-json\/wp\/v2\/pages"}],"about":[{"href":"https:\/\/www.notio.es\/en\/wp-json\/wp\/v2\/types\/page"}],"author":[{"embeddable":true,"href":"https:\/\/www.notio.es\/en\/wp-json\/wp\/v2\/users\/1"}],"replies":[{"embeddable":true,"href":"https:\/\/www.notio.es\/en\/wp-json\/wp\/v2\/comments?post=724"}],"version-history":[{"count":4,"href":"https:\/\/www.notio.es\/en\/wp-json\/wp\/v2\/pages\/724\/revisions"}],"predecessor-version":[{"id":4360,"href":"https:\/\/www.notio.es\/en\/wp-json\/wp\/v2\/pages\/724\/revisions\/4360"}],"wp:attachment":[{"href":"https:\/\/www.notio.es\/en\/wp-json\/wp\/v2\/media?parent=724"}],"curies":[{"name":"wp","href":"https:\/\/api.w.org\/{rel}","templated":true}]}}