{"id":4888,"date":"2024-08-21T12:31:51","date_gmt":"2024-08-21T10:31:51","guid":{"rendered":"https:\/\/www.notio.es\/?page_id=4888"},"modified":"2024-08-21T12:34:23","modified_gmt":"2024-08-21T10:34:23","slug":"business-sustainability-in-the-construction-sector","status":"publish","type":"page","link":"https:\/\/www.notio.es\/en\/business-sustainability-in-the-construction-sector\/","title":{"rendered":"Business sustainability in the construction sector"},"content":{"rendered":"<p><strong>TRAINING ACTION: Business sustainability in the construction sector<\/strong><br \/>\n<strong>February 27-28, 2025<\/strong><\/p>\n<p>&nbsp;<\/p>\n<p>Business sustainability is applied to businesses so that, in addition to generating financial profitability, they create environmental, social and economic value in the medium and long term, thus contributing to the progress and well-being of the communities where they operate and of future generations.<\/p>\n<p>The growing regulation on sustainability is requiring companies in the construction and engineering sector to adapt to national and European requirements, making sustainable development a cornerstone of business in the industry so as not to be displaced from the market.<\/p>\n<p>The training action is focused on introducing staff from companies in the different subsectors of the construction industry in Castilla\u2013La Mancha to the main concepts of business sustainability, as well as the keys to the importance of sustainable development in companies and understanding how it can be applied and integrated into the company&#8217;s activity.<\/p>\n<p><strong>Modality:<\/strong><\/p>\n<p>Mixed: When registering, the student can choose to follow the classes in person or via streaming.<\/p>\n<p>The face-to-face training will be held at the NOTIO-CTAC facilities (Calle R\u00edo Cabriel s\/n \u2013 Toledo)<br \/>\nThe classes will be broadcast via streaming. The recording of the training sessions will be hosted in the virtual training classroom on the NOTIO website, so that registered students can access the recording at any time.<\/p>\n<p>The documentation of the training action will be hosted in the virtual classroom with exclusive access for the student. At the end of the training action, a 6-week period will open in which the student will be able to communicate directly with the teacher, in order to resolve any queries about the content of the course or regarding the direct application in their company of the knowledge acquired in the action.<\/p>\n<p><strong>Aimed at:<\/strong><\/p>\n<p>Sustainability is a transversal concept that includes all the agents in the value chain.<br \/>\nStaff and professionals with responsibility for the business and technical management of the company: management, technical department, quality, commercial, production or execution.<\/p>\n<p>&nbsp;<\/p>\n<p><strong>Preliminary program:<\/strong><\/p>\n<p>4.1 Business sustainability and SDGs<br \/>\n4.2 Key concepts<br \/>\n4.3 Benefits of business sustainability in the construction industry<br \/>\n4.4 Regulatory framework.<br \/>\n4.5 How to move towards a sustainable business model<br \/>\n4.6 Good governance. Indicators<br \/>\n4.7 Stakeholders and ESG<br \/>\n4.8 Implementation tools in the company<br \/>\n4.9 Roadmap for the Sustainability of the Construction Sector in Spain<br \/>\n4.10 Practical examples of business sustainability in the construction industry of Castilla \u2013 La Mancha<\/p>\n<p>&nbsp;<\/p>\n<p><strong>Details:<\/strong><\/p>\n<p>Dates: February 27-28, 2025<\/p>\n<p>Schedule: 9:00 &#8211; 14:30 h<\/p>\n<p>Duration: 11 hours<\/p>\n<p>&nbsp;<\/p>\n<h3>You can register by email: <a href=\"mailto:formacion@notio.es\" target=\"_blank\" rel=\"noopener\">formacion@notio.es<\/a><\/h3>\n<h3 style=\"text-align: center;\"><\/h3>\n<h3 style=\"text-align: center;\">NOTIO Association &#8211; Technological Centre for Construction Activities (CTAC)<\/h3>\n<h3 style=\"text-align: center;\">C\/ R\u00edo Cabriel, s\/n. 45007. Toledo<\/h3>\n<h3 style=\"text-align: center;\">Tel.: +34 925 24 11 62 \/ 630 96 87 86<\/h3>\n<h3 style=\"text-align: center;\"><a href=\"mailto:formacion@notio.es\" target=\"_blank\" rel=\"noopener\">formacion@notio.es<\/a><\/h3>\n<h3 style=\"text-align: center;\"><a href=\"https:\/\/www.notio\/formacion\" target=\"_blank\" rel=\"noopener\">www.notio\/formacion<\/a><\/h3>\n<p>&nbsp;<\/p>\n<p>The training activities, which are completely free of charge, are co-financed by the European Union and the Government of Castilla-La Mancha (European Regional Development Fund), through the Regional Agency for Research and Innovation (<a href=\"https:\/\/innocam.castillalamancha.es\/\" target=\"_blank\" rel=\"noopener\">INNOCAM<\/a>), within the call for Aid to Technological Centers.<\/p>\n<p><a href=\"https:\/\/www.notio.es\/wp-content\/uploads\/2024\/02\/07-Proyectos-ID-5.jpg\"><img decoding=\"async\" class=\"wp-image-4256 aligncenter\" src=\"https:\/\/www.notio.es\/wp-content\/uploads\/2024\/02\/07-Proyectos-ID-5-300x39.jpg\" alt=\"proyectos I+D\" width=\"854\" height=\"111\" srcset=\"https:\/\/www.notio.es\/wp-content\/uploads\/2024\/02\/07-Proyectos-ID-5-200x26.jpg 200w, https:\/\/www.notio.es\/wp-content\/uploads\/2024\/02\/07-Proyectos-ID-5-300x39.jpg 300w, https:\/\/www.notio.es\/wp-content\/uploads\/2024\/02\/07-Proyectos-ID-5-400x52.jpg 400w, https:\/\/www.notio.es\/wp-content\/uploads\/2024\/02\/07-Proyectos-ID-5-600x77.jpg 600w, https:\/\/www.notio.es\/wp-content\/uploads\/2024\/02\/07-Proyectos-ID-5-768x99.jpg 768w, https:\/\/www.notio.es\/wp-content\/uploads\/2024\/02\/07-Proyectos-ID-5-800x103.jpg 800w, https:\/\/www.notio.es\/wp-content\/uploads\/2024\/02\/07-Proyectos-ID-5-1024x132.jpg 1024w, https:\/\/www.notio.es\/wp-content\/uploads\/2024\/02\/07-Proyectos-ID-5-1200x155.jpg 1200w, https:\/\/www.notio.es\/wp-content\/uploads\/2024\/02\/07-Proyectos-ID-5-1536x198.jpg 1536w, https:\/\/www.notio.es\/wp-content\/uploads\/2024\/02\/07-Proyectos-ID-5.jpg 1551w\" sizes=\"(max-width: 854px) 100vw, 854px\" \/><\/a><\/p>\n","protected":false},"excerpt":{"rendered":"<p>TRAINING ACTION: Business sustainability in the construction sector February 27-28,  [&#8230;]<\/p>\n","protected":false},"author":2,"featured_media":5596,"parent":0,"menu_order":0,"comment_status":"closed","ping_status":"closed","template":"","meta":{"_joinchat":[],"footnotes":""},"class_list":["post-4888","page","type-page","status-publish","has-post-thumbnail","hentry"],"yoast_head":"<!-- This site is optimized with the Yoast SEO plugin v26.4 - https:\/\/yoast.com\/wordpress\/plugins\/seo\/ -->\n<title>Business sustainability in the construction sector<\/title>\n<meta name=\"description\" content=\"TRAINING ACTION: Business sustainability in the construction sector. NOTIO-CTAC, Toledo, February 27-28, 2025\" \/>\n<meta name=\"robots\" content=\"index, follow, max-snippet:-1, max-image-preview:large, max-video-preview:-1\" \/>\n<link rel=\"canonical\" href=\"https:\/\/www.notio.es\/en\/business-sustainability-in-the-construction-sector\/\" \/>\n<meta property=\"og:locale\" content=\"en_US\" \/>\n<meta property=\"og:type\" content=\"article\" \/>\n<meta property=\"og:title\" content=\"Business sustainability in the construction sector\" \/>\n<meta property=\"og:description\" content=\"TRAINING ACTION: Business sustainability in the construction sector. NOTIO-CTAC, Toledo, February 27-28, 2025\" \/>\n<meta property=\"og:url\" content=\"https:\/\/www.notio.es\/en\/business-sustainability-in-the-construction-sector\/\" \/>\n<meta property=\"og:site_name\" content=\"Laboratorio materiales de construcci\u00f3n, Servicios, I+D, CTAC, Asociaci\u00f3n Notio\" \/>\n<meta property=\"article:publisher\" content=\"https:\/\/www.facebook.com\/www.notio.es\" \/>\n<meta property=\"article:modified_time\" content=\"2024-08-21T10:34:23+00:00\" \/>\n<meta property=\"og:image\" content=\"https:\/\/www.notio.es\/wp-content\/uploads\/2024\/08\/CAPACITACION_C4_Sostenibilidad-empresarial2.jpg\" \/>\n\t<meta property=\"og:image:width\" content=\"804\" \/>\n\t<meta property=\"og:image:height\" content=\"709\" \/>\n\t<meta property=\"og:image:type\" content=\"image\/jpeg\" \/>\n<meta name=\"twitter:card\" content=\"summary_large_image\" \/>\n<meta name=\"twitter:site\" content=\"@NOTIO2016\" \/>\n<meta name=\"twitter:label1\" content=\"Est. reading time\" \/>\n\t<meta name=\"twitter:data1\" content=\"3 minutes\" \/>\n<script type=\"application\/ld+json\" class=\"yoast-schema-graph\">{\"@context\":\"https:\/\/schema.org\",\"@graph\":[{\"@type\":\"WebPage\",\"@id\":\"https:\/\/www.notio.es\/en\/business-sustainability-in-the-construction-sector\/\",\"url\":\"https:\/\/www.notio.es\/en\/business-sustainability-in-the-construction-sector\/\",\"name\":\"Business sustainability in the construction sector\",\"isPartOf\":{\"@id\":\"https:\/\/www.notio.es\/#website\"},\"primaryImageOfPage\":{\"@id\":\"https:\/\/www.notio.es\/en\/business-sustainability-in-the-construction-sector\/#primaryimage\"},\"image\":{\"@id\":\"https:\/\/www.notio.es\/en\/business-sustainability-in-the-construction-sector\/#primaryimage\"},\"thumbnailUrl\":\"https:\/\/www.notio.es\/wp-content\/uploads\/2025\/07\/CAPACITACION_C2_Sostenibilidad-empresarial.jpg\",\"datePublished\":\"2024-08-21T10:31:51+00:00\",\"dateModified\":\"2024-08-21T10:34:23+00:00\",\"description\":\"TRAINING ACTION: Business sustainability in the construction sector. NOTIO-CTAC, Toledo, February 27-28, 2025\",\"inLanguage\":\"en-US\",\"potentialAction\":[{\"@type\":\"ReadAction\",\"target\":[\"https:\/\/www.notio.es\/en\/business-sustainability-in-the-construction-sector\/\"]}]},{\"@type\":\"ImageObject\",\"inLanguage\":\"en-US\",\"@id\":\"https:\/\/www.notio.es\/en\/business-sustainability-in-the-construction-sector\/#primaryimage\",\"url\":\"https:\/\/www.notio.es\/wp-content\/uploads\/2025\/07\/CAPACITACION_C2_Sostenibilidad-empresarial.jpg\",\"contentUrl\":\"https:\/\/www.notio.es\/wp-content\/uploads\/2025\/07\/CAPACITACION_C2_Sostenibilidad-empresarial.jpg\",\"width\":702,\"height\":799,\"caption\":\"Capacitaci\u00f3n_Sostenibilidad empresarial en el sector de la construcci\u00f3n\"},{\"@type\":\"WebSite\",\"@id\":\"https:\/\/www.notio.es\/#website\",\"url\":\"https:\/\/www.notio.es\/\",\"name\":\"Laboratorio materiales de construcci\u00f3n, Servicios, I+D, CTAC, Asociaci\u00f3n Notio\",\"description\":\"Asociaci\u00f3n NOTIO - Centro Tecnol\u00f3gico de Actividades de la Construcci\u00f3n (CTAC). Laboratorio materiales de construcci\u00f3n, Servicios, I+D\",\"publisher\":{\"@id\":\"https:\/\/www.notio.es\/#organization\"},\"potentialAction\":[{\"@type\":\"SearchAction\",\"target\":{\"@type\":\"EntryPoint\",\"urlTemplate\":\"https:\/\/www.notio.es\/?s={search_term_string}\"},\"query-input\":{\"@type\":\"PropertyValueSpecification\",\"valueRequired\":true,\"valueName\":\"search_term_string\"}}],\"inLanguage\":\"en-US\"},{\"@type\":\"Organization\",\"@id\":\"https:\/\/www.notio.es\/#organization\",\"name\":\"Laboratorio materiales de construcci\u00f3n, Servicios, I+D, CTAC, Asociaci\u00f3n Notio\",\"url\":\"https:\/\/www.notio.es\/\",\"logo\":{\"@type\":\"ImageObject\",\"inLanguage\":\"en-US\",\"@id\":\"https:\/\/www.notio.es\/#\/schema\/logo\/image\/\",\"url\":\"https:\/\/www.notio.es\/wp-content\/uploads\/2015\/02\/Logo-Notio2.jpg\",\"contentUrl\":\"https:\/\/www.notio.es\/wp-content\/uploads\/2015\/02\/Logo-Notio2.jpg\",\"width\":1920,\"height\":1357,\"caption\":\"Laboratorio materiales de construcci\u00f3n, Servicios, I+D, CTAC, Asociaci\u00f3n Notio\"},\"image\":{\"@id\":\"https:\/\/www.notio.es\/#\/schema\/logo\/image\/\"},\"sameAs\":[\"https:\/\/www.facebook.com\/www.notio.es\",\"https:\/\/x.com\/NOTIO2016\"]}]}<\/script>\n<!-- \/ Yoast SEO plugin. -->","yoast_head_json":{"title":"Business sustainability in the construction sector","description":"TRAINING ACTION: Business sustainability in the construction sector. NOTIO-CTAC, Toledo, February 27-28, 2025","robots":{"index":"index","follow":"follow","max-snippet":"max-snippet:-1","max-image-preview":"max-image-preview:large","max-video-preview":"max-video-preview:-1"},"canonical":"https:\/\/www.notio.es\/en\/business-sustainability-in-the-construction-sector\/","og_locale":"en_US","og_type":"article","og_title":"Business sustainability in the construction sector","og_description":"TRAINING ACTION: Business sustainability in the construction sector. NOTIO-CTAC, Toledo, February 27-28, 2025","og_url":"https:\/\/www.notio.es\/en\/business-sustainability-in-the-construction-sector\/","og_site_name":"Laboratorio materiales de construcci\u00f3n, Servicios, I+D, CTAC, Asociaci\u00f3n Notio","article_publisher":"https:\/\/www.facebook.com\/www.notio.es","article_modified_time":"2024-08-21T10:34:23+00:00","og_image":[{"width":804,"height":709,"url":"https:\/\/www.notio.es\/wp-content\/uploads\/2024\/08\/CAPACITACION_C4_Sostenibilidad-empresarial2.jpg","type":"image\/jpeg"}],"twitter_card":"summary_large_image","twitter_site":"@NOTIO2016","twitter_misc":{"Est. reading time":"3 minutes"},"schema":{"@context":"https:\/\/schema.org","@graph":[{"@type":"WebPage","@id":"https:\/\/www.notio.es\/en\/business-sustainability-in-the-construction-sector\/","url":"https:\/\/www.notio.es\/en\/business-sustainability-in-the-construction-sector\/","name":"Business sustainability in the construction sector","isPartOf":{"@id":"https:\/\/www.notio.es\/#website"},"primaryImageOfPage":{"@id":"https:\/\/www.notio.es\/en\/business-sustainability-in-the-construction-sector\/#primaryimage"},"image":{"@id":"https:\/\/www.notio.es\/en\/business-sustainability-in-the-construction-sector\/#primaryimage"},"thumbnailUrl":"https:\/\/www.notio.es\/wp-content\/uploads\/2025\/07\/CAPACITACION_C2_Sostenibilidad-empresarial.jpg","datePublished":"2024-08-21T10:31:51+00:00","dateModified":"2024-08-21T10:34:23+00:00","description":"TRAINING ACTION: Business sustainability in the construction sector. NOTIO-CTAC, Toledo, February 27-28, 2025","inLanguage":"en-US","potentialAction":[{"@type":"ReadAction","target":["https:\/\/www.notio.es\/en\/business-sustainability-in-the-construction-sector\/"]}]},{"@type":"ImageObject","inLanguage":"en-US","@id":"https:\/\/www.notio.es\/en\/business-sustainability-in-the-construction-sector\/#primaryimage","url":"https:\/\/www.notio.es\/wp-content\/uploads\/2025\/07\/CAPACITACION_C2_Sostenibilidad-empresarial.jpg","contentUrl":"https:\/\/www.notio.es\/wp-content\/uploads\/2025\/07\/CAPACITACION_C2_Sostenibilidad-empresarial.jpg","width":702,"height":799,"caption":"Capacitaci\u00f3n_Sostenibilidad empresarial en el sector de la construcci\u00f3n"},{"@type":"WebSite","@id":"https:\/\/www.notio.es\/#website","url":"https:\/\/www.notio.es\/","name":"Laboratorio materiales de construcci\u00f3n, Servicios, I+D, CTAC, Asociaci\u00f3n Notio","description":"Asociaci\u00f3n NOTIO - Centro Tecnol\u00f3gico de Actividades de la Construcci\u00f3n (CTAC). Laboratorio materiales de construcci\u00f3n, Servicios, I+D","publisher":{"@id":"https:\/\/www.notio.es\/#organization"},"potentialAction":[{"@type":"SearchAction","target":{"@type":"EntryPoint","urlTemplate":"https:\/\/www.notio.es\/?s={search_term_string}"},"query-input":{"@type":"PropertyValueSpecification","valueRequired":true,"valueName":"search_term_string"}}],"inLanguage":"en-US"},{"@type":"Organization","@id":"https:\/\/www.notio.es\/#organization","name":"Laboratorio materiales de construcci\u00f3n, Servicios, I+D, CTAC, Asociaci\u00f3n Notio","url":"https:\/\/www.notio.es\/","logo":{"@type":"ImageObject","inLanguage":"en-US","@id":"https:\/\/www.notio.es\/#\/schema\/logo\/image\/","url":"https:\/\/www.notio.es\/wp-content\/uploads\/2015\/02\/Logo-Notio2.jpg","contentUrl":"https:\/\/www.notio.es\/wp-content\/uploads\/2015\/02\/Logo-Notio2.jpg","width":1920,"height":1357,"caption":"Laboratorio materiales de construcci\u00f3n, Servicios, I+D, CTAC, Asociaci\u00f3n Notio"},"image":{"@id":"https:\/\/www.notio.es\/#\/schema\/logo\/image\/"},"sameAs":["https:\/\/www.facebook.com\/www.notio.es","https:\/\/x.com\/NOTIO2016"]}]}},"_links":{"self":[{"href":"https:\/\/www.notio.es\/en\/wp-json\/wp\/v2\/pages\/4888","targetHints":{"allow":["GET"]}}],"collection":[{"href":"https:\/\/www.notio.es\/en\/wp-json\/wp\/v2\/pages"}],"about":[{"href":"https:\/\/www.notio.es\/en\/wp-json\/wp\/v2\/types\/page"}],"author":[{"embeddable":true,"href":"https:\/\/www.notio.es\/en\/wp-json\/wp\/v2\/users\/2"}],"replies":[{"embeddable":true,"href":"https:\/\/www.notio.es\/en\/wp-json\/wp\/v2\/comments?post=4888"}],"version-history":[{"count":4,"href":"https:\/\/www.notio.es\/en\/wp-json\/wp\/v2\/pages\/4888\/revisions"}],"predecessor-version":[{"id":4892,"href":"https:\/\/www.notio.es\/en\/wp-json\/wp\/v2\/pages\/4888\/revisions\/4892"}],"wp:featuredmedia":[{"embeddable":true,"href":"https:\/\/www.notio.es\/en\/wp-json\/wp\/v2\/media\/5596"}],"wp:attachment":[{"href":"https:\/\/www.notio.es\/en\/wp-json\/wp\/v2\/media?parent=4888"}],"curies":[{"name":"wp","href":"https:\/\/api.w.org\/{rel}","templated":true}]}}