{"id":4877,"date":"2024-08-21T12:21:54","date_gmt":"2024-08-21T10:21:54","guid":{"rendered":"https:\/\/www.notio.es\/?page_id=4877"},"modified":"2024-08-21T12:24:43","modified_gmt":"2024-08-21T10:24:43","slug":"product-carbon-footprint","status":"publish","type":"page","link":"https:\/\/www.notio.es\/en\/product-carbon-footprint\/","title":{"rendered":"Product carbon footprint"},"content":{"rendered":"<p><strong>TRAINING ACTION: Product carbon footprint<\/strong><br \/>\n<strong>October 21-22, 2024<\/strong><\/p>\n<p>&nbsp;<\/p>\n<p>The fight against climate change is the greatest challenge for society in the 21st century. Therefore, society in general, and companies in particular, are undergoing a revolution, a transformation towards a more sustainable, circular and low-carbon model.<\/p>\n<p>In this sense, for companies in the construction sector, having the Carbon Footprint of their Products has become a competitive advantage in national and international markets, since this information is being a differentiating element in specifications for the prescription and contracting of works, both public and private. On the other hand, the new Construction Products Regulation, which will soon be applied, gives special importance to construction products having this type of information.<\/p>\n<p>The development of the training action will provide students with the necessary elements to acquire the knowledge and skills to calculate the Carbon Footprint, in accordance with the UNE EN ISO 14067 standard, and to be able to move from theory to practice, helping to solve the difficulties that the technician faces, both in the calculation of the Carbon Footprint and in the interpretation of the information, as well as being able to identify opportunities for environmental efficiency throughout the product life cycle.<\/p>\n<p><strong>Modality:<\/strong><\/p>\n<p>Mixed: The student, when registering, can choose to follow the classes in person or via streaming.<\/p>\n<p>The face-to-face training will be carried out at the NOTIO-CTAC facilities (Calle R\u00edo Cabriel s\/n \u2013 Toledo)<br \/>\nThe classes will be broadcast via streaming. The recording of the training sessions will be hosted in the virtual training classroom on the NOTIO website, so that registered students can access the recording at any time.<\/p>\n<p>The training documentation will be hosted in the virtual classroom with exclusive access for the student. At the end of the training, a 6-week period will open in which the student will be able to communicate directly with the teacher, in order to resolve any queries regarding the course content or regarding the direct application in their company of the knowledge acquired in the action.<\/p>\n<p><strong>Aimed at:<\/strong><\/p>\n<p>Technical staff of companies and professionals who work in the design and manufacture of products (processing of raw materials, manufacturing, distribution, use phase and end-of-life treatment).<\/p>\n<p>Prescribers of the construction sector in Castilla\u2013La Mancha.<\/p>\n<p>&nbsp;<\/p>\n<p><strong>Preliminary program:<\/strong><\/p>\n<p>1.1 Introduction to Climate Change and Carbon Footprint<br \/>\n1.2 Product Carbon Footprint in the Construction industry<br \/>\nGeneral concepts and principles<br \/>\nMethodology for calculating the Product Carbon Footprint (UNE-EN ISO 14067:2019, PAS 2050:2011)<br \/>\nPreparation of the Product Carbon Footprint report<br \/>\n1.3 Communication of the Product Carbon Footprint<br \/>\n1.4 Verification of the Product Carbon Footprint<br \/>\n1.5 Product Carbon Footprint and Environmental Product Declarations<br \/>\n1.6 Product Carbon Footprint and the New Construction Products Regulation<br \/>\n1.7 Practical workshop. Specific cases of calculating the Product Carbon Footprint<\/p>\n<p>&nbsp;<\/p>\n<p><strong>Details:<\/strong><\/p>\n<p>Dates: October 21-22, 2024<\/p>\n<p>Schedule: 9:00 a.m. &#8211; 2:00 p.m.<\/p>\n<p>Duration: 10 hours<\/p>\n<p>&nbsp;<\/p>\n<h3>You can register by email: <a href=\"mailto:formacion@notio.es\" target=\"_blank\" rel=\"noopener\">formacion@notio.es<\/a><\/h3>\n<p>&nbsp;<\/p>\n<h3 style=\"text-align: center;\">NOTIO Association &#8211; Technological Centre for Construction Activities (CTAC)<\/h3>\n<h3 style=\"text-align: center;\">C\/ R\u00edo Cabriel, s\/n. 45007. Toledo<\/h3>\n<h3 style=\"text-align: center;\">Tel.: +34 925 24 11 62 \/ 630 96 87 86<\/h3>\n<h3 style=\"text-align: center;\"><a href=\"mailto:formacion@notio.es\" target=\"_blank\" rel=\"noopener\">formacion@notio.es<\/a><\/h3>\n<h3 style=\"text-align: center;\"><a href=\"https:\/\/www.notio\/formacion\" target=\"_blank\" rel=\"noopener\">www.notio\/formacion<\/a><\/h3>\n<p>&nbsp;<\/p>\n<p>The training activities, which are completely free of charge, are co-financed by the European Union and the Government of Castilla-La Mancha (European Regional Development Fund), through the Regional Agency for Research and Innovation (<a href=\"https:\/\/innocam.castillalamancha.es\/\" target=\"_blank\" rel=\"noopener\">INNOCAM<\/a>), within the call for Aid to Technological Centers.<\/p>\n<p><a href=\"https:\/\/www.notio.es\/wp-content\/uploads\/2024\/02\/07-Proyectos-ID-5.jpg\"><img decoding=\"async\" class=\"wp-image-4256 aligncenter\" src=\"https:\/\/www.notio.es\/wp-content\/uploads\/2024\/02\/07-Proyectos-ID-5-300x39.jpg\" alt=\"proyectos I+D\" width=\"854\" height=\"111\" srcset=\"https:\/\/www.notio.es\/wp-content\/uploads\/2024\/02\/07-Proyectos-ID-5-200x26.jpg 200w, https:\/\/www.notio.es\/wp-content\/uploads\/2024\/02\/07-Proyectos-ID-5-300x39.jpg 300w, https:\/\/www.notio.es\/wp-content\/uploads\/2024\/02\/07-Proyectos-ID-5-400x52.jpg 400w, https:\/\/www.notio.es\/wp-content\/uploads\/2024\/02\/07-Proyectos-ID-5-600x77.jpg 600w, https:\/\/www.notio.es\/wp-content\/uploads\/2024\/02\/07-Proyectos-ID-5-768x99.jpg 768w, https:\/\/www.notio.es\/wp-content\/uploads\/2024\/02\/07-Proyectos-ID-5-800x103.jpg 800w, https:\/\/www.notio.es\/wp-content\/uploads\/2024\/02\/07-Proyectos-ID-5-1024x132.jpg 1024w, https:\/\/www.notio.es\/wp-content\/uploads\/2024\/02\/07-Proyectos-ID-5-1200x155.jpg 1200w, https:\/\/www.notio.es\/wp-content\/uploads\/2024\/02\/07-Proyectos-ID-5-1536x198.jpg 1536w, https:\/\/www.notio.es\/wp-content\/uploads\/2024\/02\/07-Proyectos-ID-5.jpg 1551w\" sizes=\"(max-width: 854px) 100vw, 854px\" \/><\/a><\/p>\n","protected":false},"excerpt":{"rendered":"<p>TRAINING ACTION: Product carbon footprint October 21-22, 2024 &nbsp; The  [&#8230;]<\/p>\n","protected":false},"author":2,"featured_media":5191,"parent":0,"menu_order":0,"comment_status":"closed","ping_status":"closed","template":"","meta":{"_joinchat":[],"footnotes":""},"class_list":["post-4877","page","type-page","status-publish","has-post-thumbnail","hentry"],"yoast_head":"<!-- This site is optimized with the Yoast SEO plugin v26.4 - https:\/\/yoast.com\/wordpress\/plugins\/seo\/ -->\n<title>Product carbon footprint<\/title>\n<meta name=\"description\" content=\"TRAINING ACTION: Product carbon footprint. NOTIO-CTAC October 21-22, 2024\" \/>\n<meta name=\"robots\" content=\"index, follow, max-snippet:-1, max-image-preview:large, max-video-preview:-1\" \/>\n<link rel=\"canonical\" href=\"https:\/\/www.notio.es\/en\/product-carbon-footprint\/\" \/>\n<meta property=\"og:locale\" content=\"en_US\" \/>\n<meta property=\"og:type\" content=\"article\" \/>\n<meta property=\"og:title\" content=\"Product carbon footprint\" \/>\n<meta property=\"og:description\" content=\"TRAINING ACTION: Product carbon footprint. NOTIO-CTAC October 21-22, 2024\" \/>\n<meta property=\"og:url\" content=\"https:\/\/www.notio.es\/en\/product-carbon-footprint\/\" \/>\n<meta property=\"og:site_name\" content=\"Laboratorio materiales de construcci\u00f3n, Servicios, I+D, CTAC, Asociaci\u00f3n Notio\" \/>\n<meta property=\"article:publisher\" content=\"https:\/\/www.facebook.com\/www.notio.es\" \/>\n<meta property=\"article:modified_time\" content=\"2024-08-21T10:24:43+00:00\" \/>\n<meta property=\"og:image\" content=\"https:\/\/www.notio.es\/wp-content\/uploads\/2024\/08\/CAPACITACION_C1_Huella-de-Carbono-de-Producto2.jpg\" \/>\n\t<meta property=\"og:image:width\" content=\"888\" \/>\n\t<meta property=\"og:image:height\" content=\"787\" \/>\n\t<meta property=\"og:image:type\" content=\"image\/jpeg\" \/>\n<meta name=\"twitter:card\" content=\"summary_large_image\" \/>\n<meta name=\"twitter:site\" content=\"@NOTIO2016\" \/>\n<meta name=\"twitter:label1\" content=\"Est. reading time\" \/>\n\t<meta name=\"twitter:data1\" content=\"3 minutes\" \/>\n<script type=\"application\/ld+json\" class=\"yoast-schema-graph\">{\"@context\":\"https:\/\/schema.org\",\"@graph\":[{\"@type\":\"WebPage\",\"@id\":\"https:\/\/www.notio.es\/en\/product-carbon-footprint\/\",\"url\":\"https:\/\/www.notio.es\/en\/product-carbon-footprint\/\",\"name\":\"Product carbon footprint\",\"isPartOf\":{\"@id\":\"https:\/\/www.notio.es\/#website\"},\"primaryImageOfPage\":{\"@id\":\"https:\/\/www.notio.es\/en\/product-carbon-footprint\/#primaryimage\"},\"image\":{\"@id\":\"https:\/\/www.notio.es\/en\/product-carbon-footprint\/#primaryimage\"},\"thumbnailUrl\":\"https:\/\/www.notio.es\/wp-content\/uploads\/2024\/12\/CAPACITACION_C3_Huella-de-Carbono-de-Producto.jpg\",\"datePublished\":\"2024-08-21T10:21:54+00:00\",\"dateModified\":\"2024-08-21T10:24:43+00:00\",\"description\":\"TRAINING ACTION: Product carbon footprint. NOTIO-CTAC October 21-22, 2024\",\"inLanguage\":\"en-US\",\"potentialAction\":[{\"@type\":\"ReadAction\",\"target\":[\"https:\/\/www.notio.es\/en\/product-carbon-footprint\/\"]}]},{\"@type\":\"ImageObject\",\"inLanguage\":\"en-US\",\"@id\":\"https:\/\/www.notio.es\/en\/product-carbon-footprint\/#primaryimage\",\"url\":\"https:\/\/www.notio.es\/wp-content\/uploads\/2024\/12\/CAPACITACION_C3_Huella-de-Carbono-de-Producto.jpg\",\"contentUrl\":\"https:\/\/www.notio.es\/wp-content\/uploads\/2024\/12\/CAPACITACION_C3_Huella-de-Carbono-de-Producto.jpg\",\"width\":2470,\"height\":2470,\"caption\":\"CAPACITACI\u00d3N_C1 Huella de Carbono de Producto\"},{\"@type\":\"WebSite\",\"@id\":\"https:\/\/www.notio.es\/#website\",\"url\":\"https:\/\/www.notio.es\/\",\"name\":\"Laboratorio materiales de construcci\u00f3n, Servicios, I+D, CTAC, Asociaci\u00f3n Notio\",\"description\":\"Asociaci\u00f3n NOTIO - Centro Tecnol\u00f3gico de Actividades de la Construcci\u00f3n (CTAC). Laboratorio materiales de construcci\u00f3n, Servicios, I+D\",\"publisher\":{\"@id\":\"https:\/\/www.notio.es\/#organization\"},\"potentialAction\":[{\"@type\":\"SearchAction\",\"target\":{\"@type\":\"EntryPoint\",\"urlTemplate\":\"https:\/\/www.notio.es\/?s={search_term_string}\"},\"query-input\":{\"@type\":\"PropertyValueSpecification\",\"valueRequired\":true,\"valueName\":\"search_term_string\"}}],\"inLanguage\":\"en-US\"},{\"@type\":\"Organization\",\"@id\":\"https:\/\/www.notio.es\/#organization\",\"name\":\"Laboratorio materiales de construcci\u00f3n, Servicios, I+D, CTAC, Asociaci\u00f3n Notio\",\"url\":\"https:\/\/www.notio.es\/\",\"logo\":{\"@type\":\"ImageObject\",\"inLanguage\":\"en-US\",\"@id\":\"https:\/\/www.notio.es\/#\/schema\/logo\/image\/\",\"url\":\"https:\/\/www.notio.es\/wp-content\/uploads\/2015\/02\/Logo-Notio2.jpg\",\"contentUrl\":\"https:\/\/www.notio.es\/wp-content\/uploads\/2015\/02\/Logo-Notio2.jpg\",\"width\":1920,\"height\":1357,\"caption\":\"Laboratorio materiales de construcci\u00f3n, Servicios, I+D, CTAC, Asociaci\u00f3n Notio\"},\"image\":{\"@id\":\"https:\/\/www.notio.es\/#\/schema\/logo\/image\/\"},\"sameAs\":[\"https:\/\/www.facebook.com\/www.notio.es\",\"https:\/\/x.com\/NOTIO2016\"]}]}<\/script>\n<!-- \/ Yoast SEO plugin. -->","yoast_head_json":{"title":"Product carbon footprint","description":"TRAINING ACTION: Product carbon footprint. NOTIO-CTAC October 21-22, 2024","robots":{"index":"index","follow":"follow","max-snippet":"max-snippet:-1","max-image-preview":"max-image-preview:large","max-video-preview":"max-video-preview:-1"},"canonical":"https:\/\/www.notio.es\/en\/product-carbon-footprint\/","og_locale":"en_US","og_type":"article","og_title":"Product carbon footprint","og_description":"TRAINING ACTION: Product carbon footprint. NOTIO-CTAC October 21-22, 2024","og_url":"https:\/\/www.notio.es\/en\/product-carbon-footprint\/","og_site_name":"Laboratorio materiales de construcci\u00f3n, Servicios, I+D, CTAC, Asociaci\u00f3n Notio","article_publisher":"https:\/\/www.facebook.com\/www.notio.es","article_modified_time":"2024-08-21T10:24:43+00:00","og_image":[{"width":888,"height":787,"url":"https:\/\/www.notio.es\/wp-content\/uploads\/2024\/08\/CAPACITACION_C1_Huella-de-Carbono-de-Producto2.jpg","type":"image\/jpeg"}],"twitter_card":"summary_large_image","twitter_site":"@NOTIO2016","twitter_misc":{"Est. reading time":"3 minutes"},"schema":{"@context":"https:\/\/schema.org","@graph":[{"@type":"WebPage","@id":"https:\/\/www.notio.es\/en\/product-carbon-footprint\/","url":"https:\/\/www.notio.es\/en\/product-carbon-footprint\/","name":"Product carbon footprint","isPartOf":{"@id":"https:\/\/www.notio.es\/#website"},"primaryImageOfPage":{"@id":"https:\/\/www.notio.es\/en\/product-carbon-footprint\/#primaryimage"},"image":{"@id":"https:\/\/www.notio.es\/en\/product-carbon-footprint\/#primaryimage"},"thumbnailUrl":"https:\/\/www.notio.es\/wp-content\/uploads\/2024\/12\/CAPACITACION_C3_Huella-de-Carbono-de-Producto.jpg","datePublished":"2024-08-21T10:21:54+00:00","dateModified":"2024-08-21T10:24:43+00:00","description":"TRAINING ACTION: Product carbon footprint. NOTIO-CTAC October 21-22, 2024","inLanguage":"en-US","potentialAction":[{"@type":"ReadAction","target":["https:\/\/www.notio.es\/en\/product-carbon-footprint\/"]}]},{"@type":"ImageObject","inLanguage":"en-US","@id":"https:\/\/www.notio.es\/en\/product-carbon-footprint\/#primaryimage","url":"https:\/\/www.notio.es\/wp-content\/uploads\/2024\/12\/CAPACITACION_C3_Huella-de-Carbono-de-Producto.jpg","contentUrl":"https:\/\/www.notio.es\/wp-content\/uploads\/2024\/12\/CAPACITACION_C3_Huella-de-Carbono-de-Producto.jpg","width":2470,"height":2470,"caption":"CAPACITACI\u00d3N_C1 Huella de Carbono de Producto"},{"@type":"WebSite","@id":"https:\/\/www.notio.es\/#website","url":"https:\/\/www.notio.es\/","name":"Laboratorio materiales de construcci\u00f3n, Servicios, I+D, CTAC, Asociaci\u00f3n Notio","description":"Asociaci\u00f3n NOTIO - Centro Tecnol\u00f3gico de Actividades de la Construcci\u00f3n (CTAC). Laboratorio materiales de construcci\u00f3n, Servicios, I+D","publisher":{"@id":"https:\/\/www.notio.es\/#organization"},"potentialAction":[{"@type":"SearchAction","target":{"@type":"EntryPoint","urlTemplate":"https:\/\/www.notio.es\/?s={search_term_string}"},"query-input":{"@type":"PropertyValueSpecification","valueRequired":true,"valueName":"search_term_string"}}],"inLanguage":"en-US"},{"@type":"Organization","@id":"https:\/\/www.notio.es\/#organization","name":"Laboratorio materiales de construcci\u00f3n, Servicios, I+D, CTAC, Asociaci\u00f3n Notio","url":"https:\/\/www.notio.es\/","logo":{"@type":"ImageObject","inLanguage":"en-US","@id":"https:\/\/www.notio.es\/#\/schema\/logo\/image\/","url":"https:\/\/www.notio.es\/wp-content\/uploads\/2015\/02\/Logo-Notio2.jpg","contentUrl":"https:\/\/www.notio.es\/wp-content\/uploads\/2015\/02\/Logo-Notio2.jpg","width":1920,"height":1357,"caption":"Laboratorio materiales de construcci\u00f3n, Servicios, I+D, CTAC, Asociaci\u00f3n Notio"},"image":{"@id":"https:\/\/www.notio.es\/#\/schema\/logo\/image\/"},"sameAs":["https:\/\/www.facebook.com\/www.notio.es","https:\/\/x.com\/NOTIO2016"]}]}},"_links":{"self":[{"href":"https:\/\/www.notio.es\/en\/wp-json\/wp\/v2\/pages\/4877","targetHints":{"allow":["GET"]}}],"collection":[{"href":"https:\/\/www.notio.es\/en\/wp-json\/wp\/v2\/pages"}],"about":[{"href":"https:\/\/www.notio.es\/en\/wp-json\/wp\/v2\/types\/page"}],"author":[{"embeddable":true,"href":"https:\/\/www.notio.es\/en\/wp-json\/wp\/v2\/users\/2"}],"replies":[{"embeddable":true,"href":"https:\/\/www.notio.es\/en\/wp-json\/wp\/v2\/comments?post=4877"}],"version-history":[{"count":5,"href":"https:\/\/www.notio.es\/en\/wp-json\/wp\/v2\/pages\/4877\/revisions"}],"predecessor-version":[{"id":4882,"href":"https:\/\/www.notio.es\/en\/wp-json\/wp\/v2\/pages\/4877\/revisions\/4882"}],"wp:featuredmedia":[{"embeddable":true,"href":"https:\/\/www.notio.es\/en\/wp-json\/wp\/v2\/media\/5191"}],"wp:attachment":[{"href":"https:\/\/www.notio.es\/en\/wp-json\/wp\/v2\/media?parent=4877"}],"curies":[{"name":"wp","href":"https:\/\/api.w.org\/{rel}","templated":true}]}}