{"id":4869,"date":"2024-08-21T12:06:20","date_gmt":"2024-08-21T10:06:20","guid":{"rendered":"https:\/\/www.notio.es\/?page_id=4869"},"modified":"2024-08-21T12:07:28","modified_gmt":"2024-08-21T10:07:28","slug":"environmental-management-in-aggregate-and-natural-stone-mines","status":"publish","type":"page","link":"https:\/\/www.notio.es\/en\/environmental-management-in-aggregate-and-natural-stone-mines\/","title":{"rendered":"Environmental management in aggregate and natural stone mines"},"content":{"rendered":"<p><strong>TRAINING ACTION: Environmental management in aggregate and natural stone mines<\/strong><\/p>\n<p><strong>April 24-25, 2025<\/strong><\/p>\n<p>The extractive industry is making a significant effort to apply the basic principles and concepts of sustainable development in its open-pit mining operations and treatment plants.<\/p>\n<p>The aggregate and natural stone sectors provide a service to society by supplying these natural resources which, due to their numerous applications, both in industry and, above all, in construction, are essential for economic development.<\/p>\n<p>The integration of environmental, social and economic aspects, in the different stages of the extraction process, of treatment to obtain aggregates with the required quality standards and of transport to consumption centers, highlights the determination of this industry to improve, day by day, in achieving the established objectives.<\/p>\n<p>The development of the training action aims to provide employees in the sector with the necessary knowledge to achieve efficient environmental management of resources on farms and the benefits of proper environmental management of the farm, as well as the mechanisms to achieve efficient environmental management.<\/p>\n<p><strong>Modality:<\/strong><\/p>\n<p>Mixed: The student, when registering, can choose to follow the classes in person or via streaming.<\/p>\n<p>The face-to-face training will be carried out at the NOTIO-CTAC facilities (Calle R\u00edo Cabriel s\/n \u2013 Toledo)<br \/>\nThe classes will be broadcast via streaming. The recording of the training sessions will be hosted in the virtual training classroom on the NOTIO website, so that registered students can access the recording at any time.<\/p>\n<p>The documentation of the training action will be hosted in the virtual classroom with exclusive access for the student. At the end of the training course, a period of 6 weeks will open in which the student will be able to communicate directly with the teacher, in order to resolve any queries regarding the content of the course or regarding the direct application in their company of the knowledge acquired in the course.<\/p>\n<p><strong>Aimed at:<\/strong><\/p>\n<p>Employees and professionals in the sector with responsibilities in the quarries for the extraction of aggregates and natural stone, as well as personnel with responsibility for the environmental management of the company<\/p>\n<p>&nbsp;<\/p>\n<p><strong>Preliminary program:<\/strong><\/p>\n<p>6.1 Introduction. General concepts<br \/>\n6.2 Environmental effects of the production of aggregates and natural stone<br \/>\n6.3 Legal and regulatory framework for the activity of the exploitation of aggregates \/ natural stone<br \/>\n6.4 Legal and specific environmental framework for mining<br \/>\n6.5 Administrative competence framework<br \/>\n6.6 Environmental regulations:<br \/>\nEnvironmental Impact Assessment Law<br \/>\nWaste and Contaminated Soil Law<br \/>\nAir Quality and Atmospheric Protection Law<br \/>\nOther regulations<br \/>\n6.7 Sustainable Mining Management. Key aspects<br \/>\n6.8 ISO 14000<br \/>\n6.9 Practical examples. Good environmental practices<\/p>\n<p>&nbsp;<\/p>\n<p><strong>Details:<\/strong><\/p>\n<p>Dates: 24-25 April 2025<\/p>\n<p>Schedule: 9:00 &#8211; 14:30 h<\/p>\n<p>Duration: 11 h<\/p>\n<p>&nbsp;<\/p>\n<h3>You can register by email: <a href=\"mailto:formacion@notio.es\" target=\"_blank\" rel=\"noopener\">formacion@notio.es<\/a><\/h3>\n<h3><\/h3>\n<h3 style=\"text-align: center;\">NOTIO Association &#8211; Technological Centre for Construction Activities (CTAC)<\/h3>\n<h3 style=\"text-align: center;\">C\/ R\u00edo Cabriel, s\/n. 45007. Toledo<\/h3>\n<h3 style=\"text-align: center;\">Tel.: +34 925 24 11 62 \/ 630 96 87 86<\/h3>\n<h3 style=\"text-align: center;\"><a href=\"mailto:formacion@notio.es\" target=\"_blank\" rel=\"noopener\">formacion@notio.es<\/a><\/h3>\n<h3 style=\"text-align: center;\"><a href=\"https:\/\/www.notio\/formacion\" target=\"_blank\" rel=\"noopener\">www.notio\/formacion<\/a><\/h3>\n<p>&nbsp;<\/p>\n<p>The training activities, which are completely free of charge, are co-financed by the European Union and the Government of Castilla-La Mancha (European Regional Development Fund), through the Regional Agency for Research and Innovation (<a href=\"https:\/\/innocam.castillalamancha.es\/\" target=\"_blank\" rel=\"noopener\">INNOCAM<\/a>), within the call for Aid to Technological Centers.<\/p>\n<p><a href=\"https:\/\/www.notio.es\/wp-content\/uploads\/2024\/02\/07-Proyectos-ID-5.jpg\"><img decoding=\"async\" class=\" wp-image-4256\" src=\"https:\/\/www.notio.es\/wp-content\/uploads\/2024\/02\/07-Proyectos-ID-5-300x39.jpg\" alt=\"proyectos I+D\" width=\"854\" height=\"111\" srcset=\"https:\/\/www.notio.es\/wp-content\/uploads\/2024\/02\/07-Proyectos-ID-5-200x26.jpg 200w, https:\/\/www.notio.es\/wp-content\/uploads\/2024\/02\/07-Proyectos-ID-5-300x39.jpg 300w, https:\/\/www.notio.es\/wp-content\/uploads\/2024\/02\/07-Proyectos-ID-5-400x52.jpg 400w, https:\/\/www.notio.es\/wp-content\/uploads\/2024\/02\/07-Proyectos-ID-5-600x77.jpg 600w, https:\/\/www.notio.es\/wp-content\/uploads\/2024\/02\/07-Proyectos-ID-5-768x99.jpg 768w, https:\/\/www.notio.es\/wp-content\/uploads\/2024\/02\/07-Proyectos-ID-5-800x103.jpg 800w, https:\/\/www.notio.es\/wp-content\/uploads\/2024\/02\/07-Proyectos-ID-5-1024x132.jpg 1024w, https:\/\/www.notio.es\/wp-content\/uploads\/2024\/02\/07-Proyectos-ID-5-1200x155.jpg 1200w, https:\/\/www.notio.es\/wp-content\/uploads\/2024\/02\/07-Proyectos-ID-5-1536x198.jpg 1536w, https:\/\/www.notio.es\/wp-content\/uploads\/2024\/02\/07-Proyectos-ID-5.jpg 1551w\" sizes=\"(max-width: 854px) 100vw, 854px\" \/><\/a><\/p>\n","protected":false},"excerpt":{"rendered":"<p>TRAINING ACTION: Environmental management in aggregate and natural stone mines  [&#8230;]<\/p>\n","protected":false},"author":2,"featured_media":5185,"parent":0,"menu_order":0,"comment_status":"closed","ping_status":"closed","template":"","meta":{"_joinchat":[],"footnotes":""},"class_list":["post-4869","page","type-page","status-publish","has-post-thumbnail","hentry"],"yoast_head":"<!-- This site is optimized with the Yoast SEO plugin v26.4 - https:\/\/yoast.com\/wordpress\/plugins\/seo\/ -->\n<title>Environmental management in aggregate and natural stone mines<\/title>\n<meta name=\"description\" content=\"TRAINING ACTION: Environmental management in aggregate and natural stone mines. NOTIO-CTAC April 24-25, 2025\" \/>\n<meta name=\"robots\" content=\"index, follow, max-snippet:-1, max-image-preview:large, max-video-preview:-1\" \/>\n<link rel=\"canonical\" href=\"https:\/\/www.notio.es\/en\/environmental-management-in-aggregate-and-natural-stone-mines\/\" \/>\n<meta property=\"og:locale\" content=\"en_US\" \/>\n<meta property=\"og:type\" content=\"article\" \/>\n<meta property=\"og:title\" content=\"Environmental management in aggregate and natural stone mines\" \/>\n<meta property=\"og:description\" content=\"TRAINING ACTION: Environmental management in aggregate and natural stone mines. NOTIO-CTAC April 24-25, 2025\" \/>\n<meta property=\"og:url\" content=\"https:\/\/www.notio.es\/en\/environmental-management-in-aggregate-and-natural-stone-mines\/\" \/>\n<meta property=\"og:site_name\" content=\"Laboratorio materiales de construcci\u00f3n, Servicios, I+D, CTAC, Asociaci\u00f3n Notio\" \/>\n<meta property=\"article:publisher\" content=\"https:\/\/www.facebook.com\/www.notio.es\" \/>\n<meta property=\"article:modified_time\" content=\"2024-08-21T10:07:28+00:00\" \/>\n<meta property=\"og:image\" content=\"https:\/\/www.notio.es\/wp-content\/uploads\/2024\/08\/CAPACITACION_C6_Gestion-medioambiental2.jpg\" \/>\n\t<meta property=\"og:image:width\" content=\"870\" \/>\n\t<meta property=\"og:image:height\" content=\"787\" \/>\n\t<meta property=\"og:image:type\" content=\"image\/jpeg\" \/>\n<meta name=\"twitter:card\" content=\"summary_large_image\" \/>\n<meta name=\"twitter:site\" content=\"@NOTIO2016\" \/>\n<meta name=\"twitter:label1\" content=\"Est. reading time\" \/>\n\t<meta name=\"twitter:data1\" content=\"3 minutes\" \/>\n<script type=\"application\/ld+json\" class=\"yoast-schema-graph\">{\"@context\":\"https:\/\/schema.org\",\"@graph\":[{\"@type\":\"WebPage\",\"@id\":\"https:\/\/www.notio.es\/en\/environmental-management-in-aggregate-and-natural-stone-mines\/\",\"url\":\"https:\/\/www.notio.es\/en\/environmental-management-in-aggregate-and-natural-stone-mines\/\",\"name\":\"Environmental management in aggregate and natural stone mines\",\"isPartOf\":{\"@id\":\"https:\/\/www.notio.es\/#website\"},\"primaryImageOfPage\":{\"@id\":\"https:\/\/www.notio.es\/en\/environmental-management-in-aggregate-and-natural-stone-mines\/#primaryimage\"},\"image\":{\"@id\":\"https:\/\/www.notio.es\/en\/environmental-management-in-aggregate-and-natural-stone-mines\/#primaryimage\"},\"thumbnailUrl\":\"https:\/\/www.notio.es\/wp-content\/uploads\/2024\/12\/CAPACITACION_C6_Gestion-medioambiental.jpg\",\"datePublished\":\"2024-08-21T10:06:20+00:00\",\"dateModified\":\"2024-08-21T10:07:28+00:00\",\"description\":\"TRAINING ACTION: Environmental management in aggregate and natural stone mines. NOTIO-CTAC April 24-25, 2025\",\"inLanguage\":\"en-US\",\"potentialAction\":[{\"@type\":\"ReadAction\",\"target\":[\"https:\/\/www.notio.es\/en\/environmental-management-in-aggregate-and-natural-stone-mines\/\"]}]},{\"@type\":\"ImageObject\",\"inLanguage\":\"en-US\",\"@id\":\"https:\/\/www.notio.es\/en\/environmental-management-in-aggregate-and-natural-stone-mines\/#primaryimage\",\"url\":\"https:\/\/www.notio.es\/wp-content\/uploads\/2024\/12\/CAPACITACION_C6_Gestion-medioambiental.jpg\",\"contentUrl\":\"https:\/\/www.notio.es\/wp-content\/uploads\/2024\/12\/CAPACITACION_C6_Gestion-medioambiental.jpg\",\"width\":2470,\"height\":2470,\"caption\":\"CAPACITACI\u00d3N_C6 Gesti\u00f3n medioambiental\"},{\"@type\":\"WebSite\",\"@id\":\"https:\/\/www.notio.es\/#website\",\"url\":\"https:\/\/www.notio.es\/\",\"name\":\"Laboratorio materiales de construcci\u00f3n, Servicios, I+D, CTAC, Asociaci\u00f3n Notio\",\"description\":\"Asociaci\u00f3n NOTIO - Centro Tecnol\u00f3gico de Actividades de la Construcci\u00f3n (CTAC). Laboratorio materiales de construcci\u00f3n, Servicios, I+D\",\"publisher\":{\"@id\":\"https:\/\/www.notio.es\/#organization\"},\"potentialAction\":[{\"@type\":\"SearchAction\",\"target\":{\"@type\":\"EntryPoint\",\"urlTemplate\":\"https:\/\/www.notio.es\/?s={search_term_string}\"},\"query-input\":{\"@type\":\"PropertyValueSpecification\",\"valueRequired\":true,\"valueName\":\"search_term_string\"}}],\"inLanguage\":\"en-US\"},{\"@type\":\"Organization\",\"@id\":\"https:\/\/www.notio.es\/#organization\",\"name\":\"Laboratorio materiales de construcci\u00f3n, Servicios, I+D, CTAC, Asociaci\u00f3n Notio\",\"url\":\"https:\/\/www.notio.es\/\",\"logo\":{\"@type\":\"ImageObject\",\"inLanguage\":\"en-US\",\"@id\":\"https:\/\/www.notio.es\/#\/schema\/logo\/image\/\",\"url\":\"https:\/\/www.notio.es\/wp-content\/uploads\/2015\/02\/Logo-Notio2.jpg\",\"contentUrl\":\"https:\/\/www.notio.es\/wp-content\/uploads\/2015\/02\/Logo-Notio2.jpg\",\"width\":1920,\"height\":1357,\"caption\":\"Laboratorio materiales de construcci\u00f3n, Servicios, I+D, CTAC, Asociaci\u00f3n Notio\"},\"image\":{\"@id\":\"https:\/\/www.notio.es\/#\/schema\/logo\/image\/\"},\"sameAs\":[\"https:\/\/www.facebook.com\/www.notio.es\",\"https:\/\/x.com\/NOTIO2016\"]}]}<\/script>\n<!-- \/ Yoast SEO plugin. -->","yoast_head_json":{"title":"Environmental management in aggregate and natural stone mines","description":"TRAINING ACTION: Environmental management in aggregate and natural stone mines. NOTIO-CTAC April 24-25, 2025","robots":{"index":"index","follow":"follow","max-snippet":"max-snippet:-1","max-image-preview":"max-image-preview:large","max-video-preview":"max-video-preview:-1"},"canonical":"https:\/\/www.notio.es\/en\/environmental-management-in-aggregate-and-natural-stone-mines\/","og_locale":"en_US","og_type":"article","og_title":"Environmental management in aggregate and natural stone mines","og_description":"TRAINING ACTION: Environmental management in aggregate and natural stone mines. NOTIO-CTAC April 24-25, 2025","og_url":"https:\/\/www.notio.es\/en\/environmental-management-in-aggregate-and-natural-stone-mines\/","og_site_name":"Laboratorio materiales de construcci\u00f3n, Servicios, I+D, CTAC, Asociaci\u00f3n Notio","article_publisher":"https:\/\/www.facebook.com\/www.notio.es","article_modified_time":"2024-08-21T10:07:28+00:00","og_image":[{"width":870,"height":787,"url":"https:\/\/www.notio.es\/wp-content\/uploads\/2024\/08\/CAPACITACION_C6_Gestion-medioambiental2.jpg","type":"image\/jpeg"}],"twitter_card":"summary_large_image","twitter_site":"@NOTIO2016","twitter_misc":{"Est. reading time":"3 minutes"},"schema":{"@context":"https:\/\/schema.org","@graph":[{"@type":"WebPage","@id":"https:\/\/www.notio.es\/en\/environmental-management-in-aggregate-and-natural-stone-mines\/","url":"https:\/\/www.notio.es\/en\/environmental-management-in-aggregate-and-natural-stone-mines\/","name":"Environmental management in aggregate and natural stone mines","isPartOf":{"@id":"https:\/\/www.notio.es\/#website"},"primaryImageOfPage":{"@id":"https:\/\/www.notio.es\/en\/environmental-management-in-aggregate-and-natural-stone-mines\/#primaryimage"},"image":{"@id":"https:\/\/www.notio.es\/en\/environmental-management-in-aggregate-and-natural-stone-mines\/#primaryimage"},"thumbnailUrl":"https:\/\/www.notio.es\/wp-content\/uploads\/2024\/12\/CAPACITACION_C6_Gestion-medioambiental.jpg","datePublished":"2024-08-21T10:06:20+00:00","dateModified":"2024-08-21T10:07:28+00:00","description":"TRAINING ACTION: Environmental management in aggregate and natural stone mines. NOTIO-CTAC April 24-25, 2025","inLanguage":"en-US","potentialAction":[{"@type":"ReadAction","target":["https:\/\/www.notio.es\/en\/environmental-management-in-aggregate-and-natural-stone-mines\/"]}]},{"@type":"ImageObject","inLanguage":"en-US","@id":"https:\/\/www.notio.es\/en\/environmental-management-in-aggregate-and-natural-stone-mines\/#primaryimage","url":"https:\/\/www.notio.es\/wp-content\/uploads\/2024\/12\/CAPACITACION_C6_Gestion-medioambiental.jpg","contentUrl":"https:\/\/www.notio.es\/wp-content\/uploads\/2024\/12\/CAPACITACION_C6_Gestion-medioambiental.jpg","width":2470,"height":2470,"caption":"CAPACITACI\u00d3N_C6 Gesti\u00f3n medioambiental"},{"@type":"WebSite","@id":"https:\/\/www.notio.es\/#website","url":"https:\/\/www.notio.es\/","name":"Laboratorio materiales de construcci\u00f3n, Servicios, I+D, CTAC, Asociaci\u00f3n Notio","description":"Asociaci\u00f3n NOTIO - Centro Tecnol\u00f3gico de Actividades de la Construcci\u00f3n (CTAC). Laboratorio materiales de construcci\u00f3n, Servicios, I+D","publisher":{"@id":"https:\/\/www.notio.es\/#organization"},"potentialAction":[{"@type":"SearchAction","target":{"@type":"EntryPoint","urlTemplate":"https:\/\/www.notio.es\/?s={search_term_string}"},"query-input":{"@type":"PropertyValueSpecification","valueRequired":true,"valueName":"search_term_string"}}],"inLanguage":"en-US"},{"@type":"Organization","@id":"https:\/\/www.notio.es\/#organization","name":"Laboratorio materiales de construcci\u00f3n, Servicios, I+D, CTAC, Asociaci\u00f3n Notio","url":"https:\/\/www.notio.es\/","logo":{"@type":"ImageObject","inLanguage":"en-US","@id":"https:\/\/www.notio.es\/#\/schema\/logo\/image\/","url":"https:\/\/www.notio.es\/wp-content\/uploads\/2015\/02\/Logo-Notio2.jpg","contentUrl":"https:\/\/www.notio.es\/wp-content\/uploads\/2015\/02\/Logo-Notio2.jpg","width":1920,"height":1357,"caption":"Laboratorio materiales de construcci\u00f3n, Servicios, I+D, CTAC, Asociaci\u00f3n Notio"},"image":{"@id":"https:\/\/www.notio.es\/#\/schema\/logo\/image\/"},"sameAs":["https:\/\/www.facebook.com\/www.notio.es","https:\/\/x.com\/NOTIO2016"]}]}},"_links":{"self":[{"href":"https:\/\/www.notio.es\/en\/wp-json\/wp\/v2\/pages\/4869","targetHints":{"allow":["GET"]}}],"collection":[{"href":"https:\/\/www.notio.es\/en\/wp-json\/wp\/v2\/pages"}],"about":[{"href":"https:\/\/www.notio.es\/en\/wp-json\/wp\/v2\/types\/page"}],"author":[{"embeddable":true,"href":"https:\/\/www.notio.es\/en\/wp-json\/wp\/v2\/users\/2"}],"replies":[{"embeddable":true,"href":"https:\/\/www.notio.es\/en\/wp-json\/wp\/v2\/comments?post=4869"}],"version-history":[{"count":1,"href":"https:\/\/www.notio.es\/en\/wp-json\/wp\/v2\/pages\/4869\/revisions"}],"predecessor-version":[{"id":4870,"href":"https:\/\/www.notio.es\/en\/wp-json\/wp\/v2\/pages\/4869\/revisions\/4870"}],"wp:featuredmedia":[{"embeddable":true,"href":"https:\/\/www.notio.es\/en\/wp-json\/wp\/v2\/media\/5185"}],"wp:attachment":[{"href":"https:\/\/www.notio.es\/en\/wp-json\/wp\/v2\/media?parent=4869"}],"curies":[{"name":"wp","href":"https:\/\/api.w.org\/{rel}","templated":true}]}}