{"id":4862,"date":"2024-08-21T11:56:27","date_gmt":"2024-08-21T09:56:27","guid":{"rendered":"https:\/\/www.notio.es\/?page_id=4862"},"modified":"2024-08-21T11:57:21","modified_gmt":"2024-08-21T09:57:21","slug":"circular-economy-applied-to-construction-works","status":"publish","type":"page","link":"https:\/\/www.notio.es\/en\/circular-economy-applied-to-construction-works\/","title":{"rendered":"Circular economy applied to construction works"},"content":{"rendered":"<p><strong>TRAINING ACTION: Circular economy applied to construction works<\/strong><\/p>\n<p><strong>16-17 January 2025<\/strong><\/p>\n<p>&nbsp;<\/p>\n<p>The high rates of resource consumption in the construction sector, responsible for 50% of both the materials extracted and the consumption of the energy used, 25% of the water consumed, as well as more than 25% of the waste generated by society, make the sector one of those identified within the five priority areas of action by the Spain Circular Strategy 2030.<\/p>\n<p>The circular economy is the new productive model towards which the current type of linear consumption is derived. The construction industry in Castilla \u2013 La Mancha is a key and essential agent to advance in the transition towards the circular economy.<\/p>\n<p>The circular economy strategy in construction means lower costs, greater and better security of supplies, greater proximity to end users and, in general terms, more and better business opportunities in the sector.<\/p>\n<p>The development of the training action aims to bring the student closer to the application of the circular economy model to building works, for the best management and use of resources and construction systems according to their life cycle.<\/p>\n<p><strong>Modality:<\/strong><\/p>\n<p>Mixed: The student, when registering, can choose to follow the classes in person or via streaming.<\/p>\n<p>The face-to-face training will be carried out at the NOTIO-CTAC facilities (Calle R\u00edo Cabriel s\/n \u2013 Toledo)<br \/>\nThe classes will be broadcast via streaming. The recording of the training sessions will be hosted in the virtual training classroom on the NOTIO website, so that registered students can access the recording at any time.<\/p>\n<p>The documentation of the training action will be hosted in the virtual classroom with exclusive access for the student. At the end of the training action, a 6-week period will open in which the student will be able to communicate directly with the teacher, in order to resolve any queries regarding the content of the course or regarding the direct application in their company of the knowledge acquired in the action.<\/p>\n<p><strong>Aimed at:<\/strong><\/p>\n<p>Employees and professionals in the sector interested in knowing and exploring the advantages that the circular economy can bring to their organizations and their daily professional work.<\/p>\n<p>&nbsp;<\/p>\n<p><strong>Preliminary program:<\/strong><\/p>\n<p>3.1 General concepts of the sustainability of material resources<\/p>\n<p>3.2 Sustainability in construction. Importance of the Circular Economy<\/p>\n<p>3.3 Economic models in building works<\/p>\n<p>3.4 Construction systems with 4R methodology<\/p>\n<p>3.5 Life Cycle in building projects<\/p>\n<p>3.6 The EPD to achieve the objectives of the Circular Economy in construction<\/p>\n<p>3.7 Circular Economy in architectural design. Eco-design<\/p>\n<p>3.8 Indicators to measure circularity in the construction sector<\/p>\n<p>3.9 New technologies and the Circular Economy<\/p>\n<p>3.10 Examples of good practices<\/p>\n<p>&nbsp;<\/p>\n<p><strong>Details:<\/strong><\/p>\n<p>Dates: 16-17 January 2025<\/p>\n<p>Schedule: 9:00 &#8211; 14:30 h<\/p>\n<p>Duration: 11 h<\/p>\n<p>&nbsp;<\/p>\n<h3>You can register by email: <a href=\"mailto:formacion@notio.es\" target=\"_blank\" rel=\"noopener\">formacion@notio.es<\/a><\/h3>\n<p>&nbsp;<\/p>\n<h3 style=\"text-align: center;\"><\/h3>\n<h3 style=\"text-align: center;\">NOTIO Association &#8211; Technological Centre for Construction Activities (CTAC)<\/h3>\n<h3 style=\"text-align: center;\">C\/ R\u00edo Cabriel, s\/n. 45007. Toledo<\/h3>\n<h3 style=\"text-align: center;\">Tel.: +34 925 24 11 62 \/ 630 96 87 86<\/h3>\n<h3 style=\"text-align: center;\"><a href=\"mailto:formacion@notio.es\" target=\"_blank\" rel=\"noopener\">formacion@notio.es<\/a><\/h3>\n<h3 style=\"text-align: center;\"><a href=\"https:\/\/www.notio\/formacion\" target=\"_blank\" rel=\"noopener\">www.notio\/formacion<\/a><\/h3>\n<p>&nbsp;<\/p>\n<p>The training activities, which are completely free of charge, are co-financed by the European Union and the Government of Castilla-La Mancha (European Regional Development Fund), through the Regional Agency for Research and Innovation (<a href=\"https:\/\/innocam.castillalamancha.es\/\" target=\"_blank\" rel=\"noopener\">INNOCAM<\/a>), within the call for Aid to Technological Centers.<\/p>\n<p><a href=\"https:\/\/www.notio.es\/wp-content\/uploads\/2024\/02\/07-Proyectos-ID-5.jpg\"><img decoding=\"async\" class=\" wp-image-4256\" src=\"https:\/\/www.notio.es\/wp-content\/uploads\/2024\/02\/07-Proyectos-ID-5-300x39.jpg\" alt=\"proyectos I+D\" width=\"854\" height=\"111\" srcset=\"https:\/\/www.notio.es\/wp-content\/uploads\/2024\/02\/07-Proyectos-ID-5-200x26.jpg 200w, https:\/\/www.notio.es\/wp-content\/uploads\/2024\/02\/07-Proyectos-ID-5-300x39.jpg 300w, https:\/\/www.notio.es\/wp-content\/uploads\/2024\/02\/07-Proyectos-ID-5-400x52.jpg 400w, https:\/\/www.notio.es\/wp-content\/uploads\/2024\/02\/07-Proyectos-ID-5-600x77.jpg 600w, https:\/\/www.notio.es\/wp-content\/uploads\/2024\/02\/07-Proyectos-ID-5-768x99.jpg 768w, https:\/\/www.notio.es\/wp-content\/uploads\/2024\/02\/07-Proyectos-ID-5-800x103.jpg 800w, https:\/\/www.notio.es\/wp-content\/uploads\/2024\/02\/07-Proyectos-ID-5-1024x132.jpg 1024w, https:\/\/www.notio.es\/wp-content\/uploads\/2024\/02\/07-Proyectos-ID-5-1200x155.jpg 1200w, https:\/\/www.notio.es\/wp-content\/uploads\/2024\/02\/07-Proyectos-ID-5-1536x198.jpg 1536w, https:\/\/www.notio.es\/wp-content\/uploads\/2024\/02\/07-Proyectos-ID-5.jpg 1551w\" sizes=\"(max-width: 854px) 100vw, 854px\" \/><\/a><\/p>\n","protected":false},"excerpt":{"rendered":"<p>TRAINING ACTION: Circular economy applied to construction works 16-17 January  [&#8230;]<\/p>\n","protected":false},"author":2,"featured_media":5171,"parent":0,"menu_order":0,"comment_status":"closed","ping_status":"closed","template":"","meta":{"_joinchat":[],"footnotes":""},"class_list":["post-4862","page","type-page","status-publish","has-post-thumbnail","hentry"],"yoast_head":"<!-- This site is optimized with the Yoast SEO plugin v26.4 - https:\/\/yoast.com\/wordpress\/plugins\/seo\/ -->\n<title>Circular economy applied to construction works<\/title>\n<meta name=\"description\" content=\"TRAINING ACTION: Circular economy applied to construction works, NOTIO-CTAC 16-17 January 2025\" \/>\n<meta name=\"robots\" content=\"index, follow, max-snippet:-1, max-image-preview:large, max-video-preview:-1\" \/>\n<link rel=\"canonical\" href=\"https:\/\/www.notio.es\/en\/circular-economy-applied-to-construction-works\/\" \/>\n<meta property=\"og:locale\" content=\"en_US\" \/>\n<meta property=\"og:type\" content=\"article\" \/>\n<meta property=\"og:title\" content=\"Circular economy applied to construction works\" \/>\n<meta property=\"og:description\" content=\"TRAINING ACTION: Circular economy applied to construction works, NOTIO-CTAC 16-17 January 2025\" \/>\n<meta property=\"og:url\" content=\"https:\/\/www.notio.es\/en\/circular-economy-applied-to-construction-works\/\" \/>\n<meta property=\"og:site_name\" content=\"Laboratorio materiales de construcci\u00f3n, Servicios, I+D, CTAC, Asociaci\u00f3n Notio\" \/>\n<meta property=\"article:publisher\" content=\"https:\/\/www.facebook.com\/www.notio.es\" \/>\n<meta property=\"article:modified_time\" content=\"2024-08-21T09:57:21+00:00\" \/>\n<meta property=\"og:image\" content=\"https:\/\/www.notio.es\/wp-content\/uploads\/2024\/08\/CAPACITACION_C3_Economia-circular2.jpg\" \/>\n\t<meta property=\"og:image:width\" content=\"874\" \/>\n\t<meta property=\"og:image:height\" content=\"787\" \/>\n\t<meta property=\"og:image:type\" content=\"image\/jpeg\" \/>\n<meta name=\"twitter:card\" content=\"summary_large_image\" \/>\n<meta name=\"twitter:site\" content=\"@NOTIO2016\" \/>\n<meta name=\"twitter:label1\" content=\"Est. reading time\" \/>\n\t<meta name=\"twitter:data1\" content=\"3 minutes\" \/>\n<script type=\"application\/ld+json\" class=\"yoast-schema-graph\">{\"@context\":\"https:\/\/schema.org\",\"@graph\":[{\"@type\":\"WebPage\",\"@id\":\"https:\/\/www.notio.es\/en\/circular-economy-applied-to-construction-works\/\",\"url\":\"https:\/\/www.notio.es\/en\/circular-economy-applied-to-construction-works\/\",\"name\":\"Circular economy applied to construction works\",\"isPartOf\":{\"@id\":\"https:\/\/www.notio.es\/#website\"},\"primaryImageOfPage\":{\"@id\":\"https:\/\/www.notio.es\/en\/circular-economy-applied-to-construction-works\/#primaryimage\"},\"image\":{\"@id\":\"https:\/\/www.notio.es\/en\/circular-economy-applied-to-construction-works\/#primaryimage\"},\"thumbnailUrl\":\"https:\/\/www.notio.es\/wp-content\/uploads\/2024\/12\/49-CAPACITACION_C1_Economia-circular.jpg\",\"datePublished\":\"2024-08-21T09:56:27+00:00\",\"dateModified\":\"2024-08-21T09:57:21+00:00\",\"description\":\"TRAINING ACTION: Circular economy applied to construction works, NOTIO-CTAC 16-17 January 2025\",\"inLanguage\":\"en-US\",\"potentialAction\":[{\"@type\":\"ReadAction\",\"target\":[\"https:\/\/www.notio.es\/en\/circular-economy-applied-to-construction-works\/\"]}]},{\"@type\":\"ImageObject\",\"inLanguage\":\"en-US\",\"@id\":\"https:\/\/www.notio.es\/en\/circular-economy-applied-to-construction-works\/#primaryimage\",\"url\":\"https:\/\/www.notio.es\/wp-content\/uploads\/2024\/12\/49-CAPACITACION_C1_Economia-circular.jpg\",\"contentUrl\":\"https:\/\/www.notio.es\/wp-content\/uploads\/2024\/12\/49-CAPACITACION_C1_Economia-circular.jpg\",\"width\":1235,\"height\":1235,\"caption\":\"CAPACITACI\u00d3N_C1_Econom\u00eda circular\"},{\"@type\":\"WebSite\",\"@id\":\"https:\/\/www.notio.es\/#website\",\"url\":\"https:\/\/www.notio.es\/\",\"name\":\"Laboratorio materiales de construcci\u00f3n, Servicios, I+D, CTAC, Asociaci\u00f3n Notio\",\"description\":\"Asociaci\u00f3n NOTIO - Centro Tecnol\u00f3gico de Actividades de la Construcci\u00f3n (CTAC). Laboratorio materiales de construcci\u00f3n, Servicios, I+D\",\"publisher\":{\"@id\":\"https:\/\/www.notio.es\/#organization\"},\"potentialAction\":[{\"@type\":\"SearchAction\",\"target\":{\"@type\":\"EntryPoint\",\"urlTemplate\":\"https:\/\/www.notio.es\/?s={search_term_string}\"},\"query-input\":{\"@type\":\"PropertyValueSpecification\",\"valueRequired\":true,\"valueName\":\"search_term_string\"}}],\"inLanguage\":\"en-US\"},{\"@type\":\"Organization\",\"@id\":\"https:\/\/www.notio.es\/#organization\",\"name\":\"Laboratorio materiales de construcci\u00f3n, Servicios, I+D, CTAC, Asociaci\u00f3n Notio\",\"url\":\"https:\/\/www.notio.es\/\",\"logo\":{\"@type\":\"ImageObject\",\"inLanguage\":\"en-US\",\"@id\":\"https:\/\/www.notio.es\/#\/schema\/logo\/image\/\",\"url\":\"https:\/\/www.notio.es\/wp-content\/uploads\/2015\/02\/Logo-Notio2.jpg\",\"contentUrl\":\"https:\/\/www.notio.es\/wp-content\/uploads\/2015\/02\/Logo-Notio2.jpg\",\"width\":1920,\"height\":1357,\"caption\":\"Laboratorio materiales de construcci\u00f3n, Servicios, I+D, CTAC, Asociaci\u00f3n Notio\"},\"image\":{\"@id\":\"https:\/\/www.notio.es\/#\/schema\/logo\/image\/\"},\"sameAs\":[\"https:\/\/www.facebook.com\/www.notio.es\",\"https:\/\/x.com\/NOTIO2016\"]}]}<\/script>\n<!-- \/ Yoast SEO plugin. -->","yoast_head_json":{"title":"Circular economy applied to construction works","description":"TRAINING ACTION: Circular economy applied to construction works, NOTIO-CTAC 16-17 January 2025","robots":{"index":"index","follow":"follow","max-snippet":"max-snippet:-1","max-image-preview":"max-image-preview:large","max-video-preview":"max-video-preview:-1"},"canonical":"https:\/\/www.notio.es\/en\/circular-economy-applied-to-construction-works\/","og_locale":"en_US","og_type":"article","og_title":"Circular economy applied to construction works","og_description":"TRAINING ACTION: Circular economy applied to construction works, NOTIO-CTAC 16-17 January 2025","og_url":"https:\/\/www.notio.es\/en\/circular-economy-applied-to-construction-works\/","og_site_name":"Laboratorio materiales de construcci\u00f3n, Servicios, I+D, CTAC, Asociaci\u00f3n Notio","article_publisher":"https:\/\/www.facebook.com\/www.notio.es","article_modified_time":"2024-08-21T09:57:21+00:00","og_image":[{"width":874,"height":787,"url":"https:\/\/www.notio.es\/wp-content\/uploads\/2024\/08\/CAPACITACION_C3_Economia-circular2.jpg","type":"image\/jpeg"}],"twitter_card":"summary_large_image","twitter_site":"@NOTIO2016","twitter_misc":{"Est. reading time":"3 minutes"},"schema":{"@context":"https:\/\/schema.org","@graph":[{"@type":"WebPage","@id":"https:\/\/www.notio.es\/en\/circular-economy-applied-to-construction-works\/","url":"https:\/\/www.notio.es\/en\/circular-economy-applied-to-construction-works\/","name":"Circular economy applied to construction works","isPartOf":{"@id":"https:\/\/www.notio.es\/#website"},"primaryImageOfPage":{"@id":"https:\/\/www.notio.es\/en\/circular-economy-applied-to-construction-works\/#primaryimage"},"image":{"@id":"https:\/\/www.notio.es\/en\/circular-economy-applied-to-construction-works\/#primaryimage"},"thumbnailUrl":"https:\/\/www.notio.es\/wp-content\/uploads\/2024\/12\/49-CAPACITACION_C1_Economia-circular.jpg","datePublished":"2024-08-21T09:56:27+00:00","dateModified":"2024-08-21T09:57:21+00:00","description":"TRAINING ACTION: Circular economy applied to construction works, NOTIO-CTAC 16-17 January 2025","inLanguage":"en-US","potentialAction":[{"@type":"ReadAction","target":["https:\/\/www.notio.es\/en\/circular-economy-applied-to-construction-works\/"]}]},{"@type":"ImageObject","inLanguage":"en-US","@id":"https:\/\/www.notio.es\/en\/circular-economy-applied-to-construction-works\/#primaryimage","url":"https:\/\/www.notio.es\/wp-content\/uploads\/2024\/12\/49-CAPACITACION_C1_Economia-circular.jpg","contentUrl":"https:\/\/www.notio.es\/wp-content\/uploads\/2024\/12\/49-CAPACITACION_C1_Economia-circular.jpg","width":1235,"height":1235,"caption":"CAPACITACI\u00d3N_C1_Econom\u00eda circular"},{"@type":"WebSite","@id":"https:\/\/www.notio.es\/#website","url":"https:\/\/www.notio.es\/","name":"Laboratorio materiales de construcci\u00f3n, Servicios, I+D, CTAC, Asociaci\u00f3n Notio","description":"Asociaci\u00f3n NOTIO - Centro Tecnol\u00f3gico de Actividades de la Construcci\u00f3n (CTAC). Laboratorio materiales de construcci\u00f3n, Servicios, I+D","publisher":{"@id":"https:\/\/www.notio.es\/#organization"},"potentialAction":[{"@type":"SearchAction","target":{"@type":"EntryPoint","urlTemplate":"https:\/\/www.notio.es\/?s={search_term_string}"},"query-input":{"@type":"PropertyValueSpecification","valueRequired":true,"valueName":"search_term_string"}}],"inLanguage":"en-US"},{"@type":"Organization","@id":"https:\/\/www.notio.es\/#organization","name":"Laboratorio materiales de construcci\u00f3n, Servicios, I+D, CTAC, Asociaci\u00f3n Notio","url":"https:\/\/www.notio.es\/","logo":{"@type":"ImageObject","inLanguage":"en-US","@id":"https:\/\/www.notio.es\/#\/schema\/logo\/image\/","url":"https:\/\/www.notio.es\/wp-content\/uploads\/2015\/02\/Logo-Notio2.jpg","contentUrl":"https:\/\/www.notio.es\/wp-content\/uploads\/2015\/02\/Logo-Notio2.jpg","width":1920,"height":1357,"caption":"Laboratorio materiales de construcci\u00f3n, Servicios, I+D, CTAC, Asociaci\u00f3n Notio"},"image":{"@id":"https:\/\/www.notio.es\/#\/schema\/logo\/image\/"},"sameAs":["https:\/\/www.facebook.com\/www.notio.es","https:\/\/x.com\/NOTIO2016"]}]}},"_links":{"self":[{"href":"https:\/\/www.notio.es\/en\/wp-json\/wp\/v2\/pages\/4862","targetHints":{"allow":["GET"]}}],"collection":[{"href":"https:\/\/www.notio.es\/en\/wp-json\/wp\/v2\/pages"}],"about":[{"href":"https:\/\/www.notio.es\/en\/wp-json\/wp\/v2\/types\/page"}],"author":[{"embeddable":true,"href":"https:\/\/www.notio.es\/en\/wp-json\/wp\/v2\/users\/2"}],"replies":[{"embeddable":true,"href":"https:\/\/www.notio.es\/en\/wp-json\/wp\/v2\/comments?post=4862"}],"version-history":[{"count":3,"href":"https:\/\/www.notio.es\/en\/wp-json\/wp\/v2\/pages\/4862\/revisions"}],"predecessor-version":[{"id":4867,"href":"https:\/\/www.notio.es\/en\/wp-json\/wp\/v2\/pages\/4862\/revisions\/4867"}],"wp:featuredmedia":[{"embeddable":true,"href":"https:\/\/www.notio.es\/en\/wp-json\/wp\/v2\/media\/5171"}],"wp:attachment":[{"href":"https:\/\/www.notio.es\/en\/wp-json\/wp\/v2\/media?parent=4862"}],"curies":[{"name":"wp","href":"https:\/\/api.w.org\/{rel}","templated":true}]}}