{"id":439,"date":"2016-12-19T18:35:47","date_gmt":"2016-12-19T17:35:47","guid":{"rendered":"https:\/\/www.notio.es\/servicios\/?lang=en"},"modified":"2021-04-21T13:58:04","modified_gmt":"2021-04-21T11:58:04","slug":"services","status":"publish","type":"page","link":"https:\/\/www.notio.es\/en\/services\/","title":{"rendered":"Services"},"content":{"rendered":"<div class=\"fusion-fullwidth fullwidth-box fusion-builder-row-1 nonhundred-percent-fullwidth non-hundred-percent-height-scrolling\" style=\"--awb-border-radius-top-left:0px;--awb-border-radius-top-right:0px;--awb-border-radius-bottom-right:0px;--awb-border-radius-bottom-left:0px;--awb-flex-wrap:wrap;\" ><div class=\"fusion-builder-row fusion-row\"><div class=\"fusion-layout-column fusion_builder_column fusion-builder-column-0 fusion_builder_column_1_1 1_1 fusion-one-full fusion-column-first fusion-column-last\" style=\"--awb-bg-size:cover;--awb-margin-bottom:0px;\"><div class=\"fusion-column-wrapper fusion-flex-column-wrapper-legacy\"><div class=\"fusion-reading-box-container reading-box-container-1\" style=\"--awb-title-color:#333333;--awb-margin-top:0px;--awb-margin-bottom:30px;\"><div class=\"reading-box reading-box-center\" style=\"background-color:#f6f6f6;border-width:1px;border-color:#f6f6f6;border-top-width:3px;border-top-color:var(--primary_color);border-style:solid;\"><h2>I??\u01ec<\/h2><div class=\"reading-box-additional fusion-reading-box-additional\">\n<p>NOTIO puts its capacity and resources at the disposal of its clients to help them respond to the problems and challenges that affect them on a day-to-day basis, through experience and knowledge.<\/p>\n<\/div><div class=\"fusion-clearfix\"><\/div><\/div><svg style=\"opacity:0.70;\" xmlns=\"http:\/\/www.w3.org\/2000\/svg\" version=\"1.1\" width=\"100%\" viewBox=\"0 0 600 28\" preserveAspectRatio=\"none\"><g clip-path=\"url(#a)\"><mask id=\"b\" style=\"mask-type:luminance\" maskUnits=\"userSpaceOnUse\" x=\"0\" y=\"0\" width=\"600\" height=\"28\"><path d=\"M0 0h600v28H0V0Z\" fill=\"#fff\"\/><\/mask><g filter=\"url(#c)\" mask=\"url(#b)\"><path d=\"M16.439-18.667h567.123v30.8S438.961-8.4 300-8.4C161.04-8.4 16.438 12.133 16.438 12.133v-30.8Z\" fill=\"#000\"\/><\/g><\/g><defs><clipPath id=\"a\"><path fill=\"#fff\" d=\"M0 0h600v28H0z\"\/><\/clipPath><filter id=\"c\" x=\"5.438\" y=\"-29.667\" width=\"589.123\" height=\"52.8\" filterUnits=\"userSpaceOnUse\" color-interpolation-filters=\"sRGB\"><feFlood flood-opacity=\"0\" result=\"BackgroundImageFix\"\/><feBlend in=\"SourceGraphic\" in2=\"BackgroundImageFix\" result=\"shape\"\/><feGaussianBlur stdDeviation=\"5.5\" result=\"effect1_foregroundBlur_3983_183\"\/><\/filter><\/defs><\/svg><\/div><div class=\"fusion-text fusion-text-1\"><p>The lines of activity in which NOTIO provides Services and Technological Advice are the following:<\/p>\n<p>Building and construction materials:<\/p>\n<ul>\n<li><a href=\"https:\/\/www.notio.es\/en\/pathologies\/\">Studies of construction pathologies.<\/a><\/li>\n<li><a href=\"https:\/\/www.notio.es\/en\/sustainable-construction\/\">Sustainable construction.<\/a><\/li>\n<li><a href=\"https:\/\/www.notio.es\/en\/certification\/\">Energy certification of existing buldings.<\/a><\/li>\n<li><a href=\"https:\/\/www.notio.es\/en\/reports\/\">Expert reports in the field of construction, architecture or real estate.<\/a><\/li>\n<li><a href=\"https:\/\/www.notio.es\/en\/cultural-heritage\/\">Cultural heritage.<\/a><\/li>\n<li><a href=\"https:\/\/www.notio.es\/en\/dap-declaraciones-ambientales-de-producto\/\">EPD. Environmental Product Declarations<\/a><\/li>\n<\/ul>\n<p>Natural resources:<\/p>\n<ul>\n<li><a href=\"https:\/\/www.notio.es\/en\/planning\/\">Territorial planning (GIS) and Natural Resources.<\/a><\/li>\n<li><a href=\"https:\/\/www.notio.es\/en\/hidrology\/\">Environment: soil decontamination, Surface and underground hydrology.<\/a><\/li>\n<li><a href=\"https:\/\/www.notio.es\/en\/soil-and-environment\/\">Soils and environment.<\/a><\/li>\n<li><a href=\"https:\/\/www.notio.es\/en\/geophysics\/\">Geophysics (GPR and ERT).<\/a><\/li>\n<li><a href=\"https:\/\/www.notio.es\/en\/waste-valorization\/\">Waste valorization.<\/a><\/li>\n<li><a href=\"https:\/\/www.notio.es\/en\/drone\/\" rel=\"noopener noreferrer\">Drone.<\/a><\/li>\n<li><a href=\"https:\/\/www.notio.es\/en\/hydrological-and-flood-studies\/\" rel=\"noopener\">Hidrologycal and flood studies.<\/a><\/li>\n<li><a href=\"https:\/\/www.notio.es\/en\/environmental-assessment-studies\/\">Environmental assessment studies.<\/a><\/li>\n<\/ul>\n<p><a href=\"https:\/\/www.notio.es\/en\/training\/\">Training:<\/a>\u00a0NOTIO also bets on the continuous training of the resources of the companies, integrated in the chain of value of the same ones, like instrument of growth and increase of the competitiveness. In this sense, NOTIO carries out different training activities, both of a general nature and tailored to the specific needs of a company.<\/p>\n<p>In order to help your organization to meet the challenges and needs that arise, we encourage you to show us your service needs in order to offer a customized solution to them.<\/p>\n<\/div><div class=\"fusion-clearfix\"><\/div><\/div><\/div><\/div><\/div>\n","protected":false},"excerpt":{"rendered":"","protected":false},"author":1,"featured_media":0,"parent":0,"menu_order":0,"comment_status":"closed","ping_status":"closed","template":"","meta":{"_joinchat":[],"footnotes":""},"class_list":["post-439","page","type-page","status-publish","hentry"],"yoast_head":"<!-- This site is optimized with the Yoast SEO plugin v26.4 - https:\/\/yoast.com\/wordpress\/plugins\/seo\/ -->\n<title>Services<\/title>\n<meta name=\"description\" content=\"NOTIO provides Services and Technological Advice\" \/>\n<meta name=\"robots\" content=\"index, follow, max-snippet:-1, max-image-preview:large, max-video-preview:-1\" \/>\n<link rel=\"canonical\" href=\"https:\/\/www.notio.es\/en\/services\/\" \/>\n<meta property=\"og:locale\" content=\"en_US\" \/>\n<meta property=\"og:type\" content=\"article\" \/>\n<meta property=\"og:title\" content=\"Services\" \/>\n<meta property=\"og:description\" content=\"NOTIO provides Services and Technological Advice\" \/>\n<meta property=\"og:url\" content=\"https:\/\/www.notio.es\/en\/services\/\" \/>\n<meta property=\"og:site_name\" content=\"Laboratorio materiales de construcci\u00f3n, Servicios, I+D, CTAC, Asociaci\u00f3n Notio\" \/>\n<meta property=\"article:publisher\" content=\"https:\/\/www.facebook.com\/www.notio.es\" \/>\n<meta property=\"article:modified_time\" content=\"2021-04-21T11:58:04+00:00\" \/>\n<meta name=\"twitter:card\" content=\"summary_large_image\" \/>\n<meta name=\"twitter:site\" content=\"@NOTIO2016\" \/>\n<meta name=\"twitter:label1\" content=\"Est. reading time\" \/>\n\t<meta name=\"twitter:data1\" content=\"2 minutes\" \/>\n<script type=\"application\/ld+json\" class=\"yoast-schema-graph\">{\"@context\":\"https:\/\/schema.org\",\"@graph\":[{\"@type\":\"WebPage\",\"@id\":\"https:\/\/www.notio.es\/en\/services\/\",\"url\":\"https:\/\/www.notio.es\/en\/services\/\",\"name\":\"Services\",\"isPartOf\":{\"@id\":\"https:\/\/www.notio.es\/#website\"},\"datePublished\":\"2016-12-19T17:35:47+00:00\",\"dateModified\":\"2021-04-21T11:58:04+00:00\",\"description\":\"NOTIO provides Services and Technological Advice\",\"inLanguage\":\"en-US\",\"potentialAction\":[{\"@type\":\"ReadAction\",\"target\":[\"https:\/\/www.notio.es\/en\/services\/\"]}]},{\"@type\":\"WebSite\",\"@id\":\"https:\/\/www.notio.es\/#website\",\"url\":\"https:\/\/www.notio.es\/\",\"name\":\"Laboratorio materiales de construcci\u00f3n, Servicios, I+D, CTAC, Asociaci\u00f3n Notio\",\"description\":\"Asociaci\u00f3n NOTIO - Centro Tecnol\u00f3gico de Actividades de la Construcci\u00f3n (CTAC). Laboratorio materiales de construcci\u00f3n, Servicios, I+D\",\"publisher\":{\"@id\":\"https:\/\/www.notio.es\/#organization\"},\"potentialAction\":[{\"@type\":\"SearchAction\",\"target\":{\"@type\":\"EntryPoint\",\"urlTemplate\":\"https:\/\/www.notio.es\/?s={search_term_string}\"},\"query-input\":{\"@type\":\"PropertyValueSpecification\",\"valueRequired\":true,\"valueName\":\"search_term_string\"}}],\"inLanguage\":\"en-US\"},{\"@type\":\"Organization\",\"@id\":\"https:\/\/www.notio.es\/#organization\",\"name\":\"Laboratorio materiales de construcci\u00f3n, Servicios, I+D, CTAC, Asociaci\u00f3n Notio\",\"url\":\"https:\/\/www.notio.es\/\",\"logo\":{\"@type\":\"ImageObject\",\"inLanguage\":\"en-US\",\"@id\":\"https:\/\/www.notio.es\/#\/schema\/logo\/image\/\",\"url\":\"https:\/\/www.notio.es\/wp-content\/uploads\/2015\/02\/Logo-Notio2.jpg\",\"contentUrl\":\"https:\/\/www.notio.es\/wp-content\/uploads\/2015\/02\/Logo-Notio2.jpg\",\"width\":1920,\"height\":1357,\"caption\":\"Laboratorio materiales de construcci\u00f3n, Servicios, I+D, CTAC, Asociaci\u00f3n Notio\"},\"image\":{\"@id\":\"https:\/\/www.notio.es\/#\/schema\/logo\/image\/\"},\"sameAs\":[\"https:\/\/www.facebook.com\/www.notio.es\",\"https:\/\/x.com\/NOTIO2016\"]}]}<\/script>\n<!-- \/ Yoast SEO plugin. -->","yoast_head_json":{"title":"Services","description":"NOTIO provides Services and Technological Advice","robots":{"index":"index","follow":"follow","max-snippet":"max-snippet:-1","max-image-preview":"max-image-preview:large","max-video-preview":"max-video-preview:-1"},"canonical":"https:\/\/www.notio.es\/en\/services\/","og_locale":"en_US","og_type":"article","og_title":"Services","og_description":"NOTIO provides Services and Technological Advice","og_url":"https:\/\/www.notio.es\/en\/services\/","og_site_name":"Laboratorio materiales de construcci\u00f3n, Servicios, I+D, CTAC, Asociaci\u00f3n Notio","article_publisher":"https:\/\/www.facebook.com\/www.notio.es","article_modified_time":"2021-04-21T11:58:04+00:00","twitter_card":"summary_large_image","twitter_site":"@NOTIO2016","twitter_misc":{"Est. reading time":"2 minutes"},"schema":{"@context":"https:\/\/schema.org","@graph":[{"@type":"WebPage","@id":"https:\/\/www.notio.es\/en\/services\/","url":"https:\/\/www.notio.es\/en\/services\/","name":"Services","isPartOf":{"@id":"https:\/\/www.notio.es\/#website"},"datePublished":"2016-12-19T17:35:47+00:00","dateModified":"2021-04-21T11:58:04+00:00","description":"NOTIO provides Services and Technological Advice","inLanguage":"en-US","potentialAction":[{"@type":"ReadAction","target":["https:\/\/www.notio.es\/en\/services\/"]}]},{"@type":"WebSite","@id":"https:\/\/www.notio.es\/#website","url":"https:\/\/www.notio.es\/","name":"Laboratorio materiales de construcci\u00f3n, Servicios, I+D, CTAC, Asociaci\u00f3n Notio","description":"Asociaci\u00f3n NOTIO - Centro Tecnol\u00f3gico de Actividades de la Construcci\u00f3n (CTAC). Laboratorio materiales de construcci\u00f3n, Servicios, I+D","publisher":{"@id":"https:\/\/www.notio.es\/#organization"},"potentialAction":[{"@type":"SearchAction","target":{"@type":"EntryPoint","urlTemplate":"https:\/\/www.notio.es\/?s={search_term_string}"},"query-input":{"@type":"PropertyValueSpecification","valueRequired":true,"valueName":"search_term_string"}}],"inLanguage":"en-US"},{"@type":"Organization","@id":"https:\/\/www.notio.es\/#organization","name":"Laboratorio materiales de construcci\u00f3n, Servicios, I+D, CTAC, Asociaci\u00f3n Notio","url":"https:\/\/www.notio.es\/","logo":{"@type":"ImageObject","inLanguage":"en-US","@id":"https:\/\/www.notio.es\/#\/schema\/logo\/image\/","url":"https:\/\/www.notio.es\/wp-content\/uploads\/2015\/02\/Logo-Notio2.jpg","contentUrl":"https:\/\/www.notio.es\/wp-content\/uploads\/2015\/02\/Logo-Notio2.jpg","width":1920,"height":1357,"caption":"Laboratorio materiales de construcci\u00f3n, Servicios, I+D, CTAC, Asociaci\u00f3n Notio"},"image":{"@id":"https:\/\/www.notio.es\/#\/schema\/logo\/image\/"},"sameAs":["https:\/\/www.facebook.com\/www.notio.es","https:\/\/x.com\/NOTIO2016"]}]}},"_links":{"self":[{"href":"https:\/\/www.notio.es\/en\/wp-json\/wp\/v2\/pages\/439","targetHints":{"allow":["GET"]}}],"collection":[{"href":"https:\/\/www.notio.es\/en\/wp-json\/wp\/v2\/pages"}],"about":[{"href":"https:\/\/www.notio.es\/en\/wp-json\/wp\/v2\/types\/page"}],"author":[{"embeddable":true,"href":"https:\/\/www.notio.es\/en\/wp-json\/wp\/v2\/users\/1"}],"replies":[{"embeddable":true,"href":"https:\/\/www.notio.es\/en\/wp-json\/wp\/v2\/comments?post=439"}],"version-history":[{"count":22,"href":"https:\/\/www.notio.es\/en\/wp-json\/wp\/v2\/pages\/439\/revisions"}],"predecessor-version":[{"id":2751,"href":"https:\/\/www.notio.es\/en\/wp-json\/wp\/v2\/pages\/439\/revisions\/2751"}],"wp:attachment":[{"href":"https:\/\/www.notio.es\/en\/wp-json\/wp\/v2\/media?parent=439"}],"curies":[{"name":"wp","href":"https:\/\/api.w.org\/{rel}","templated":true}]}}