{"id":2932,"date":"2021-06-07T13:01:24","date_gmt":"2021-06-07T11:01:24","guid":{"rendered":"https:\/\/www.notio.es\/?page_id=2932"},"modified":"2021-06-07T13:10:54","modified_gmt":"2021-06-07T11:10:54","slug":"sustainability","status":"publish","type":"page","link":"https:\/\/www.notio.es\/en\/sustainability\/","title":{"rendered":"SUSTAINABILITY"},"content":{"rendered":"<p><div class=\"fusion-fullwidth fullwidth-box fusion-builder-row-1 fusion-flex-container nonhundred-percent-fullwidth non-hundred-percent-height-scrolling\" style=\"--awb-border-radius-top-left:0px;--awb-border-radius-top-right:0px;--awb-border-radius-bottom-right:0px;--awb-border-radius-bottom-left:0px;--awb-flex-wrap:wrap;\" ><div class=\"fusion-builder-row fusion-row fusion-flex-align-items-flex-start fusion-flex-content-wrap\" style=\"max-width:1248px;margin-left: calc(-4% \/ 2 );margin-right: calc(-4% \/ 2 );\"><div class=\"fusion-layout-column fusion_builder_column fusion-builder-column-0 fusion_builder_column_1_2 1_2 fusion-flex-column\" style=\"--awb-bg-size:cover;--awb-width-large:50%;--awb-margin-top-large:0px;--awb-spacing-right-large:3.84%;--awb-margin-bottom-large:20px;--awb-spacing-left-large:3.84%;--awb-width-medium:100%;--awb-order-medium:0;--awb-spacing-right-medium:1.92%;--awb-spacing-left-medium:1.92%;--awb-width-small:100%;--awb-order-small:0;--awb-spacing-right-small:1.92%;--awb-spacing-left-small:1.92%;\"><div class=\"fusion-column-wrapper fusion-column-has-shadow fusion-flex-justify-content-flex-start fusion-content-layout-column\"><div class=\"fusion-text fusion-text-1\"><p><strong>SUSTAINABILITY. Reaching climate neutrality in 2050 and meeting the Sustainable Development Goals <a href=\"https:\/\/www.un.org\/sustainabledevelopment\/sustainable-development-goals\/\" target=\"_blank\" rel=\"noopener\">(SDGs)<\/a> of the <a href=\"https:\/\/www.agenda2030.gob.es\/\" target=\"_blank\" rel=\"noopener\">2030 Agenda<\/a><\/strong> are great global challenges that imply a profound positive transformation of the world we know, through major social, economic and environmental changes.<\/p>\n<p>NOTIO contributes to responding to these challenges and this necessary positive transformation that entails a new development of the industry, the city and the territory; providing advice and technological support for the decarbonization of the building sector and construction materials that contribute to the creation of efficient, sustainable, comfortable and resilient urban environments.<\/p>\n<\/div><\/div><\/div><div class=\"fusion-layout-column fusion_builder_column fusion-builder-column-1 fusion_builder_column_1_2 1_2 fusion-flex-column\" style=\"--awb-bg-size:cover;--awb-width-large:50%;--awb-margin-top-large:0px;--awb-spacing-right-large:3.84%;--awb-margin-bottom-large:20px;--awb-spacing-left-large:3.84%;--awb-width-medium:100%;--awb-order-medium:0;--awb-spacing-right-medium:1.92%;--awb-spacing-left-medium:1.92%;--awb-width-small:100%;--awb-order-small:0;--awb-spacing-right-small:1.92%;--awb-spacing-left-small:1.92%;\"><div class=\"fusion-column-wrapper fusion-column-has-shadow fusion-flex-justify-content-flex-start fusion-content-layout-column\"><div class=\"fusion-image-carousel fusion-image-carousel-auto fusion-image-carousel-1 fusion-carousel-border\"><div class=\"awb-carousel awb-swiper awb-swiper-carousel awb-carousel--carousel awb-swiper-dots-position-bottom\" data-layout=\"carousel\" data-autoplay=\"yes\" data-autoplayspeed=\"2500\" data-autoplaypause=\"no\" data-columns=\"1\" data-columnsmedium=\"1\" data-columnssmall=\"1\" data-itemmargin=\"13\" data-itemwidth=\"180\" data-touchscroll=\"no\" data-freemode=\"no\" data-imagesize=\"auto\" data-scrollitems=\"0\" data-centeredslides=\"no\" data-rotationangle=\"50\" data-depth=\"100\" data-speed=\"500\" data-shadow=\"no\" data-pagination=\"bullets\" style=\"--awb-columns:1;--awb-border-width:1px;--awb-border-color:#e9eaee;\"><div class=\"swiper-wrapper awb-image-carousel-wrapper fusion-flex-align-items-center\"><div class=\"swiper-slide\"><div class=\"fusion-carousel-item-wrapper\"><div class=\"fusion-image-wrapper hover-type-zoomin\"><img decoding=\"async\" width=\"787\" height=\"432\" src=\"https:\/\/www.notio.es\/wp-content\/uploads\/2021\/06\/ctac_paneles_web.jpg\" class=\"attachment-full size-full\" alt=\"\" srcset=\"https:\/\/www.notio.es\/wp-content\/uploads\/2021\/06\/ctac_paneles_web-200x110.jpg 200w, https:\/\/www.notio.es\/wp-content\/uploads\/2021\/06\/ctac_paneles_web-300x165.jpg 300w, https:\/\/www.notio.es\/wp-content\/uploads\/2021\/06\/ctac_paneles_web-400x220.jpg 400w, https:\/\/www.notio.es\/wp-content\/uploads\/2021\/06\/ctac_paneles_web-600x329.jpg 600w, https:\/\/www.notio.es\/wp-content\/uploads\/2021\/06\/ctac_paneles_web-768x422.jpg 768w, https:\/\/www.notio.es\/wp-content\/uploads\/2021\/06\/ctac_paneles_web.jpg 787w\" sizes=\"(max-width: 787px) 100vw, 787px\" \/><\/div><\/div><\/div><div class=\"swiper-slide\"><div class=\"fusion-carousel-item-wrapper\"><div class=\"fusion-image-wrapper hover-type-zoomin\"><img decoding=\"async\" width=\"1440\" height=\"2560\" src=\"https:\/\/www.notio.es\/wp-content\/uploads\/2021\/06\/20190221_122346-scaled.jpg\" class=\"attachment-full size-full\" alt=\"\" srcset=\"https:\/\/www.notio.es\/wp-content\/uploads\/2021\/06\/20190221_122346-169x300.jpg 169w, https:\/\/www.notio.es\/wp-content\/uploads\/2021\/06\/20190221_122346-200x356.jpg 200w, https:\/\/www.notio.es\/wp-content\/uploads\/2021\/06\/20190221_122346-400x711.jpg 400w, https:\/\/www.notio.es\/wp-content\/uploads\/2021\/06\/20190221_122346-576x1024.jpg 576w, https:\/\/www.notio.es\/wp-content\/uploads\/2021\/06\/20190221_122346-600x1067.jpg 600w, https:\/\/www.notio.es\/wp-content\/uploads\/2021\/06\/20190221_122346-768x1365.jpg 768w, https:\/\/www.notio.es\/wp-content\/uploads\/2021\/06\/20190221_122346-800x1422.jpg 800w, https:\/\/www.notio.es\/wp-content\/uploads\/2021\/06\/20190221_122346-864x1536.jpg 864w, https:\/\/www.notio.es\/wp-content\/uploads\/2021\/06\/20190221_122346-1152x2048.jpg 1152w, https:\/\/www.notio.es\/wp-content\/uploads\/2021\/06\/20190221_122346-1200x2133.jpg 1200w, https:\/\/www.notio.es\/wp-content\/uploads\/2021\/06\/20190221_122346-scaled.jpg 1440w\" sizes=\"(max-width: 1440px) 100vw, 1440px\" \/><\/div><\/div><\/div><div class=\"swiper-slide\"><div class=\"fusion-carousel-item-wrapper\"><div class=\"fusion-image-wrapper hover-type-zoomin\"><img decoding=\"async\" width=\"930\" height=\"612\" src=\"https:\/\/www.notio.es\/wp-content\/uploads\/2021\/06\/10.jpg\" class=\"attachment-full size-full\" alt=\"\" srcset=\"https:\/\/www.notio.es\/wp-content\/uploads\/2021\/06\/10-200x132.jpg 200w, https:\/\/www.notio.es\/wp-content\/uploads\/2021\/06\/10-300x197.jpg 300w, https:\/\/www.notio.es\/wp-content\/uploads\/2021\/06\/10-400x263.jpg 400w, https:\/\/www.notio.es\/wp-content\/uploads\/2021\/06\/10-600x395.jpg 600w, https:\/\/www.notio.es\/wp-content\/uploads\/2021\/06\/10-768x505.jpg 768w, https:\/\/www.notio.es\/wp-content\/uploads\/2021\/06\/10-800x526.jpg 800w, https:\/\/www.notio.es\/wp-content\/uploads\/2021\/06\/10.jpg 930w\" sizes=\"(max-width: 930px) 100vw, 930px\" \/><\/div><\/div><\/div><div class=\"swiper-slide\"><div class=\"fusion-carousel-item-wrapper\"><div class=\"fusion-image-wrapper hover-type-zoomin\"><img decoding=\"async\" width=\"423\" height=\"217\" src=\"https:\/\/www.notio.es\/wp-content\/uploads\/2021\/06\/8.jpg\" class=\"attachment-full size-full\" alt=\"\" srcset=\"https:\/\/www.notio.es\/wp-content\/uploads\/2021\/06\/8-200x103.jpg 200w, https:\/\/www.notio.es\/wp-content\/uploads\/2021\/06\/8-300x154.jpg 300w, https:\/\/www.notio.es\/wp-content\/uploads\/2021\/06\/8-400x205.jpg 400w, https:\/\/www.notio.es\/wp-content\/uploads\/2021\/06\/8.jpg 423w\" sizes=\"(max-width: 423px) 100vw, 423px\" \/><\/div><\/div><\/div><div class=\"swiper-slide\"><div class=\"fusion-carousel-item-wrapper\"><div class=\"fusion-image-wrapper hover-type-zoomin\"><img decoding=\"async\" width=\"337\" height=\"451\" src=\"https:\/\/www.notio.es\/wp-content\/uploads\/2021\/06\/7.jpg\" class=\"attachment-full size-full\" alt=\"\" srcset=\"https:\/\/www.notio.es\/wp-content\/uploads\/2021\/06\/7-200x268.jpg 200w, https:\/\/www.notio.es\/wp-content\/uploads\/2021\/06\/7-224x300.jpg 224w, https:\/\/www.notio.es\/wp-content\/uploads\/2021\/06\/7.jpg 337w\" sizes=\"(max-width: 337px) 100vw, 337px\" \/><\/div><\/div><\/div><div class=\"swiper-slide\"><div class=\"fusion-carousel-item-wrapper\"><div class=\"fusion-image-wrapper hover-type-zoomin\"><img decoding=\"async\" width=\"507\" height=\"451\" src=\"https:\/\/www.notio.es\/wp-content\/uploads\/2021\/06\/5.jpg\" class=\"attachment-full size-full\" alt=\"\" srcset=\"https:\/\/www.notio.es\/wp-content\/uploads\/2021\/06\/5-200x178.jpg 200w, https:\/\/www.notio.es\/wp-content\/uploads\/2021\/06\/5-300x267.jpg 300w, https:\/\/www.notio.es\/wp-content\/uploads\/2021\/06\/5-400x356.jpg 400w, https:\/\/www.notio.es\/wp-content\/uploads\/2021\/06\/5.jpg 507w\" sizes=\"(max-width: 507px) 100vw, 507px\" \/><\/div><\/div><\/div><div class=\"swiper-slide\"><div class=\"fusion-carousel-item-wrapper\"><div class=\"fusion-image-wrapper hover-type-zoomin\"><img decoding=\"async\" width=\"548\" height=\"378\" src=\"https:\/\/www.notio.es\/wp-content\/uploads\/2021\/06\/2.jpg\" class=\"attachment-full size-full\" alt=\"\" srcset=\"https:\/\/www.notio.es\/wp-content\/uploads\/2021\/06\/2-200x138.jpg 200w, https:\/\/www.notio.es\/wp-content\/uploads\/2021\/06\/2-300x207.jpg 300w, https:\/\/www.notio.es\/wp-content\/uploads\/2021\/06\/2-400x276.jpg 400w, https:\/\/www.notio.es\/wp-content\/uploads\/2021\/06\/2.jpg 548w\" sizes=\"(max-width: 548px) 100vw, 548px\" \/><\/div><\/div><\/div><div class=\"swiper-slide\"><div class=\"fusion-carousel-item-wrapper\"><div class=\"fusion-image-wrapper hover-type-zoomin\"><img decoding=\"async\" width=\"320\" height=\"218\" src=\"https:\/\/www.notio.es\/wp-content\/uploads\/2021\/06\/climate-neutral.jpg\" class=\"attachment-full size-full\" alt=\"\" srcset=\"https:\/\/www.notio.es\/wp-content\/uploads\/2021\/06\/climate-neutral-200x136.jpg 200w, https:\/\/www.notio.es\/wp-content\/uploads\/2021\/06\/climate-neutral-300x204.jpg 300w, https:\/\/www.notio.es\/wp-content\/uploads\/2021\/06\/climate-neutral.jpg 320w\" sizes=\"(max-width: 320px) 100vw, 320px\" \/><\/div><\/div><\/div><\/div><div class=\"awb-swiper-button awb-swiper-button-prev\"><i class=\"awb-icon-angle-left\" aria-hidden=\"true\"><\/i><\/div><div class=\"awb-swiper-button awb-swiper-button-next\"><i class=\"awb-icon-angle-right\" aria-hidden=\"true\"><\/i><\/div><\/div><\/div><\/div><\/div><\/div><\/div><div class=\"fusion-fullwidth fullwidth-box fusion-builder-row-2 fusion-flex-container nonhundred-percent-fullwidth non-hundred-percent-height-scrolling\" style=\"--awb-border-radius-top-left:0px;--awb-border-radius-top-right:0px;--awb-border-radius-bottom-right:0px;--awb-border-radius-bottom-left:0px;--awb-flex-wrap:wrap;\" ><div class=\"fusion-builder-row fusion-row fusion-flex-align-items-flex-start fusion-flex-content-wrap\" style=\"max-width:1248px;margin-left: calc(-4% \/ 2 );margin-right: calc(-4% \/ 2 );\"><div class=\"fusion-layout-column fusion_builder_column fusion-builder-column-2 fusion_builder_column_1_1 1_1 fusion-flex-column\" style=\"--awb-bg-size:cover;--awb-width-large:100%;--awb-margin-top-large:0px;--awb-spacing-right-large:1.92%;--awb-margin-bottom-large:20px;--awb-spacing-left-large:1.92%;--awb-width-medium:100%;--awb-order-medium:0;--awb-spacing-right-medium:1.92%;--awb-spacing-left-medium:1.92%;--awb-width-small:100%;--awb-order-small:0;--awb-spacing-right-small:1.92%;--awb-spacing-left-small:1.92%;\"><div class=\"fusion-column-wrapper fusion-column-has-shadow fusion-flex-justify-content-flex-start fusion-content-layout-column\"><div class=\"fusion-text fusion-text-2\"><p>For this, NOTIO&#8217;s <a href=\"https:\/\/www.notio.es\/en\/services\/\" target=\"_blank\" rel=\"noopener\">Consulting and Services<\/a>, <a href=\"https:\/\/www.notio.es\/en\/laboratories\/\" target=\"_blank\" rel=\"noopener\">Testing Laboratories<\/a>, <a href=\"https:\/\/www.notio.es\/en\/rdi\/\" target=\"_blank\" rel=\"noopener\">R + D + i<\/a> and <a href=\"https:\/\/www.notio.es\/en\/training\/\" target=\"_blank\" rel=\"noopener\">Specialized<\/a> Training areas have a set of solutions that they put at the service of their clients:<\/p>\n<p><strong><a href=\"https:\/\/www.notio.es\/en\/dap-declaraciones-ambientales-de-producto\/\" target=\"_blank\" rel=\"noopener\">&#8211; Life Cycle Analysis, Carbon Footprint and Environmental Product Declaration (DAP)<\/a><\/strong><\/p>\n<p>These tools allow manufacturers of construction products and specifiers to know, communicate, transfer reliable, exact and verifiable information on the environmental aspects of the products they manufacture, through standardized processes; which facilitates the environmental certification of buildings in seals such as BREEAM, LEED, GREEN, etc. Having this type of specific information from manufacturers will be practically a prerequisite for not being displaced from the market.<\/p>\n<p>The NOTIO team has extensive experience, both nationally and internationally, we have the most used software tools internationally.<\/p>\n<p><strong><a href=\"https:\/\/www.notio.es\/en\/certification\/\" target=\"_blank\" rel=\"noopener\">&#8211; Energy efficiency in buildings<\/a><\/strong><\/p>\n<p>The decarbonisation of the sector requires the massive incorporation of renewables, and intensifying the energy efficiency of buildings and cities instead of a model towards the elimination of the use of fossil fuels.<\/p>\n<p>At NOTIO we work on the development of products and processes for the development of energy solutions to achieve efficient buildings and cities, in aspects such as the Integration of renewables in construction and urban systems or the development of constructive solutions for the adaptation to climate change of buildings. All this aimed at achieving smarter, safer and more economically sustainable buildings for all social groups.<\/p>\n<p><strong>&#8211; Advanced materials<\/strong><\/p>\n<p>We design and develop prototypes and new materials and construction products with optimized properties and functionalities and a lower environmental impact and carbon footprint.<\/p>\n<p>Our work focuses on the field of ceramic products, aggregates, concrete and natural stone, improving the performance of these products in aspects such as durability and resistance, thermal insulation, or the incorporation of new functionalities to increase their applications.<\/p>\n<p><strong>&#8211; Decarbonization of the construction materials manufacturing industry<\/strong><\/p>\n<p>We work on the development of low-carbon energy solutions and roadmaps for the decarbonization of the construction sector industry, for the transformation of the industry and its business model in accordance with the change of the global energy model, seeking the best solutions to each case, individually and personalized.<\/p>\n<p><strong>&#8211; Circular economy<\/strong><\/p>\n<p>We develop and implement solutions for the recovery of waste at the end of the useful life of materials, and its reuse to reduce raw materials and non-renewable resources, promoting the recovery and use of materials and waste.<\/p>\n<p><strong>&#8211; Smart management<\/strong><\/p>\n<p>We analyze and develop solutions for the diagnosis, planning and design of strategies for urban regeneration and transformation, with the use of digital tools and systems (<a href=\"https:\/\/www.notio.es\/en\/planning\/\" target=\"_blank\" rel=\"noopener\">GIS<\/a>).<\/p>\n<\/div><\/div><\/div><\/div><\/div><\/p>\n","protected":false},"excerpt":{"rendered":"","protected":false},"author":2,"featured_media":0,"parent":0,"menu_order":0,"comment_status":"closed","ping_status":"closed","template":"","meta":{"_joinchat":[],"footnotes":""},"class_list":["post-2932","page","type-page","status-publish","hentry"],"yoast_head":"<!-- This site is optimized with the Yoast SEO plugin v26.4 - https:\/\/yoast.com\/wordpress\/plugins\/seo\/ -->\n<title>SUSTAINABILITY<\/title>\n<meta name=\"description\" content=\"SUSTAINABILITY. Reaching climate neutrality in 2050 and meeting the Sustainable Development Goals (SDGs) of the 2030 Agenda\" \/>\n<meta name=\"robots\" content=\"index, follow, max-snippet:-1, max-image-preview:large, max-video-preview:-1\" \/>\n<link rel=\"canonical\" href=\"https:\/\/www.notio.es\/en\/sustainability\/\" \/>\n<meta property=\"og:locale\" content=\"en_US\" \/>\n<meta property=\"og:type\" content=\"article\" \/>\n<meta property=\"og:title\" content=\"SUSTAINABILITY\" \/>\n<meta property=\"og:description\" content=\"SUSTAINABILITY. Reaching climate neutrality in 2050 and meeting the Sustainable Development Goals (SDGs) of the 2030 Agenda\" \/>\n<meta property=\"og:url\" content=\"https:\/\/www.notio.es\/en\/sustainability\/\" \/>\n<meta property=\"og:site_name\" content=\"Laboratorio materiales de construcci\u00f3n, Servicios, I+D, CTAC, Asociaci\u00f3n Notio\" \/>\n<meta property=\"article:publisher\" content=\"https:\/\/www.facebook.com\/www.notio.es\" \/>\n<meta property=\"article:modified_time\" content=\"2021-06-07T11:10:54+00:00\" \/>\n<meta name=\"twitter:card\" content=\"summary_large_image\" \/>\n<meta name=\"twitter:site\" content=\"@NOTIO2016\" \/>\n<meta name=\"twitter:label1\" content=\"Est. reading time\" \/>\n\t<meta name=\"twitter:data1\" content=\"10 minutes\" \/>\n<script type=\"application\/ld+json\" class=\"yoast-schema-graph\">{\"@context\":\"https:\/\/schema.org\",\"@graph\":[{\"@type\":\"WebPage\",\"@id\":\"https:\/\/www.notio.es\/en\/sustainability\/\",\"url\":\"https:\/\/www.notio.es\/en\/sustainability\/\",\"name\":\"SUSTAINABILITY\",\"isPartOf\":{\"@id\":\"https:\/\/www.notio.es\/#website\"},\"datePublished\":\"2021-06-07T11:01:24+00:00\",\"dateModified\":\"2021-06-07T11:10:54+00:00\",\"description\":\"SUSTAINABILITY. Reaching climate neutrality in 2050 and meeting the Sustainable Development Goals (SDGs) of the 2030 Agenda\",\"inLanguage\":\"en-US\",\"potentialAction\":[{\"@type\":\"ReadAction\",\"target\":[\"https:\/\/www.notio.es\/en\/sustainability\/\"]}]},{\"@type\":\"WebSite\",\"@id\":\"https:\/\/www.notio.es\/#website\",\"url\":\"https:\/\/www.notio.es\/\",\"name\":\"Laboratorio materiales de construcci\u00f3n, Servicios, I+D, CTAC, Asociaci\u00f3n Notio\",\"description\":\"Asociaci\u00f3n NOTIO - Centro Tecnol\u00f3gico de Actividades de la Construcci\u00f3n (CTAC). Laboratorio materiales de construcci\u00f3n, Servicios, I+D\",\"publisher\":{\"@id\":\"https:\/\/www.notio.es\/#organization\"},\"potentialAction\":[{\"@type\":\"SearchAction\",\"target\":{\"@type\":\"EntryPoint\",\"urlTemplate\":\"https:\/\/www.notio.es\/?s={search_term_string}\"},\"query-input\":{\"@type\":\"PropertyValueSpecification\",\"valueRequired\":true,\"valueName\":\"search_term_string\"}}],\"inLanguage\":\"en-US\"},{\"@type\":\"Organization\",\"@id\":\"https:\/\/www.notio.es\/#organization\",\"name\":\"Laboratorio materiales de construcci\u00f3n, Servicios, I+D, CTAC, Asociaci\u00f3n Notio\",\"url\":\"https:\/\/www.notio.es\/\",\"logo\":{\"@type\":\"ImageObject\",\"inLanguage\":\"en-US\",\"@id\":\"https:\/\/www.notio.es\/#\/schema\/logo\/image\/\",\"url\":\"https:\/\/www.notio.es\/wp-content\/uploads\/2015\/02\/Logo-Notio2.jpg\",\"contentUrl\":\"https:\/\/www.notio.es\/wp-content\/uploads\/2015\/02\/Logo-Notio2.jpg\",\"width\":1920,\"height\":1357,\"caption\":\"Laboratorio materiales de construcci\u00f3n, Servicios, I+D, CTAC, Asociaci\u00f3n Notio\"},\"image\":{\"@id\":\"https:\/\/www.notio.es\/#\/schema\/logo\/image\/\"},\"sameAs\":[\"https:\/\/www.facebook.com\/www.notio.es\",\"https:\/\/x.com\/NOTIO2016\"]}]}<\/script>\n<!-- \/ Yoast SEO plugin. -->","yoast_head_json":{"title":"SUSTAINABILITY","description":"SUSTAINABILITY. Reaching climate neutrality in 2050 and meeting the Sustainable Development Goals (SDGs) of the 2030 Agenda","robots":{"index":"index","follow":"follow","max-snippet":"max-snippet:-1","max-image-preview":"max-image-preview:large","max-video-preview":"max-video-preview:-1"},"canonical":"https:\/\/www.notio.es\/en\/sustainability\/","og_locale":"en_US","og_type":"article","og_title":"SUSTAINABILITY","og_description":"SUSTAINABILITY. Reaching climate neutrality in 2050 and meeting the Sustainable Development Goals (SDGs) of the 2030 Agenda","og_url":"https:\/\/www.notio.es\/en\/sustainability\/","og_site_name":"Laboratorio materiales de construcci\u00f3n, Servicios, I+D, CTAC, Asociaci\u00f3n Notio","article_publisher":"https:\/\/www.facebook.com\/www.notio.es","article_modified_time":"2021-06-07T11:10:54+00:00","twitter_card":"summary_large_image","twitter_site":"@NOTIO2016","twitter_misc":{"Est. reading time":"10 minutes"},"schema":{"@context":"https:\/\/schema.org","@graph":[{"@type":"WebPage","@id":"https:\/\/www.notio.es\/en\/sustainability\/","url":"https:\/\/www.notio.es\/en\/sustainability\/","name":"SUSTAINABILITY","isPartOf":{"@id":"https:\/\/www.notio.es\/#website"},"datePublished":"2021-06-07T11:01:24+00:00","dateModified":"2021-06-07T11:10:54+00:00","description":"SUSTAINABILITY. Reaching climate neutrality in 2050 and meeting the Sustainable Development Goals (SDGs) of the 2030 Agenda","inLanguage":"en-US","potentialAction":[{"@type":"ReadAction","target":["https:\/\/www.notio.es\/en\/sustainability\/"]}]},{"@type":"WebSite","@id":"https:\/\/www.notio.es\/#website","url":"https:\/\/www.notio.es\/","name":"Laboratorio materiales de construcci\u00f3n, Servicios, I+D, CTAC, Asociaci\u00f3n Notio","description":"Asociaci\u00f3n NOTIO - Centro Tecnol\u00f3gico de Actividades de la Construcci\u00f3n (CTAC). Laboratorio materiales de construcci\u00f3n, Servicios, I+D","publisher":{"@id":"https:\/\/www.notio.es\/#organization"},"potentialAction":[{"@type":"SearchAction","target":{"@type":"EntryPoint","urlTemplate":"https:\/\/www.notio.es\/?s={search_term_string}"},"query-input":{"@type":"PropertyValueSpecification","valueRequired":true,"valueName":"search_term_string"}}],"inLanguage":"en-US"},{"@type":"Organization","@id":"https:\/\/www.notio.es\/#organization","name":"Laboratorio materiales de construcci\u00f3n, Servicios, I+D, CTAC, Asociaci\u00f3n Notio","url":"https:\/\/www.notio.es\/","logo":{"@type":"ImageObject","inLanguage":"en-US","@id":"https:\/\/www.notio.es\/#\/schema\/logo\/image\/","url":"https:\/\/www.notio.es\/wp-content\/uploads\/2015\/02\/Logo-Notio2.jpg","contentUrl":"https:\/\/www.notio.es\/wp-content\/uploads\/2015\/02\/Logo-Notio2.jpg","width":1920,"height":1357,"caption":"Laboratorio materiales de construcci\u00f3n, Servicios, I+D, CTAC, Asociaci\u00f3n Notio"},"image":{"@id":"https:\/\/www.notio.es\/#\/schema\/logo\/image\/"},"sameAs":["https:\/\/www.facebook.com\/www.notio.es","https:\/\/x.com\/NOTIO2016"]}]}},"_links":{"self":[{"href":"https:\/\/www.notio.es\/en\/wp-json\/wp\/v2\/pages\/2932","targetHints":{"allow":["GET"]}}],"collection":[{"href":"https:\/\/www.notio.es\/en\/wp-json\/wp\/v2\/pages"}],"about":[{"href":"https:\/\/www.notio.es\/en\/wp-json\/wp\/v2\/types\/page"}],"author":[{"embeddable":true,"href":"https:\/\/www.notio.es\/en\/wp-json\/wp\/v2\/users\/2"}],"replies":[{"embeddable":true,"href":"https:\/\/www.notio.es\/en\/wp-json\/wp\/v2\/comments?post=2932"}],"version-history":[{"count":5,"href":"https:\/\/www.notio.es\/en\/wp-json\/wp\/v2\/pages\/2932\/revisions"}],"predecessor-version":[{"id":2940,"href":"https:\/\/www.notio.es\/en\/wp-json\/wp\/v2\/pages\/2932\/revisions\/2940"}],"wp:attachment":[{"href":"https:\/\/www.notio.es\/en\/wp-json\/wp\/v2\/media?parent=2932"}],"curies":[{"name":"wp","href":"https:\/\/api.w.org\/{rel}","templated":true}]}}