{"id":1887,"date":"2018-10-29T15:18:51","date_gmt":"2018-10-29T14:18:51","guid":{"rendered":"https:\/\/www.notio.es\/geofisica\/"},"modified":"2024-02-22T15:59:51","modified_gmt":"2024-02-22T14:59:51","slug":"geophysics","status":"publish","type":"page","link":"https:\/\/www.notio.es\/en\/geophysics\/","title":{"rendered":"Geophysics"},"content":{"rendered":"<p><div class=\"fusion-fullwidth fullwidth-box fusion-builder-row-1 nonhundred-percent-fullwidth non-hundred-percent-height-scrolling\" style=\"--awb-border-radius-top-left:0px;--awb-border-radius-top-right:0px;--awb-border-radius-bottom-right:0px;--awb-border-radius-bottom-left:0px;--awb-flex-wrap:wrap;\" ><div class=\"fusion-builder-row fusion-row\"><div class=\"fusion-layout-column fusion_builder_column fusion-builder-column-0 fusion_builder_column_2_3 2_3 fusion-two-third fusion-column-first\" style=\"--awb-bg-size:cover;width:66.666666666667%;width:calc(66.666666666667% - ( ( 4% ) * 0.66666666666667 ) );margin-right: 4%;\"><div class=\"fusion-column-wrapper fusion-flex-column-wrapper-legacy\"><div class=\"fusion-text fusion-text-1\" style=\"--awb-text-transform:none;\"><p><strong>GEORADAR<\/strong><\/p>\n<p><strong>Georadar (Ground Penetrating Radar <a href=\"https:\/\/www.geophysical.com\/\" target=\"_blank\" rel=\"noopener\">GPR<\/a>)<\/strong> is a non-invasive method of material analysis based on the transmission of electromagnetic waves in materials. A part of the electromagnetic wave is reflected when a limit is reached between two materials with different electrical properties. The reflected signal generates a two-dimensional &#8220;depth-distance&#8221; record or image of the subsoil, along the entire line of displacement of the antenna and is recorded for further analysis.<\/p>\n<p>Below there are some of the most notable advantages offered by this method over other traditional geophysical methods such as seismic surveys, electric logs, etc.:<\/p>\n<ul>\n<li>Non-destructive method.<\/li>\n<li>Making continuous measurements in space.<\/li>\n<li>Speed of taking measurements and data interpretation.<\/li>\n<li>Wide versatility of the equipment for a large number of applications.<\/li>\n<li>Absence of environmental impacts (no noise, no dust, no traffic disruptions, etc.)<\/li>\n<li>Low interference and even simultaneity, with usual tasks and work developed in the exploration area<\/li>\n<\/ul>\n<\/div><div class=\"fusion-clearfix\"><\/div><\/div><\/div><div class=\"fusion-layout-column fusion_builder_column fusion-builder-column-1 fusion_builder_column_1_3 1_3 fusion-one-third fusion-column-last\" style=\"--awb-bg-size:cover;width:33.333333333333%;width:calc(33.333333333333% - ( ( 4% ) * 0.33333333333333 ) );\"><div class=\"fusion-column-wrapper fusion-flex-column-wrapper-legacy\"><div class=\"fusion-image-carousel fusion-image-carousel-auto fusion-image-carousel-1 fusion-carousel-border\"><div class=\"awb-carousel awb-swiper awb-swiper-carousel awb-carousel--carousel awb-swiper-dots-position-bottom\" data-layout=\"carousel\" data-autoplay=\"yes\" data-autoplayspeed=\"2500\" data-autoplaypause=\"no\" data-columns=\"1\" data-columnsmedium=\"1\" data-columnssmall=\"1\" data-itemmargin=\"13\" data-itemwidth=\"180\" data-touchscroll=\"drag\" data-freemode=\"no\" data-imagesize=\"auto\" data-scrollitems=\"0\" data-centeredslides=\"no\" data-rotationangle=\"50\" data-depth=\"100\" data-speed=\"500\" data-shadow=\"no\" data-pagination=\"bullets\" style=\"--awb-columns:1;--awb-border-width:1px;--awb-border-color:#e9eaee;\"><div class=\"swiper-wrapper awb-image-carousel-wrapper fusion-flex-align-items-center\"><div class=\"swiper-slide\"><div class=\"fusion-carousel-item-wrapper\"><div class=\"fusion-image-wrapper hover-type-zoomin\"><img decoding=\"async\" width=\"280\" height=\"390\" src=\"https:\/\/www.notio.es\/wp-content\/uploads\/2018\/10\/Fotos-Servicios-2.jpg\" class=\"attachment-full size-full\" alt=\"\" srcset=\"https:\/\/www.notio.es\/wp-content\/uploads\/2018\/10\/Fotos-Servicios-2-200x279.jpg 200w, https:\/\/www.notio.es\/wp-content\/uploads\/2018\/10\/Fotos-Servicios-2-215x300.jpg 215w, https:\/\/www.notio.es\/wp-content\/uploads\/2018\/10\/Fotos-Servicios-2.jpg 280w\" sizes=\"(max-width: 280px) 100vw, 280px\" \/><\/div><\/div><\/div><div class=\"swiper-slide\"><div class=\"fusion-carousel-item-wrapper\"><div class=\"fusion-image-wrapper hover-type-zoomin\"><img decoding=\"async\" width=\"280\" height=\"390\" src=\"https:\/\/www.notio.es\/wp-content\/uploads\/2018\/02\/servicios-georradar4.jpg\" class=\"attachment-full size-full\" alt=\"\" srcset=\"https:\/\/www.notio.es\/wp-content\/uploads\/2018\/02\/servicios-georradar4-215x300.jpg 215w, https:\/\/www.notio.es\/wp-content\/uploads\/2018\/02\/servicios-georradar4.jpg 280w\" sizes=\"(max-width: 280px) 100vw, 280px\" \/><\/div><\/div><\/div><div class=\"swiper-slide\"><div class=\"fusion-carousel-item-wrapper\"><div class=\"fusion-image-wrapper hover-type-zoomin\"><img decoding=\"async\" width=\"280\" height=\"390\" src=\"https:\/\/www.notio.es\/wp-content\/uploads\/2018\/02\/servicios-georradar2.jpg\" class=\"attachment-full size-full\" alt=\"\" srcset=\"https:\/\/www.notio.es\/wp-content\/uploads\/2018\/02\/servicios-georradar2-215x300.jpg 215w, https:\/\/www.notio.es\/wp-content\/uploads\/2018\/02\/servicios-georradar2.jpg 280w\" sizes=\"(max-width: 280px) 100vw, 280px\" \/><\/div><\/div><\/div><\/div><div class=\"awb-swiper-button awb-swiper-button-prev\"><i class=\"awb-icon-angle-left\" aria-hidden=\"true\"><\/i><\/div><div class=\"awb-swiper-button awb-swiper-button-next\"><i class=\"awb-icon-angle-right\" aria-hidden=\"true\"><\/i><\/div><\/div><\/div><div class=\"fusion-clearfix\"><\/div><\/div><\/div><\/div><\/div><div class=\"fusion-fullwidth fullwidth-box fusion-builder-row-2 nonhundred-percent-fullwidth non-hundred-percent-height-scrolling\" style=\"--awb-border-radius-top-left:0px;--awb-border-radius-top-right:0px;--awb-border-radius-bottom-right:0px;--awb-border-radius-bottom-left:0px;--awb-flex-wrap:wrap;\" ><div class=\"fusion-builder-row fusion-row\"><div class=\"fusion-layout-column fusion_builder_column fusion-builder-column-2 fusion_builder_column_1_1 1_1 fusion-one-full fusion-column-first fusion-column-last\" style=\"--awb-bg-size:cover;\"><div class=\"fusion-column-wrapper fusion-flex-column-wrapper-legacy\"><div class=\"fusion-text fusion-text-2\"><p><u>GPR APPLICATIONS<\/u><\/p>\n<p>The GPR can be applied in a wide range of waves. Among the most common uses, include;<\/p>\n<ul>\n<li><strong>Environmental applications:<\/strong>\n<ul>\n<li>Detection hazardous materials.<\/li>\n<li>Determination extent of a contaminated area.<\/li>\n<li>Detection of oil pollution on the water table level.<\/li>\n<li>Research geological soil conditions.<\/li>\n<li>Detection of waste deposits.<\/li>\n<\/ul>\n<\/li>\n<li><strong>Geotechnical investigation before the planning and construction:<\/strong>\n<ul>\n<li>Construction of the geological map of the surface.<\/li>\n<li>Detection of natural and artificial cavities.<\/li>\n<li>Research of buried objects.<\/li>\n<\/ul>\n<\/li>\n<li><strong>Testing of artificial structures:<\/strong>\n<ul>\n<li>Study of fractures and holes in tunnels, etc.<\/li>\n<li>Location of pipes, cables and other subsurface services.<\/li>\n<li>Inspection of asphalt pavement and concrete structures.<\/li>\n<\/ul>\n<\/li>\n<li><strong>Exploration of minerals and raw material.<\/strong><\/li>\n<li><strong>Special control in mines.<\/strong><\/li>\n<li><strong>Archaeological and heritage studies.<\/strong><\/li>\n<\/ul>\n<p><a href=\"https:\/\/www.notio.es\/wp-content\/uploads\/2021\/06\/georadar-NOTIO-english.pdf\" target=\"_blank\" rel=\"noopener\">Download NOTIO <strong>georadar <\/strong>dossier.<\/a><\/p>\n<\/div><div class=\"fusion-clearfix\"><\/div><\/div><\/div><\/div><\/div><div class=\"fusion-fullwidth fullwidth-box fusion-builder-row-3 nonhundred-percent-fullwidth non-hundred-percent-height-scrolling\" style=\"--awb-border-radius-top-left:0px;--awb-border-radius-top-right:0px;--awb-border-radius-bottom-right:0px;--awb-border-radius-bottom-left:0px;--awb-flex-wrap:wrap;\" ><div class=\"fusion-builder-row fusion-row\"><div class=\"fusion-layout-column fusion_builder_column fusion-builder-column-3 fusion_builder_column_2_3 2_3 fusion-two-third fusion-column-first\" style=\"--awb-bg-size:cover;width:66.666666666667%;width:calc(66.666666666667% - ( ( 4% ) * 0.66666666666667 ) );margin-right: 4%;\"><div class=\"fusion-column-wrapper fusion-flex-column-wrapper-legacy\"><div class=\"fusion-text fusion-text-3\"><p><strong><u>Electrical Resistivity Tomography (ERT)<\/u><\/strong><\/p>\n<p>The purpose of geoelectrical imaging techniques, such as ERT, is to produce spatial models of subsurface electrical property distributions. Through the application of ERT, features with a contrasting resistivity to that of surrounding materials may be located and characterised in terms of resistivity, and their spatial extent and shape.<\/p>\n<p>During the course of an ERT survey a series of four-point electrical resistance measurements (consisting of a current, C1-C2, and a potential, P1-P2, dipole) are made. A 2D ERT survey usually employs a set of stainless-steel electrodes (in spike- or plate-design) aligned along a straight line and connected via multi-core cables to a computer controlled automated measurement system collecting a large number of electrical measurements. An inverse problem is solved to derive models of the subsurface resistivity distribution from the acquired data. In simple terms, this is done by comparing the response of a resistivity model with the acquired data and adapting this model until the difference between calculated and observed data is sufficiently small.<\/p>\n<p><strong><u>LINES OF WORK<\/u><\/strong><\/p>\n<p>The main applications and lines of research developed with the ERT equipment focus on the following fields:<\/p>\n<ul>\n<li>Identification of altered rocks; location and definition of the extension of the alteration band in granitic terrains.<\/li>\n<li>Determination of alteration coating on metamorphic rocks such as shales.<\/li>\n<li>Location of fractures in calcareous soils covered by a layer of clay material.<\/li>\n<li>Location of galleries and karstifications.<\/li>\n<li>Location of pipes.<\/li>\n<li>Identification and mapping of archaeological remains.<\/li>\n<\/ul>\n<p><a href=\"https:\/\/www.notio.es\/wp-content\/uploads\/2018\/11\/To-ETR-NOTIO-english.pdf\">Download NOTIO <strong>Electrical Resistivity Tomography (ERT)<\/strong> dossier.<\/a><\/p>\n<\/div><div class=\"fusion-clearfix\"><\/div><\/div><\/div><div class=\"fusion-layout-column fusion_builder_column fusion-builder-column-4 fusion_builder_column_1_3 1_3 fusion-one-third fusion-column-last\" style=\"--awb-bg-size:cover;width:33.333333333333%;width:calc(33.333333333333% - ( ( 4% ) * 0.33333333333333 ) );\"><div class=\"fusion-column-wrapper fusion-flex-column-wrapper-legacy\"><div class=\"fusion-image-carousel fusion-image-carousel-auto fusion-image-carousel-2 lightbox-enabled fusion-carousel-border\"><div class=\"awb-carousel awb-swiper awb-swiper-carousel awb-carousel--carousel awb-swiper-dots-position-bottom\" data-layout=\"carousel\" data-autoplay=\"yes\" data-autoplayspeed=\"2500\" data-autoplaypause=\"no\" data-columns=\"1\" data-columnsmedium=\"1\" data-columnssmall=\"1\" data-itemmargin=\"13\" data-itemwidth=\"180\" data-touchscroll=\"no\" data-freemode=\"no\" data-imagesize=\"auto\" data-scrollitems=\"0\" data-centeredslides=\"no\" data-rotationangle=\"50\" data-depth=\"100\" data-speed=\"500\" data-shadow=\"no\" data-pagination=\"bullets\" style=\"--awb-columns:1;--awb-border-width:1px;--awb-border-color:#e9eaee;\"><div class=\"swiper-wrapper awb-image-carousel-wrapper fusion-flex-align-items-center\"><div class=\"swiper-slide\"><div class=\"fusion-carousel-item-wrapper\"><div class=\"fusion-image-wrapper hover-type-zoomin\"><a data-rel=\"iLightbox[image_carousel_2]\" data-caption=\"servicios tomografia3\" data-title=\"servicios tomografia3\" aria-label=\"servicios tomografia3\" href=\"https:\/\/www.notio.es\/wp-content\/uploads\/2018\/02\/servicios-tomografia3-215x300.jpg\" target=\"_self\"><img decoding=\"async\" width=\"280\" height=\"390\" src=\"https:\/\/www.notio.es\/wp-content\/uploads\/2018\/02\/servicios-tomografia3.jpg\" class=\"attachment-full size-full\" alt=\"\" srcset=\"https:\/\/www.notio.es\/wp-content\/uploads\/2018\/02\/servicios-tomografia3-215x300.jpg 215w, https:\/\/www.notio.es\/wp-content\/uploads\/2018\/02\/servicios-tomografia3.jpg 280w\" sizes=\"(max-width: 280px) 100vw, 280px\" \/><\/a><\/div><\/div><\/div><div class=\"swiper-slide\"><div class=\"fusion-carousel-item-wrapper\"><div class=\"fusion-image-wrapper hover-type-zoomin\"><a data-rel=\"iLightbox[image_carousel_2]\" data-caption=\"servicios tomografia2\" data-title=\"servicios tomografia2\" aria-label=\"servicios tomografia2\" href=\"https:\/\/www.notio.es\/wp-content\/uploads\/2018\/02\/servicios-tomografia2-215x300.jpg\" target=\"_self\"><img decoding=\"async\" width=\"280\" height=\"390\" src=\"https:\/\/www.notio.es\/wp-content\/uploads\/2018\/02\/servicios-tomografia2.jpg\" class=\"attachment-full size-full\" alt=\"\" srcset=\"https:\/\/www.notio.es\/wp-content\/uploads\/2018\/02\/servicios-tomografia2-215x300.jpg 215w, https:\/\/www.notio.es\/wp-content\/uploads\/2018\/02\/servicios-tomografia2.jpg 280w\" sizes=\"(max-width: 280px) 100vw, 280px\" \/><\/a><\/div><\/div><\/div><div class=\"swiper-slide\"><div class=\"fusion-carousel-item-wrapper\"><div class=\"fusion-image-wrapper hover-type-zoomin\"><a data-rel=\"iLightbox[image_carousel_2]\" data-caption=\"i+d tomografia1\" data-title=\"i+d tomografia1\" aria-label=\"i+d tomografia1\" href=\"https:\/\/www.notio.es\/wp-content\/uploads\/2018\/02\/servicios-tomografia1-215x300.jpg\" target=\"_self\"><img decoding=\"async\" width=\"280\" height=\"390\" src=\"https:\/\/www.notio.es\/wp-content\/uploads\/2018\/02\/servicios-tomografia1.jpg\" class=\"attachment-full size-full\" alt=\"\" srcset=\"https:\/\/www.notio.es\/wp-content\/uploads\/2018\/02\/servicios-tomografia1-215x300.jpg 215w, https:\/\/www.notio.es\/wp-content\/uploads\/2018\/02\/servicios-tomografia1.jpg 280w\" sizes=\"(max-width: 280px) 100vw, 280px\" \/><\/a><\/div><\/div><\/div><\/div><div class=\"awb-swiper-button awb-swiper-button-prev\"><i class=\"awb-icon-angle-left\" aria-hidden=\"true\"><\/i><\/div><div class=\"awb-swiper-button awb-swiper-button-next\"><i class=\"awb-icon-angle-right\" aria-hidden=\"true\"><\/i><\/div><\/div><\/div><div class=\"fusion-clearfix\"><\/div><\/div><\/div><\/div><\/div><\/p>\n","protected":false},"excerpt":{"rendered":"","protected":false},"author":2,"featured_media":0,"parent":0,"menu_order":0,"comment_status":"closed","ping_status":"closed","template":"","meta":{"_joinchat":[],"footnotes":""},"class_list":["post-1887","page","type-page","status-publish","hentry"],"yoast_head":"<!-- This site is optimized with the Yoast SEO plugin v26.4 - https:\/\/yoast.com\/wordpress\/plugins\/seo\/ -->\n<title>Geophysics<\/title>\n<meta name=\"description\" content=\"NOTIO technical team has a wide experience for the realization of geophysical studies with georadar (GPR) and ERT Geophysics\" \/>\n<meta name=\"robots\" content=\"index, follow, max-snippet:-1, max-image-preview:large, max-video-preview:-1\" \/>\n<link rel=\"canonical\" href=\"https:\/\/www.notio.es\/en\/geophysics\/\" \/>\n<meta property=\"og:locale\" content=\"en_US\" \/>\n<meta property=\"og:type\" content=\"article\" \/>\n<meta property=\"og:title\" content=\"Geophysics\" \/>\n<meta property=\"og:description\" content=\"NOTIO technical team has a wide experience for the realization of geophysical studies with georadar (GPR) and ERT Geophysics\" \/>\n<meta property=\"og:url\" content=\"https:\/\/www.notio.es\/en\/geophysics\/\" \/>\n<meta property=\"og:site_name\" content=\"Laboratorio materiales de construcci\u00f3n, Servicios, I+D, CTAC, Asociaci\u00f3n Notio\" \/>\n<meta property=\"article:publisher\" content=\"https:\/\/www.facebook.com\/www.notio.es\" \/>\n<meta property=\"article:modified_time\" content=\"2024-02-22T14:59:51+00:00\" \/>\n<meta name=\"twitter:card\" content=\"summary_large_image\" \/>\n<meta name=\"twitter:site\" content=\"@NOTIO2016\" \/>\n<meta name=\"twitter:label1\" content=\"Est. reading time\" \/>\n\t<meta name=\"twitter:data1\" content=\"5 minutes\" \/>\n<script type=\"application\/ld+json\" class=\"yoast-schema-graph\">{\"@context\":\"https:\/\/schema.org\",\"@graph\":[{\"@type\":\"WebPage\",\"@id\":\"https:\/\/www.notio.es\/en\/geophysics\/\",\"url\":\"https:\/\/www.notio.es\/en\/geophysics\/\",\"name\":\"Geophysics\",\"isPartOf\":{\"@id\":\"https:\/\/www.notio.es\/#website\"},\"datePublished\":\"2018-10-29T14:18:51+00:00\",\"dateModified\":\"2024-02-22T14:59:51+00:00\",\"description\":\"NOTIO technical team has a wide experience for the realization of geophysical studies with georadar (GPR) and ERT Geophysics\",\"inLanguage\":\"en-US\",\"potentialAction\":[{\"@type\":\"ReadAction\",\"target\":[\"https:\/\/www.notio.es\/en\/geophysics\/\"]}]},{\"@type\":\"WebSite\",\"@id\":\"https:\/\/www.notio.es\/#website\",\"url\":\"https:\/\/www.notio.es\/\",\"name\":\"Laboratorio materiales de construcci\u00f3n, Servicios, I+D, CTAC, Asociaci\u00f3n Notio\",\"description\":\"Asociaci\u00f3n NOTIO - Centro Tecnol\u00f3gico de Actividades de la Construcci\u00f3n (CTAC). Laboratorio materiales de construcci\u00f3n, Servicios, I+D\",\"publisher\":{\"@id\":\"https:\/\/www.notio.es\/#organization\"},\"potentialAction\":[{\"@type\":\"SearchAction\",\"target\":{\"@type\":\"EntryPoint\",\"urlTemplate\":\"https:\/\/www.notio.es\/?s={search_term_string}\"},\"query-input\":{\"@type\":\"PropertyValueSpecification\",\"valueRequired\":true,\"valueName\":\"search_term_string\"}}],\"inLanguage\":\"en-US\"},{\"@type\":\"Organization\",\"@id\":\"https:\/\/www.notio.es\/#organization\",\"name\":\"Laboratorio materiales de construcci\u00f3n, Servicios, I+D, CTAC, Asociaci\u00f3n Notio\",\"url\":\"https:\/\/www.notio.es\/\",\"logo\":{\"@type\":\"ImageObject\",\"inLanguage\":\"en-US\",\"@id\":\"https:\/\/www.notio.es\/#\/schema\/logo\/image\/\",\"url\":\"https:\/\/www.notio.es\/wp-content\/uploads\/2015\/02\/Logo-Notio2.jpg\",\"contentUrl\":\"https:\/\/www.notio.es\/wp-content\/uploads\/2015\/02\/Logo-Notio2.jpg\",\"width\":1920,\"height\":1357,\"caption\":\"Laboratorio materiales de construcci\u00f3n, Servicios, I+D, CTAC, Asociaci\u00f3n Notio\"},\"image\":{\"@id\":\"https:\/\/www.notio.es\/#\/schema\/logo\/image\/\"},\"sameAs\":[\"https:\/\/www.facebook.com\/www.notio.es\",\"https:\/\/x.com\/NOTIO2016\"]}]}<\/script>\n<!-- \/ Yoast SEO plugin. -->","yoast_head_json":{"title":"Geophysics","description":"NOTIO technical team has a wide experience for the realization of geophysical studies with georadar (GPR) and ERT Geophysics","robots":{"index":"index","follow":"follow","max-snippet":"max-snippet:-1","max-image-preview":"max-image-preview:large","max-video-preview":"max-video-preview:-1"},"canonical":"https:\/\/www.notio.es\/en\/geophysics\/","og_locale":"en_US","og_type":"article","og_title":"Geophysics","og_description":"NOTIO technical team has a wide experience for the realization of geophysical studies with georadar (GPR) and ERT Geophysics","og_url":"https:\/\/www.notio.es\/en\/geophysics\/","og_site_name":"Laboratorio materiales de construcci\u00f3n, Servicios, I+D, CTAC, Asociaci\u00f3n Notio","article_publisher":"https:\/\/www.facebook.com\/www.notio.es","article_modified_time":"2024-02-22T14:59:51+00:00","twitter_card":"summary_large_image","twitter_site":"@NOTIO2016","twitter_misc":{"Est. reading time":"5 minutes"},"schema":{"@context":"https:\/\/schema.org","@graph":[{"@type":"WebPage","@id":"https:\/\/www.notio.es\/en\/geophysics\/","url":"https:\/\/www.notio.es\/en\/geophysics\/","name":"Geophysics","isPartOf":{"@id":"https:\/\/www.notio.es\/#website"},"datePublished":"2018-10-29T14:18:51+00:00","dateModified":"2024-02-22T14:59:51+00:00","description":"NOTIO technical team has a wide experience for the realization of geophysical studies with georadar (GPR) and ERT Geophysics","inLanguage":"en-US","potentialAction":[{"@type":"ReadAction","target":["https:\/\/www.notio.es\/en\/geophysics\/"]}]},{"@type":"WebSite","@id":"https:\/\/www.notio.es\/#website","url":"https:\/\/www.notio.es\/","name":"Laboratorio materiales de construcci\u00f3n, Servicios, I+D, CTAC, Asociaci\u00f3n Notio","description":"Asociaci\u00f3n NOTIO - Centro Tecnol\u00f3gico de Actividades de la Construcci\u00f3n (CTAC). Laboratorio materiales de construcci\u00f3n, Servicios, I+D","publisher":{"@id":"https:\/\/www.notio.es\/#organization"},"potentialAction":[{"@type":"SearchAction","target":{"@type":"EntryPoint","urlTemplate":"https:\/\/www.notio.es\/?s={search_term_string}"},"query-input":{"@type":"PropertyValueSpecification","valueRequired":true,"valueName":"search_term_string"}}],"inLanguage":"en-US"},{"@type":"Organization","@id":"https:\/\/www.notio.es\/#organization","name":"Laboratorio materiales de construcci\u00f3n, Servicios, I+D, CTAC, Asociaci\u00f3n Notio","url":"https:\/\/www.notio.es\/","logo":{"@type":"ImageObject","inLanguage":"en-US","@id":"https:\/\/www.notio.es\/#\/schema\/logo\/image\/","url":"https:\/\/www.notio.es\/wp-content\/uploads\/2015\/02\/Logo-Notio2.jpg","contentUrl":"https:\/\/www.notio.es\/wp-content\/uploads\/2015\/02\/Logo-Notio2.jpg","width":1920,"height":1357,"caption":"Laboratorio materiales de construcci\u00f3n, Servicios, I+D, CTAC, Asociaci\u00f3n Notio"},"image":{"@id":"https:\/\/www.notio.es\/#\/schema\/logo\/image\/"},"sameAs":["https:\/\/www.facebook.com\/www.notio.es","https:\/\/x.com\/NOTIO2016"]}]}},"_links":{"self":[{"href":"https:\/\/www.notio.es\/en\/wp-json\/wp\/v2\/pages\/1887","targetHints":{"allow":["GET"]}}],"collection":[{"href":"https:\/\/www.notio.es\/en\/wp-json\/wp\/v2\/pages"}],"about":[{"href":"https:\/\/www.notio.es\/en\/wp-json\/wp\/v2\/types\/page"}],"author":[{"embeddable":true,"href":"https:\/\/www.notio.es\/en\/wp-json\/wp\/v2\/users\/2"}],"replies":[{"embeddable":true,"href":"https:\/\/www.notio.es\/en\/wp-json\/wp\/v2\/comments?post=1887"}],"version-history":[{"count":4,"href":"https:\/\/www.notio.es\/en\/wp-json\/wp\/v2\/pages\/1887\/revisions"}],"predecessor-version":[{"id":4377,"href":"https:\/\/www.notio.es\/en\/wp-json\/wp\/v2\/pages\/1887\/revisions\/4377"}],"wp:attachment":[{"href":"https:\/\/www.notio.es\/en\/wp-json\/wp\/v2\/media?parent=1887"}],"curies":[{"name":"wp","href":"https:\/\/api.w.org\/{rel}","templated":true}]}}