{"id":138,"date":"2016-04-12T08:19:55","date_gmt":"2016-04-12T08:19:55","guid":{"rendered":"https:\/\/www.notio.es\/?page_id=138&#038;lang=en"},"modified":"2018-10-22T10:18:12","modified_gmt":"2018-10-22T08:18:12","slug":"contact-notio","status":"publish","type":"page","link":"https:\/\/www.notio.es\/en\/contact-notio\/","title":{"rendered":"Contact"},"content":{"rendered":"<div class=\"fusion-fullwidth fullwidth-box fusion-builder-row-1 nonhundred-percent-fullwidth non-hundred-percent-height-scrolling\" style=\"--awb-border-radius-top-left:0px;--awb-border-radius-top-right:0px;--awb-border-radius-bottom-right:0px;--awb-border-radius-bottom-left:0px;--awb-flex-wrap:wrap;\" ><div class=\"fusion-builder-row fusion-row\"><div class=\"fusion-layout-column fusion_builder_column fusion-builder-column-0 fusion_builder_column_1_2 1_2 fusion-one-half fusion-column-first\" style=\"--awb-bg-size:cover;width:50%;width:calc(50% - ( ( 4% ) * 0.5 ) );margin-right: 4%;\"><div class=\"fusion-column-wrapper fusion-flex-column-wrapper-legacy\"><div class=\"fusion-text fusion-text-1\">\n<div class=\"wpcf7 no-js\" id=\"wpcf7-f116-o1\" lang=\"en-US\" dir=\"ltr\" data-wpcf7-id=\"116\">\n<div class=\"screen-reader-response\"><p role=\"status\" aria-live=\"polite\" aria-atomic=\"true\"><\/p> <ul><\/ul><\/div>\n<form action=\"\/en\/wp-json\/wp\/v2\/pages\/138#wpcf7-f116-o1\" method=\"post\" class=\"wpcf7-form init\" aria-label=\"Contact form\" novalidate=\"novalidate\" data-status=\"init\">\n<fieldset class=\"hidden-fields-container\"><input type=\"hidden\" name=\"_wpcf7\" value=\"116\" \/><input type=\"hidden\" name=\"_wpcf7_version\" value=\"6.1.3\" \/><input type=\"hidden\" name=\"_wpcf7_locale\" value=\"en_US\" \/><input type=\"hidden\" name=\"_wpcf7_unit_tag\" value=\"wpcf7-f116-o1\" \/><input type=\"hidden\" name=\"_wpcf7_container_post\" value=\"0\" \/><input type=\"hidden\" name=\"_wpcf7_posted_data_hash\" value=\"\" \/><input type=\"hidden\" name=\"_wpcf7_recaptcha_response\" value=\"\" \/>\n<\/fieldset>\n<p>Your Name (required)\n<\/p>\n<p><span class=\"wpcf7-form-control-wrap\" data-name=\"your-name\"><input size=\"29\" maxlength=\"400\" class=\"wpcf7-form-control wpcf7-text wpcf7-validates-as-required\" aria-required=\"true\" aria-invalid=\"false\" value=\"\" type=\"text\" name=\"your-name\" \/><\/span>\n<\/p>\n<p>Your Email (required)\n<\/p>\n<p><span class=\"wpcf7-form-control-wrap\" data-name=\"your-email\"><input size=\"29\" maxlength=\"400\" class=\"wpcf7-form-control wpcf7-email wpcf7-validates-as-required wpcf7-text wpcf7-validates-as-email\" aria-required=\"true\" aria-invalid=\"false\" value=\"\" type=\"email\" name=\"your-email\" \/><\/span>\n<\/p>\n<p>Subject\n<\/p>\n<p><span class=\"wpcf7-form-control-wrap\" data-name=\"your-subject\"><input size=\"29\" maxlength=\"400\" class=\"wpcf7-form-control wpcf7-text\" aria-invalid=\"false\" value=\"\" type=\"text\" name=\"your-subject\" \/><\/span>\n<\/p>\n<p>Your Message\n<\/p>\n<p><span class=\"wpcf7-form-control-wrap\" data-name=\"your-message\"><textarea cols=\"40\" rows=\"10\" maxlength=\"2000\" class=\"wpcf7-form-control wpcf7-textarea\" aria-invalid=\"false\" name=\"your-message\"><\/textarea><\/span>\n<\/p>\n<h4>I have read and accept the <a href=\"https:\/\/www.notio.es\/en\/privacy-policy\/\">Privacy Policy<\/a> and the<a href=\"https:\/\/www.notio.es\/en\/legal-warning\/\">Legal Warning<\/a>.<span class=\"wpcf7-form-control-wrap\" data-name=\"acceptance-34\"><span class=\"wpcf7-form-control wpcf7-acceptance\"><span class=\"wpcf7-list-item\"><input type=\"checkbox\" name=\"acceptance-34\" value=\"1\" aria-invalid=\"false\" \/><\/span><\/span><\/span>\n<\/h4>\n<h4>Yes, I authorize the sending of informative electronic communications by postal mail, fax, email, whatsapp or any other equivalent electronic means.<span class=\"wpcf7-form-control-wrap\" data-name=\"acceptance-34\"><span class=\"wpcf7-form-control wpcf7-acceptance\"><span class=\"wpcf7-list-item\"><input type=\"checkbox\" name=\"acceptance-34\" value=\"1\" aria-invalid=\"false\" \/><\/span><\/span><\/span>\n<\/h4>\n<h5><a href=\"https:\/\/www.notio.es\/wp-content\/uploads\/2019\/03\/Simply-Info.jpg\" rel=\"prettyPhoto\">SIMPLIFIED INFORMATION ON DATA PROTECTION<\/a>\n<\/h5>\n<p>\n\n<\/p>\n<p><input class=\"wpcf7-form-control wpcf7-submit has-spinner\" type=\"submit\" value=\"Send\" \/>\n<\/p><p style=\"display: none !important;\" class=\"akismet-fields-container\" data-prefix=\"_wpcf7_ak_\"><label>&#916;<textarea name=\"_wpcf7_ak_hp_textarea\" cols=\"45\" rows=\"8\" maxlength=\"100\"><\/textarea><\/label><input type=\"hidden\" id=\"ak_js_1\" name=\"_wpcf7_ak_js\" value=\"152\"\/><script>document.getElementById( \"ak_js_1\" ).setAttribute( \"value\", ( new Date() ).getTime() );<\/script><\/p><div class=\"fusion-alert alert custom alert-custom fusion-alert-center wpcf7-response-output fusion-alert-capitalize awb-alert-native-link-color alert-dismissable awb-alert-close-boxed\" style=\"--awb-border-size:1px;--awb-border-top-left-radius:0px;--awb-border-top-right-radius:0px;--awb-border-bottom-left-radius:0px;--awb-border-bottom-right-radius:0px;\" role=\"alert\"><div class=\"fusion-alert-content-wrapper\"><span class=\"fusion-alert-content\"><\/span><\/div><button type=\"button\" class=\"close toggle-alert\" data-dismiss=\"alert\" aria-label=\"Close\">&times;<\/button><\/div>\n<\/form>\n<\/div>\n\n<\/div><div class=\"fusion-clearfix\"><\/div><\/div><\/div><div class=\"fusion-layout-column fusion_builder_column fusion-builder-column-1 fusion_builder_column_1_2 1_2 fusion-one-half fusion-column-last\" style=\"--awb-bg-size:cover;width:50%;width:calc(50% - ( ( 4% ) * 0.5 ) );\"><div class=\"fusion-column-wrapper fusion-flex-column-wrapper-legacy\"><div class=\"fusion-reading-box-container reading-box-container-1\" style=\"--awb-title-color:#333333;--awb-margin-top:0px;--awb-margin-bottom:20px;\"><div class=\"reading-box\" style=\"background-color:#f6f6f6;border-width:1px;border-color:#f6f6f6;border-left-width:3px;border-left-color:var(--primary_color);border-style:solid;\"><div class=\"fusion-reading-box-flex\"><h2>Located in Toledo, with availability to develop our activity anywhere in the world.<\/h2><\/div><\/div><svg style=\"opacity:0.70;\" xmlns=\"http:\/\/www.w3.org\/2000\/svg\" version=\"1.1\" width=\"100%\" viewBox=\"0 0 600 28\" preserveAspectRatio=\"none\"><g clip-path=\"url(#a)\"><mask id=\"b\" style=\"mask-type:luminance\" maskUnits=\"userSpaceOnUse\" x=\"0\" y=\"0\" width=\"600\" height=\"28\"><path d=\"M0 0h600v28H0V0Z\" fill=\"#fff\"\/><\/mask><g filter=\"url(#c)\" mask=\"url(#b)\"><path d=\"M16.439-18.667h567.123v30.8S438.961-8.4 300-8.4C161.04-8.4 16.438 12.133 16.438 12.133v-30.8Z\" fill=\"#000\"\/><\/g><\/g><defs><clipPath id=\"a\"><path fill=\"#fff\" d=\"M0 0h600v28H0z\"\/><\/clipPath><filter id=\"c\" x=\"5.438\" y=\"-29.667\" width=\"589.123\" height=\"52.8\" filterUnits=\"userSpaceOnUse\" color-interpolation-filters=\"sRGB\"><feFlood flood-opacity=\"0\" result=\"BackgroundImageFix\"\/><feBlend in=\"SourceGraphic\" in2=\"BackgroundImageFix\" result=\"shape\"\/><feGaussianBlur stdDeviation=\"5.5\" result=\"effect1_foregroundBlur_3983_183\"\/><\/filter><\/defs><\/svg><\/div><iframe src=\"https:\/\/www.google.com\/maps\/embed?pb=!1m18!1m12!1m3!1d3062.4005768764027!2d-3.9600575846942703!3d39.86526429691694!2m3!1f0!2f0!3f0!3m2!1i1024!2i768!4f13.1!3m3!1m2!1s0xd6a090f7829b93f%3A0x9f0263d0ba8425cb!2sCentro+Tecnol%C3%B3gico+de+la+Arcilla+Cocida!5e0!3m2!1ses!2suk!4v1540196126202\" width=\"600\" height=\"350\" frameborder=\"0\" style=\"border:0\" allowfullscreen><\/iframe><div class=\"fusion-clearfix\"><\/div><\/div><\/div><\/div><\/div>\n","protected":false},"excerpt":{"rendered":"","protected":false},"author":1,"featured_media":0,"parent":0,"menu_order":0,"comment_status":"closed","ping_status":"closed","template":"","meta":{"_joinchat":[],"footnotes":""},"class_list":["post-138","page","type-page","status-publish","hentry"],"yoast_head":"<!-- This site is optimized with the Yoast SEO plugin v26.4 - https:\/\/yoast.com\/wordpress\/plugins\/seo\/ -->\n<title>Contact - Laboratorio materiales de construcci\u00f3n, Servicios, I+D, CTAC, Asociaci\u00f3n Notio<\/title>\n<meta name=\"description\" content=\"Located in Toledo, with availability to develop our activity anywhere in the world.\" \/>\n<meta name=\"robots\" content=\"index, follow, max-snippet:-1, max-image-preview:large, max-video-preview:-1\" \/>\n<link rel=\"canonical\" href=\"https:\/\/www.notio.es\/en\/contact-notio\/\" \/>\n<meta property=\"og:locale\" content=\"en_US\" \/>\n<meta property=\"og:type\" content=\"article\" \/>\n<meta property=\"og:title\" content=\"Contact - Laboratorio materiales de construcci\u00f3n, Servicios, I+D, CTAC, Asociaci\u00f3n Notio\" \/>\n<meta property=\"og:description\" content=\"Located in Toledo, with availability to develop our activity anywhere in the world.\" \/>\n<meta property=\"og:url\" content=\"https:\/\/www.notio.es\/en\/contact-notio\/\" \/>\n<meta property=\"og:site_name\" content=\"Laboratorio materiales de construcci\u00f3n, Servicios, I+D, CTAC, Asociaci\u00f3n Notio\" \/>\n<meta property=\"article:publisher\" content=\"https:\/\/www.facebook.com\/www.notio.es\" \/>\n<meta property=\"article:modified_time\" content=\"2018-10-22T08:18:12+00:00\" \/>\n<meta name=\"twitter:card\" content=\"summary_large_image\" \/>\n<meta name=\"twitter:site\" content=\"@NOTIO2016\" \/>\n<meta name=\"twitter:label1\" content=\"Est. reading time\" \/>\n\t<meta name=\"twitter:data1\" content=\"2 minutes\" \/>\n<script type=\"application\/ld+json\" class=\"yoast-schema-graph\">{\"@context\":\"https:\/\/schema.org\",\"@graph\":[{\"@type\":\"WebPage\",\"@id\":\"https:\/\/www.notio.es\/en\/contact-notio\/\",\"url\":\"https:\/\/www.notio.es\/en\/contact-notio\/\",\"name\":\"Contact - Laboratorio materiales de construcci\u00f3n, Servicios, I+D, CTAC, Asociaci\u00f3n Notio\",\"isPartOf\":{\"@id\":\"https:\/\/www.notio.es\/#website\"},\"datePublished\":\"2016-04-12T08:19:55+00:00\",\"dateModified\":\"2018-10-22T08:18:12+00:00\",\"description\":\"Located in Toledo, with availability to develop our activity anywhere in the world.\",\"inLanguage\":\"en-US\",\"potentialAction\":[{\"@type\":\"ReadAction\",\"target\":[\"https:\/\/www.notio.es\/en\/contact-notio\/\"]}]},{\"@type\":\"WebSite\",\"@id\":\"https:\/\/www.notio.es\/#website\",\"url\":\"https:\/\/www.notio.es\/\",\"name\":\"Laboratorio materiales de construcci\u00f3n, Servicios, I+D, CTAC, Asociaci\u00f3n Notio\",\"description\":\"Asociaci\u00f3n NOTIO - Centro Tecnol\u00f3gico de Actividades de la Construcci\u00f3n (CTAC). Laboratorio materiales de construcci\u00f3n, Servicios, I+D\",\"publisher\":{\"@id\":\"https:\/\/www.notio.es\/#organization\"},\"potentialAction\":[{\"@type\":\"SearchAction\",\"target\":{\"@type\":\"EntryPoint\",\"urlTemplate\":\"https:\/\/www.notio.es\/?s={search_term_string}\"},\"query-input\":{\"@type\":\"PropertyValueSpecification\",\"valueRequired\":true,\"valueName\":\"search_term_string\"}}],\"inLanguage\":\"en-US\"},{\"@type\":\"Organization\",\"@id\":\"https:\/\/www.notio.es\/#organization\",\"name\":\"Laboratorio materiales de construcci\u00f3n, Servicios, I+D, CTAC, Asociaci\u00f3n Notio\",\"url\":\"https:\/\/www.notio.es\/\",\"logo\":{\"@type\":\"ImageObject\",\"inLanguage\":\"en-US\",\"@id\":\"https:\/\/www.notio.es\/#\/schema\/logo\/image\/\",\"url\":\"https:\/\/www.notio.es\/wp-content\/uploads\/2015\/02\/Logo-Notio2.jpg\",\"contentUrl\":\"https:\/\/www.notio.es\/wp-content\/uploads\/2015\/02\/Logo-Notio2.jpg\",\"width\":1920,\"height\":1357,\"caption\":\"Laboratorio materiales de construcci\u00f3n, Servicios, I+D, CTAC, Asociaci\u00f3n Notio\"},\"image\":{\"@id\":\"https:\/\/www.notio.es\/#\/schema\/logo\/image\/\"},\"sameAs\":[\"https:\/\/www.facebook.com\/www.notio.es\",\"https:\/\/x.com\/NOTIO2016\"]}]}<\/script>\n<!-- \/ Yoast SEO plugin. -->","yoast_head_json":{"title":"Contact - Laboratorio materiales de construcci\u00f3n, Servicios, I+D, CTAC, Asociaci\u00f3n Notio","description":"Located in Toledo, with availability to develop our activity anywhere in the world.","robots":{"index":"index","follow":"follow","max-snippet":"max-snippet:-1","max-image-preview":"max-image-preview:large","max-video-preview":"max-video-preview:-1"},"canonical":"https:\/\/www.notio.es\/en\/contact-notio\/","og_locale":"en_US","og_type":"article","og_title":"Contact - Laboratorio materiales de construcci\u00f3n, Servicios, I+D, CTAC, Asociaci\u00f3n Notio","og_description":"Located in Toledo, with availability to develop our activity anywhere in the world.","og_url":"https:\/\/www.notio.es\/en\/contact-notio\/","og_site_name":"Laboratorio materiales de construcci\u00f3n, Servicios, I+D, CTAC, Asociaci\u00f3n Notio","article_publisher":"https:\/\/www.facebook.com\/www.notio.es","article_modified_time":"2018-10-22T08:18:12+00:00","twitter_card":"summary_large_image","twitter_site":"@NOTIO2016","twitter_misc":{"Est. reading time":"2 minutes"},"schema":{"@context":"https:\/\/schema.org","@graph":[{"@type":"WebPage","@id":"https:\/\/www.notio.es\/en\/contact-notio\/","url":"https:\/\/www.notio.es\/en\/contact-notio\/","name":"Contact - Laboratorio materiales de construcci\u00f3n, Servicios, I+D, CTAC, Asociaci\u00f3n Notio","isPartOf":{"@id":"https:\/\/www.notio.es\/#website"},"datePublished":"2016-04-12T08:19:55+00:00","dateModified":"2018-10-22T08:18:12+00:00","description":"Located in Toledo, with availability to develop our activity anywhere in the world.","inLanguage":"en-US","potentialAction":[{"@type":"ReadAction","target":["https:\/\/www.notio.es\/en\/contact-notio\/"]}]},{"@type":"WebSite","@id":"https:\/\/www.notio.es\/#website","url":"https:\/\/www.notio.es\/","name":"Laboratorio materiales de construcci\u00f3n, Servicios, I+D, CTAC, Asociaci\u00f3n Notio","description":"Asociaci\u00f3n NOTIO - Centro Tecnol\u00f3gico de Actividades de la Construcci\u00f3n (CTAC). Laboratorio materiales de construcci\u00f3n, Servicios, I+D","publisher":{"@id":"https:\/\/www.notio.es\/#organization"},"potentialAction":[{"@type":"SearchAction","target":{"@type":"EntryPoint","urlTemplate":"https:\/\/www.notio.es\/?s={search_term_string}"},"query-input":{"@type":"PropertyValueSpecification","valueRequired":true,"valueName":"search_term_string"}}],"inLanguage":"en-US"},{"@type":"Organization","@id":"https:\/\/www.notio.es\/#organization","name":"Laboratorio materiales de construcci\u00f3n, Servicios, I+D, CTAC, Asociaci\u00f3n Notio","url":"https:\/\/www.notio.es\/","logo":{"@type":"ImageObject","inLanguage":"en-US","@id":"https:\/\/www.notio.es\/#\/schema\/logo\/image\/","url":"https:\/\/www.notio.es\/wp-content\/uploads\/2015\/02\/Logo-Notio2.jpg","contentUrl":"https:\/\/www.notio.es\/wp-content\/uploads\/2015\/02\/Logo-Notio2.jpg","width":1920,"height":1357,"caption":"Laboratorio materiales de construcci\u00f3n, Servicios, I+D, CTAC, Asociaci\u00f3n Notio"},"image":{"@id":"https:\/\/www.notio.es\/#\/schema\/logo\/image\/"},"sameAs":["https:\/\/www.facebook.com\/www.notio.es","https:\/\/x.com\/NOTIO2016"]}]}},"_links":{"self":[{"href":"https:\/\/www.notio.es\/en\/wp-json\/wp\/v2\/pages\/138","targetHints":{"allow":["GET"]}}],"collection":[{"href":"https:\/\/www.notio.es\/en\/wp-json\/wp\/v2\/pages"}],"about":[{"href":"https:\/\/www.notio.es\/en\/wp-json\/wp\/v2\/types\/page"}],"author":[{"embeddable":true,"href":"https:\/\/www.notio.es\/en\/wp-json\/wp\/v2\/users\/1"}],"replies":[{"embeddable":true,"href":"https:\/\/www.notio.es\/en\/wp-json\/wp\/v2\/comments?post=138"}],"version-history":[{"count":4,"href":"https:\/\/www.notio.es\/en\/wp-json\/wp\/v2\/pages\/138\/revisions"}],"predecessor-version":[{"id":1646,"href":"https:\/\/www.notio.es\/en\/wp-json\/wp\/v2\/pages\/138\/revisions\/1646"}],"wp:attachment":[{"href":"https:\/\/www.notio.es\/en\/wp-json\/wp\/v2\/media?parent=138"}],"curies":[{"name":"wp","href":"https:\/\/api.w.org\/{rel}","templated":true}]}}