{"id":111,"date":"2016-04-12T07:13:38","date_gmt":"2016-04-12T07:13:38","guid":{"rendered":"https:\/\/www.notio.es\/?page_id=111&#038;lang=en"},"modified":"2023-02-16T11:28:19","modified_gmt":"2023-02-16T10:28:19","slug":"association-notio-ctac","status":"publish","type":"page","link":"https:\/\/www.notio.es\/en\/","title":{"rendered":"Asociaci\u00f3n Notio"},"content":{"rendered":"<div class=\"fusion-fullwidth fullwidth-box fusion-builder-row-1 nonhundred-percent-fullwidth non-hundred-percent-height-scrolling\" style=\"--awb-border-radius-top-left:0px;--awb-border-radius-top-right:0px;--awb-border-radius-bottom-right:0px;--awb-border-radius-bottom-left:0px;--awb-margin-top:20px;--awb-margin-bottom:0px;--awb-flex-wrap:wrap;\" ><div class=\"fusion-builder-row fusion-row\"><div class=\"fusion-layout-column fusion_builder_column fusion-builder-column-0 fusion_builder_column_1_1 1_1 fusion-one-full fusion-column-first fusion-column-last\" style=\"--awb-bg-size:cover;--awb-margin-bottom:0px;\"><div class=\"fusion-column-wrapper fusion-flex-column-wrapper-legacy\"><div class=\"fusion-content-boxes content-boxes columns row fusion-columns-4 fusion-columns-total-4 fusion-content-boxes-1 content-boxes-icon-boxed content-left\" style=\"--awb-backgroundcolor:rgba(187,200,208,0.74);--awb-title-color:#891c77;--awb-margin-bottom:0px;--awb-hover-accent-color:#891c77;--awb-circle-hover-accent-color:#891c77;\" data-animationOffset=\"top-into-view\"><div style=\"--awb-backgroundcolor:rgba(187,200,208,0.74);\" class=\"fusion-column content-box-column content-box-column content-box-column-1 col-lg-3 col-md-3 col-sm-3 fusion-content-box-hover content-box-column-first-in-row\"><div class=\"col content-box-wrapper content-wrapper-background content-wrapper-boxed link-area-link-icon icon-hover-animation-fade\" data-animationOffset=\"top-into-view\"><div class=\"heading heading-with-icon icon-left\"><div style=\"margin-left:-57.5px;top:-107.5px;\" aria-hidden=\"true\" class=\"image\"><img decoding=\"async\" src=\"https:\/\/www.notio.es\/wp-content\/uploads\/2023\/02\/La-Compania-1.png\" width=\"115\" height=\"115\" alt=\"\" \/><\/div><\/div><div class=\"fusion-clearfix\"><\/div><div class=\"content-container\">\n<h2><strong>Association<\/strong><\/h2>\n<p>NOTIO, team of professionals specialized in consulting and development of own I+D in materials and technology.<\/p>\n<div class=\"fusion-button-wrapper\"><a class=\"fusion-button button-flat fusion-button-default-size button-default fusion-button-default button-1 fusion-button-default-span fusion-button-default-type\" target=\"_self\" href=\"https:\/\/www.notio.es\/en\/association\/\"><span class=\"fusion-button-text awb-button__text awb-button__text--default\">MORE INFO<\/span><\/a><\/div>\n<\/div><\/div><\/div><div style=\"--awb-backgroundcolor:rgba(187,200,208,0.74);\" class=\"fusion-column content-box-column content-box-column content-box-column-2 col-lg-3 col-md-3 col-sm-3 fusion-content-box-hover \"><div class=\"col content-box-wrapper content-wrapper-background content-wrapper-boxed link-area-link-icon icon-hover-animation-fade\" data-animationOffset=\"top-into-view\"><div class=\"heading heading-with-icon icon-left\"><div style=\"margin-left:-57.5px;top:-107.5px;\" aria-hidden=\"true\" class=\"image\"><img decoding=\"async\" src=\"https:\/\/www.notio.es\/wp-content\/uploads\/2018\/10\/Laboratorios.png\" width=\"115\" height=\"115\" alt=\"\" \/><\/div><\/div><div class=\"fusion-clearfix\"><\/div><div class=\"content-container\">\n<h2><strong>Construction Materials Laboratories<\/strong><\/h2>\n<p>Accredited by ENAC (National Entity of Accreditation) with <a href=\"https:\/\/www.notio.es\/wp-content\/uploads\/2018\/02\/CERT_3127_LE_2422_rev0-3.pdf\" target=\"_blank\" rel=\"noopener\">number of accreditation: N\u00ba: 1287\/LE2422<\/a> in accordance with EN ISO\/IEC 17025 standard.<\/p>\n<div class=\"fusion-button-wrapper\"><a class=\"fusion-button button-flat fusion-button-default-size button-default fusion-button-default button-2 fusion-button-default-span fusion-button-default-type\" target=\"_self\" href=\"https:\/\/www.notio.es\/en\/laboratories\/\"><span class=\"fusion-button-text awb-button__text awb-button__text--default\">MORE INFO<\/span><\/a><\/div>\n<\/div><\/div><\/div><div style=\"--awb-backgroundcolor:rgba(187,200,208,0.74);\" class=\"fusion-column content-box-column content-box-column content-box-column-3 col-lg-3 col-md-3 col-sm-3 fusion-content-box-hover \"><div class=\"col content-box-wrapper content-wrapper-background content-wrapper-boxed link-area-link-icon icon-hover-animation-fade\" data-animationOffset=\"top-into-view\"><div class=\"heading heading-with-icon icon-left\"><div style=\"margin-left:-57.5px;top:-107.5px;\" aria-hidden=\"true\" class=\"image\"><img decoding=\"async\" src=\"https:\/\/www.notio.es\/wp-content\/uploads\/2018\/10\/Servicios.png\" width=\"115\" height=\"115\" alt=\"\" \/><\/div><\/div><div class=\"fusion-clearfix\"><\/div><div class=\"content-container\">\n<h2><strong>Services<\/strong><\/h2>\n<p>Consulting services in I+D to companies and research organizations, helping to grow through innovation.<\/p>\n<div class=\"fusion-button-wrapper\"><a class=\"fusion-button button-flat fusion-button-default-size button-default fusion-button-default button-3 fusion-button-default-span fusion-button-default-type\" target=\"_self\" href=\"https:\/\/www.notio.es\/en\/services\/\"><span class=\"fusion-button-text awb-button__text awb-button__text--default\">MORE INFO<\/span><\/a><\/div><\/div><\/div><\/div><div style=\"--awb-backgroundcolor:rgba(187,200,208,0.74);\" class=\"fusion-column content-box-column content-box-column content-box-column-4 col-lg-3 col-md-3 col-sm-3 fusion-content-box-hover content-box-column-last content-box-column-last-in-row\"><div class=\"col content-box-wrapper content-wrapper-background content-wrapper-boxed link-area-link-icon icon-hover-animation-fade\" data-animationOffset=\"top-into-view\"><div class=\"heading heading-with-icon icon-left\"><div style=\"margin-left:-57.5px;top:-107.5px;\" aria-hidden=\"true\" class=\"image\"><img decoding=\"async\" src=\"https:\/\/www.notio.es\/wp-content\/uploads\/2018\/10\/IDI.png\" width=\"115\" height=\"115\" alt=\"\" \/><\/div><\/div><div class=\"fusion-clearfix\"><\/div><div class=\"content-container\">\n<h2><strong>R+D+I<\/strong><\/h2>\n<p>Execution projects of R+D+i, regional, national and international (LIFE, Marco, Horizon 2020, RFCS, etc.).<\/p>\n<div class=\"fusion-button-wrapper\"><a class=\"fusion-button button-flat fusion-button-default-size button-default fusion-button-default button-4 fusion-button-default-span fusion-button-default-type\" target=\"_self\" href=\"https:\/\/www.notio.es\/en\/rdi\/\"><span class=\"fusion-button-text awb-button__text awb-button__text--default\">MORE INFO<\/span><\/a><\/div><\/div><\/div><\/div><div class=\"fusion-clearfix\"><\/div><\/div><div class=\"fusion-clearfix\"><\/div><\/div><\/div><\/div><\/div>\n","protected":false},"excerpt":{"rendered":"","protected":false},"author":1,"featured_media":0,"parent":0,"menu_order":0,"comment_status":"closed","ping_status":"closed","template":"","meta":{"_joinchat":[],"footnotes":""},"class_list":["post-111","page","type-page","status-publish","hentry"],"yoast_head":"<!-- This site is optimized with the Yoast SEO plugin v26.4 - https:\/\/yoast.com\/wordpress\/plugins\/seo\/ -->\n<title>NOTIO-CTAC Association<\/title>\n<meta name=\"description\" content=\"Notio-CTAC Association\" \/>\n<meta name=\"robots\" content=\"index, follow, max-snippet:-1, max-image-preview:large, max-video-preview:-1\" \/>\n<link rel=\"canonical\" href=\"https:\/\/www.notio.es\/en\/\" \/>\n<meta property=\"og:locale\" content=\"en_US\" \/>\n<meta property=\"og:type\" content=\"article\" \/>\n<meta property=\"og:title\" content=\"NOTIO-CTAC Association\" \/>\n<meta property=\"og:description\" content=\"Notio-CTAC Association\" \/>\n<meta property=\"og:url\" content=\"https:\/\/www.notio.es\/en\/\" \/>\n<meta property=\"og:site_name\" content=\"Laboratorio materiales de construcci\u00f3n, Servicios, I+D, CTAC, Asociaci\u00f3n Notio\" \/>\n<meta property=\"article:publisher\" content=\"https:\/\/www.facebook.com\/www.notio.es\" \/>\n<meta property=\"article:modified_time\" content=\"2023-02-16T10:28:19+00:00\" \/>\n<meta name=\"twitter:card\" content=\"summary_large_image\" \/>\n<meta name=\"twitter:site\" content=\"@NOTIO2016\" \/>\n<meta name=\"twitter:label1\" content=\"Est. reading time\" \/>\n\t<meta name=\"twitter:data1\" content=\"2 minutes\" \/>\n<script type=\"application\/ld+json\" class=\"yoast-schema-graph\">{\"@context\":\"https:\/\/schema.org\",\"@graph\":[{\"@type\":\"WebPage\",\"@id\":\"https:\/\/www.notio.es\/en\/\",\"url\":\"https:\/\/www.notio.es\/en\/\",\"name\":\"NOTIO-CTAC Association\",\"isPartOf\":{\"@id\":\"https:\/\/www.notio.es\/#website\"},\"datePublished\":\"2016-04-12T07:13:38+00:00\",\"dateModified\":\"2023-02-16T10:28:19+00:00\",\"description\":\"Notio-CTAC Association\",\"inLanguage\":\"en-US\",\"potentialAction\":[{\"@type\":\"ReadAction\",\"target\":[\"https:\/\/www.notio.es\/en\/\"]}]},{\"@type\":\"WebSite\",\"@id\":\"https:\/\/www.notio.es\/#website\",\"url\":\"https:\/\/www.notio.es\/\",\"name\":\"Laboratorio materiales de construcci\u00f3n, Servicios, I+D, CTAC, Asociaci\u00f3n Notio\",\"description\":\"Asociaci\u00f3n NOTIO - Centro Tecnol\u00f3gico de Actividades de la Construcci\u00f3n (CTAC). Laboratorio materiales de construcci\u00f3n, Servicios, I+D\",\"publisher\":{\"@id\":\"https:\/\/www.notio.es\/#organization\"},\"potentialAction\":[{\"@type\":\"SearchAction\",\"target\":{\"@type\":\"EntryPoint\",\"urlTemplate\":\"https:\/\/www.notio.es\/?s={search_term_string}\"},\"query-input\":{\"@type\":\"PropertyValueSpecification\",\"valueRequired\":true,\"valueName\":\"search_term_string\"}}],\"inLanguage\":\"en-US\"},{\"@type\":\"Organization\",\"@id\":\"https:\/\/www.notio.es\/#organization\",\"name\":\"Laboratorio materiales de construcci\u00f3n, Servicios, I+D, CTAC, Asociaci\u00f3n Notio\",\"url\":\"https:\/\/www.notio.es\/\",\"logo\":{\"@type\":\"ImageObject\",\"inLanguage\":\"en-US\",\"@id\":\"https:\/\/www.notio.es\/#\/schema\/logo\/image\/\",\"url\":\"https:\/\/www.notio.es\/wp-content\/uploads\/2015\/02\/Logo-Notio2.jpg\",\"contentUrl\":\"https:\/\/www.notio.es\/wp-content\/uploads\/2015\/02\/Logo-Notio2.jpg\",\"width\":1920,\"height\":1357,\"caption\":\"Laboratorio materiales de construcci\u00f3n, Servicios, I+D, CTAC, Asociaci\u00f3n Notio\"},\"image\":{\"@id\":\"https:\/\/www.notio.es\/#\/schema\/logo\/image\/\"},\"sameAs\":[\"https:\/\/www.facebook.com\/www.notio.es\",\"https:\/\/x.com\/NOTIO2016\"]}]}<\/script>\n<!-- \/ Yoast SEO plugin. -->","yoast_head_json":{"title":"NOTIO-CTAC Association","description":"Notio-CTAC Association","robots":{"index":"index","follow":"follow","max-snippet":"max-snippet:-1","max-image-preview":"max-image-preview:large","max-video-preview":"max-video-preview:-1"},"canonical":"https:\/\/www.notio.es\/en\/","og_locale":"en_US","og_type":"article","og_title":"NOTIO-CTAC Association","og_description":"Notio-CTAC Association","og_url":"https:\/\/www.notio.es\/en\/","og_site_name":"Laboratorio materiales de construcci\u00f3n, Servicios, I+D, CTAC, Asociaci\u00f3n Notio","article_publisher":"https:\/\/www.facebook.com\/www.notio.es","article_modified_time":"2023-02-16T10:28:19+00:00","twitter_card":"summary_large_image","twitter_site":"@NOTIO2016","twitter_misc":{"Est. reading time":"2 minutes"},"schema":{"@context":"https:\/\/schema.org","@graph":[{"@type":"WebPage","@id":"https:\/\/www.notio.es\/en\/","url":"https:\/\/www.notio.es\/en\/","name":"NOTIO-CTAC Association","isPartOf":{"@id":"https:\/\/www.notio.es\/#website"},"datePublished":"2016-04-12T07:13:38+00:00","dateModified":"2023-02-16T10:28:19+00:00","description":"Notio-CTAC Association","inLanguage":"en-US","potentialAction":[{"@type":"ReadAction","target":["https:\/\/www.notio.es\/en\/"]}]},{"@type":"WebSite","@id":"https:\/\/www.notio.es\/#website","url":"https:\/\/www.notio.es\/","name":"Laboratorio materiales de construcci\u00f3n, Servicios, I+D, CTAC, Asociaci\u00f3n Notio","description":"Asociaci\u00f3n NOTIO - Centro Tecnol\u00f3gico de Actividades de la Construcci\u00f3n (CTAC). Laboratorio materiales de construcci\u00f3n, Servicios, I+D","publisher":{"@id":"https:\/\/www.notio.es\/#organization"},"potentialAction":[{"@type":"SearchAction","target":{"@type":"EntryPoint","urlTemplate":"https:\/\/www.notio.es\/?s={search_term_string}"},"query-input":{"@type":"PropertyValueSpecification","valueRequired":true,"valueName":"search_term_string"}}],"inLanguage":"en-US"},{"@type":"Organization","@id":"https:\/\/www.notio.es\/#organization","name":"Laboratorio materiales de construcci\u00f3n, Servicios, I+D, CTAC, Asociaci\u00f3n Notio","url":"https:\/\/www.notio.es\/","logo":{"@type":"ImageObject","inLanguage":"en-US","@id":"https:\/\/www.notio.es\/#\/schema\/logo\/image\/","url":"https:\/\/www.notio.es\/wp-content\/uploads\/2015\/02\/Logo-Notio2.jpg","contentUrl":"https:\/\/www.notio.es\/wp-content\/uploads\/2015\/02\/Logo-Notio2.jpg","width":1920,"height":1357,"caption":"Laboratorio materiales de construcci\u00f3n, Servicios, I+D, CTAC, Asociaci\u00f3n Notio"},"image":{"@id":"https:\/\/www.notio.es\/#\/schema\/logo\/image\/"},"sameAs":["https:\/\/www.facebook.com\/www.notio.es","https:\/\/x.com\/NOTIO2016"]}]}},"_links":{"self":[{"href":"https:\/\/www.notio.es\/en\/wp-json\/wp\/v2\/pages\/111","targetHints":{"allow":["GET"]}}],"collection":[{"href":"https:\/\/www.notio.es\/en\/wp-json\/wp\/v2\/pages"}],"about":[{"href":"https:\/\/www.notio.es\/en\/wp-json\/wp\/v2\/types\/page"}],"author":[{"embeddable":true,"href":"https:\/\/www.notio.es\/en\/wp-json\/wp\/v2\/users\/1"}],"replies":[{"embeddable":true,"href":"https:\/\/www.notio.es\/en\/wp-json\/wp\/v2\/comments?post=111"}],"version-history":[{"count":9,"href":"https:\/\/www.notio.es\/en\/wp-json\/wp\/v2\/pages\/111\/revisions"}],"predecessor-version":[{"id":3795,"href":"https:\/\/www.notio.es\/en\/wp-json\/wp\/v2\/pages\/111\/revisions\/3795"}],"wp:attachment":[{"href":"https:\/\/www.notio.es\/en\/wp-json\/wp\/v2\/media?parent=111"}],"curies":[{"name":"wp","href":"https:\/\/api.w.org\/{rel}","templated":true}]}}